{"id":3829,"date":"2025-06-09T09:06:38","date_gmt":"2025-06-09T07:06:38","guid":{"rendered":"https:\/\/www.malasmora.si\/?post_type=product&#038;p=3829"},"modified":"2025-11-08T12:48:16","modified_gmt":"2025-11-08T10:48:16","slug":"buttercup_heartshape_necklace","status":"publish","type":"product","link":"https:\/\/www.malasmora.si\/hr\/proizvod\/buttercup_heartshape_necklace\/","title":{"rendered":"Ogrlica od cvijeta ljuti\u0107a u obliku srca"},"content":{"rendered":"<p>Ogrlica v obliki srca, izdelana iz pravega stisnjenega divjega cveta zlatice, ulitega v kristalno \u010disto smolo, na veri\u017eici iz nerjave\u010dega jekla. <img decoding=\"async\" class=\"emoji\" role=\"img\" draggable=\"false\" src=\"https:\/\/s.w.org\/images\/core\/emoji\/15.1.0\/svg\/1f33c.svg\" alt=\"\ud83c\udf3c\" \/><\/p>\n<p>Sve moje kreacije od smole izra\u0111ene su od pravog suhog i prirodno pre\u0161anog lokalnog cvije\u0107a. Pa\u017eljivo ih ru\u010dno berem, pre\u0161am, su\u0161im i konzerviram u vi\u0161e slojeva smole.<\/p>\n<p>\ud83d\udcaeOvo je savr\u0161ena ogrlica od pravog cvije\u0107a koja \u0107e vas ponovno povezati s Majkom Prirodom!\ud83d\udcae<\/p>\n<p>\ud83d\udca5Ogrlica dolazi u prekrasnoj poklon kutiji i spremna je za poklon.<\/p>\n<p>\ud83d\udcd0Dimenzije:<br \/>\nLanac od nehr\u0111aju\u0107eg \u010delika dug je 50 cm (19,69\u2033).<br \/>\nObesek je 3.5 x 3.5 cm (1.38&#8243; x 1.38&#8243;)<\/p>\n<p><img decoding=\"async\" class=\"emoji\" role=\"img\" draggable=\"false\" src=\"https:\/\/s.w.org\/images\/core\/emoji\/15.0.3\/svg\/1f496.svg\" alt=\"\ud83d\udc96\" \/> NJEGA ZA RU\u010cNO IZRA\u0110ENI NAKIT <img decoding=\"async\" class=\"emoji\" role=\"img\" draggable=\"false\" src=\"https:\/\/s.w.org\/images\/core\/emoji\/15.0.3\/svg\/1f496.svg\" alt=\"\ud83d\udc96\" \/><br \/>\nMolimo \u010duvajte na suhom mjestu i izbjegavajte dugotrajnu izravnu sun\u010devu svjetlost, vodu, kemikalije i parfeme kako biste sa\u010duvali i odr\u017eali ljepotu nakita.<\/p>\n<p>\ud83d\udd36Sve svoje proizvode izra\u0111ujem ru\u010dno, tako da nijedan komad nije potpuno isti. Tako\u0111er, zbog ru\u010dne izrade, uvijek postoji mogu\u0107nost malih nepravilnosti i mjehuri\u0107a. To nije nedostatak, ve\u0107 dio \u0161arma i jedinstvenosti.<\/p>\n<p>\ud83d\udd36Boja se mo\u017ee neznatno razlikovati na nekim monitorima zbog razli\u010ditih postavki slike.<\/p>\n<p>\ud83d\uded2 Za odgovaraju\u0107e nau\u0161nice slijedite ovu poveznicu:<br \/>\n<a href=\"https:\/\/www.malasmora.si\/hr\/proizvod\/real_buttercup_earrings\/\" target=\"_blank\" rel=\"noopener\">https:\/\/www.malasmora.si\/izdelek\/real_buttercup_earrings\/<\/a><\/p>","protected":false},"excerpt":{"rendered":"<p>Ogrlica v obliki srca, izdelana iz pravega stisnjenega divjega cveta zlatice, ulitega v kristalno \u010disto smolo, na veri\u017eici iz nerjave\u010dega jekla. Vse moje kreacije iz smole so narejene iz pravega posu\u0161enega in naravno stisnjenega lokalnega cvetja. Skrbno jih ro\u010dno naberem, stisnem, posu\u0161im in konzerviram v ve\u010d plasteh smole. \ud83d\udcaeTo je popolna ogrlica iz pravega cvetja,&#8230;<\/p>","protected":false},"featured_media":3830,"comment_status":"open","ping_status":"closed","template":"","meta":{"_kadence_starter_templates_imported_post":false,"_kad_post_transparent":"default","_kad_post_title":"","_kad_post_layout":"default","_kad_post_sidebar_id":"","_kad_post_content_style":"default","_kad_post_vertical_padding":"default","_kad_post_feature":"","_kad_post_feature_position":"","_kad_post_header":false,"_kad_post_footer":false},"product_brand":[],"product_cat":[20],"product_tag":[1024,1025,1026,67,60,59,1048,1022,1023,168],"class_list":{"0":"post-3829","1":"product","2":"type-product","3":"status-publish","4":"has-post-thumbnail","6":"product_cat-necklaces","7":"product_tag-botanic-resin-necklace-stainless-steel-chain","8":"product_tag-buttercup-resin-necklace","9":"product_tag-floral-resin-necklace","10":"product_tag-handmade_jewelry","11":"product_tag-handmade_necklace","12":"product_tag-handmade_pendant","13":"product_tag-heart-shape-floral-necklace","14":"product_tag-pressed-buttercup-flower-necklace","15":"product_tag-real-yellow-wildflower-resin-necklace","16":"product_tag-resin_necklace","18":"first","19":"instock","20":"taxable","21":"shipping-taxable","22":"purchasable","23":"product-type-simple","24":"entry","25":"content-bg","26":"loop-entry"},"yoast_head":"<!-- This site is optimized with the Yoast SEO plugin v26.6 - https:\/\/yoast.com\/wordpress\/plugins\/seo\/ -->\n<title>Ogrlica s cvetom zlatice v obliki srca - Mala s mora<\/title>\n<meta name=\"description\" content=\"Handmade pressed Buttercup flower heartshaped necklace, Ogrlica srce iz stisnjenega cveta zlatice v smoli, Ogrlica srce s cvijetom ljuti\u0107a u smoli\" \/>\n<meta name=\"robots\" content=\"index, follow, max-snippet:-1, max-image-preview:large, max-video-preview:-1\" \/>\n<link rel=\"canonical\" href=\"https:\/\/www.malasmora.si\/hr\/proizvod\/buttercup_heartshape_necklace\/\" \/>\n<meta property=\"og:locale\" content=\"hr_HR\" \/>\n<meta property=\"og:type\" content=\"article\" \/>\n<meta property=\"og:title\" content=\"Ogrlica s cvetom zlatice v obliki srca - Mala s mora\" \/>\n<meta property=\"og:description\" content=\"Handmade pressed Buttercup flower heartshaped necklace, Ogrlica srce iz stisnjenega cveta zlatice v smoli, Ogrlica srce s cvijetom ljuti\u0107a u smoli\" \/>\n<meta property=\"og:url\" content=\"https:\/\/www.malasmora.si\/hr\/proizvod\/buttercup_heartshape_necklace\/\" \/>\n<meta property=\"og:site_name\" content=\"Mala s mora\" \/>\n<meta property=\"article:publisher\" content=\"https:\/\/www.facebook.com\/MalaSMoraArt\/\" \/>\n<meta property=\"article:modified_time\" content=\"2025-11-08T10:48:16+00:00\" \/>\n<meta property=\"og:image\" content=\"https:\/\/www.malasmora.si\/wp-content\/uploads\/2025\/06\/buttercup_heartshape_resin_pendant_necklace_7-scaled.jpg\" \/>\n\t<meta property=\"og:image:width\" content=\"1920\" \/>\n\t<meta property=\"og:image:height\" content=\"2560\" \/>\n\t<meta property=\"og:image:type\" content=\"image\/jpeg\" \/>\n<meta name=\"twitter:card\" content=\"summary_large_image\" \/>\n<meta name=\"twitter:label1\" content=\"Procijenjeno vrijeme \u010ditanja\" \/>\n\t<meta name=\"twitter:data1\" content=\"2 minute\" \/>\n<script type=\"application\/ld+json\" class=\"yoast-schema-graph\">{\"@context\":\"https:\/\/schema.org\",\"@graph\":[{\"@type\":\"WebPage\",\"@id\":\"https:\/\/www.malasmora.si\/izdelek\/buttercup_heartshape_necklace\/\",\"url\":\"https:\/\/www.malasmora.si\/izdelek\/buttercup_heartshape_necklace\/\",\"name\":\"Ogrlica s cvetom zlatice v obliki srca - Mala s mora\",\"isPartOf\":{\"@id\":\"https:\/\/www.malasmora.si\/#website\"},\"primaryImageOfPage\":{\"@id\":\"https:\/\/www.malasmora.si\/izdelek\/buttercup_heartshape_necklace\/#primaryimage\"},\"image\":{\"@id\":\"https:\/\/www.malasmora.si\/izdelek\/buttercup_heartshape_necklace\/#primaryimage\"},\"thumbnailUrl\":\"https:\/\/www.malasmora.si\/wp-content\/uploads\/2025\/06\/buttercup_heartshape_resin_pendant_necklace_7-scaled.jpg\",\"datePublished\":\"2025-06-09T07:06:38+00:00\",\"dateModified\":\"2025-11-08T10:48:16+00:00\",\"description\":\"Handmade pressed Buttercup flower heartshaped necklace, Ogrlica srce iz stisnjenega cveta zlatice v smoli, Ogrlica srce s cvijetom ljuti\u0107a u smoli\",\"breadcrumb\":{\"@id\":\"https:\/\/www.malasmora.si\/izdelek\/buttercup_heartshape_necklace\/#breadcrumb\"},\"inLanguage\":\"hr\",\"potentialAction\":[{\"@type\":\"ReadAction\",\"target\":[\"https:\/\/www.malasmora.si\/izdelek\/buttercup_heartshape_necklace\/\"]}]},{\"@type\":\"ImageObject\",\"inLanguage\":\"hr\",\"@id\":\"https:\/\/www.malasmora.si\/izdelek\/buttercup_heartshape_necklace\/#primaryimage\",\"url\":\"https:\/\/www.malasmora.si\/wp-content\/uploads\/2025\/06\/buttercup_heartshape_resin_pendant_necklace_7-scaled.jpg\",\"contentUrl\":\"https:\/\/www.malasmora.si\/wp-content\/uploads\/2025\/06\/buttercup_heartshape_resin_pendant_necklace_7-scaled.jpg\",\"width\":1920,\"height\":2560,\"caption\":\"buttercup_heartshape_resin_pendant_necklace\"},{\"@type\":\"BreadcrumbList\",\"@id\":\"https:\/\/www.malasmora.si\/izdelek\/buttercup_heartshape_necklace\/#breadcrumb\",\"itemListElement\":[{\"@type\":\"ListItem\",\"position\":1,\"name\":\"Home\",\"item\":\"https:\/\/www.malasmora.si\/\"},{\"@type\":\"ListItem\",\"position\":2,\"name\":\"Shop\",\"item\":\"https:\/\/www.malasmora.si\/shop\/\"},{\"@type\":\"ListItem\",\"position\":3,\"name\":\"Ogrlica s cvetom zlatice v obliki srca\"}]},{\"@type\":\"WebSite\",\"@id\":\"https:\/\/www.malasmora.si\/#website\",\"url\":\"https:\/\/www.malasmora.si\/\",\"name\":\"Mala s mora\",\"description\":\"Ro\u010dno izdelan nakit iz epoksi smole\",\"publisher\":{\"@id\":\"https:\/\/www.malasmora.si\/#organization\"},\"potentialAction\":[{\"@type\":\"SearchAction\",\"target\":{\"@type\":\"EntryPoint\",\"urlTemplate\":\"https:\/\/www.malasmora.si\/?s={search_term_string}\"},\"query-input\":{\"@type\":\"PropertyValueSpecification\",\"valueRequired\":true,\"valueName\":\"search_term_string\"}}],\"inLanguage\":\"hr\"},{\"@type\":\"Organization\",\"@id\":\"https:\/\/www.malasmora.si\/#organization\",\"name\":\"Mala s mora\",\"url\":\"https:\/\/www.malasmora.si\/\",\"logo\":{\"@type\":\"ImageObject\",\"inLanguage\":\"hr\",\"@id\":\"https:\/\/www.malasmora.si\/#\/schema\/logo\/image\/\",\"url\":\"https:\/\/www.malasmora.si\/wp-content\/uploads\/2025\/07\/logo_novi_03.png\",\"contentUrl\":\"https:\/\/www.malasmora.si\/wp-content\/uploads\/2025\/07\/logo_novi_03.png\",\"width\":1536,\"height\":1024,\"caption\":\"Mala s mora\"},\"image\":{\"@id\":\"https:\/\/www.malasmora.si\/#\/schema\/logo\/image\/\"},\"sameAs\":[\"https:\/\/www.facebook.com\/MalaSMoraArt\/\"]}]}<\/script>\n<!-- \/ Yoast SEO plugin. -->","yoast_head_json":{"title":"Ogrlica s cvetom zlatice v obliki srca - Mala s mora","description":"Handmade pressed Buttercup flower heartshaped necklace, Ogrlica srce iz stisnjenega cveta zlatice v smoli, Ogrlica srce s cvijetom ljuti\u0107a u smoli","robots":{"index":"index","follow":"follow","max-snippet":"max-snippet:-1","max-image-preview":"max-image-preview:large","max-video-preview":"max-video-preview:-1"},"canonical":"https:\/\/www.malasmora.si\/hr\/proizvod\/buttercup_heartshape_necklace\/","og_locale":"hr_HR","og_type":"article","og_title":"Ogrlica s cvetom zlatice v obliki srca - Mala s mora","og_description":"Handmade pressed Buttercup flower heartshaped necklace, Ogrlica srce iz stisnjenega cveta zlatice v smoli, Ogrlica srce s cvijetom ljuti\u0107a u smoli","og_url":"https:\/\/www.malasmora.si\/hr\/proizvod\/buttercup_heartshape_necklace\/","og_site_name":"Mala s mora","article_publisher":"https:\/\/www.facebook.com\/MalaSMoraArt\/","article_modified_time":"2025-11-08T10:48:16+00:00","og_image":[{"width":1920,"height":2560,"url":"https:\/\/www.malasmora.si\/wp-content\/uploads\/2025\/06\/buttercup_heartshape_resin_pendant_necklace_7-scaled.jpg","type":"image\/jpeg"}],"twitter_card":"summary_large_image","twitter_misc":{"Procijenjeno vrijeme \u010ditanja":"2 minute"},"schema":{"@context":"https:\/\/schema.org","@graph":[{"@type":"WebPage","@id":"https:\/\/www.malasmora.si\/izdelek\/buttercup_heartshape_necklace\/","url":"https:\/\/www.malasmora.si\/izdelek\/buttercup_heartshape_necklace\/","name":"Ogrlica s cvetom zlatice v obliki srca - Mala s mora","isPartOf":{"@id":"https:\/\/www.malasmora.si\/#website"},"primaryImageOfPage":{"@id":"https:\/\/www.malasmora.si\/izdelek\/buttercup_heartshape_necklace\/#primaryimage"},"image":{"@id":"https:\/\/www.malasmora.si\/izdelek\/buttercup_heartshape_necklace\/#primaryimage"},"thumbnailUrl":"https:\/\/www.malasmora.si\/wp-content\/uploads\/2025\/06\/buttercup_heartshape_resin_pendant_necklace_7-scaled.jpg","datePublished":"2025-06-09T07:06:38+00:00","dateModified":"2025-11-08T10:48:16+00:00","description":"Handmade pressed Buttercup flower heartshaped necklace, Ogrlica srce iz stisnjenega cveta zlatice v smoli, Ogrlica srce s cvijetom ljuti\u0107a u smoli","breadcrumb":{"@id":"https:\/\/www.malasmora.si\/izdelek\/buttercup_heartshape_necklace\/#breadcrumb"},"inLanguage":"hr","potentialAction":[{"@type":"ReadAction","target":["https:\/\/www.malasmora.si\/izdelek\/buttercup_heartshape_necklace\/"]}]},{"@type":"ImageObject","inLanguage":"hr","@id":"https:\/\/www.malasmora.si\/izdelek\/buttercup_heartshape_necklace\/#primaryimage","url":"https:\/\/www.malasmora.si\/wp-content\/uploads\/2025\/06\/buttercup_heartshape_resin_pendant_necklace_7-scaled.jpg","contentUrl":"https:\/\/www.malasmora.si\/wp-content\/uploads\/2025\/06\/buttercup_heartshape_resin_pendant_necklace_7-scaled.jpg","width":1920,"height":2560,"caption":"buttercup_heartshape_resin_pendant_necklace"},{"@type":"BreadcrumbList","@id":"https:\/\/www.malasmora.si\/izdelek\/buttercup_heartshape_necklace\/#breadcrumb","itemListElement":[{"@type":"ListItem","position":1,"name":"Home","item":"https:\/\/www.malasmora.si\/"},{"@type":"ListItem","position":2,"name":"Shop","item":"https:\/\/www.malasmora.si\/shop\/"},{"@type":"ListItem","position":3,"name":"Ogrlica s cvetom zlatice v obliki srca"}]},{"@type":"WebSite","@id":"https:\/\/www.malasmora.si\/#website","url":"https:\/\/www.malasmora.si\/","name":"Mala s mora","description":"Ro\u010dno izdelan nakit iz epoksi smole","publisher":{"@id":"https:\/\/www.malasmora.si\/#organization"},"potentialAction":[{"@type":"SearchAction","target":{"@type":"EntryPoint","urlTemplate":"https:\/\/www.malasmora.si\/?s={search_term_string}"},"query-input":{"@type":"PropertyValueSpecification","valueRequired":true,"valueName":"search_term_string"}}],"inLanguage":"hr"},{"@type":"Organization","@id":"https:\/\/www.malasmora.si\/#organization","name":"Mala s mora","url":"https:\/\/www.malasmora.si\/","logo":{"@type":"ImageObject","inLanguage":"hr","@id":"https:\/\/www.malasmora.si\/#\/schema\/logo\/image\/","url":"https:\/\/www.malasmora.si\/wp-content\/uploads\/2025\/07\/logo_novi_03.png","contentUrl":"https:\/\/www.malasmora.si\/wp-content\/uploads\/2025\/07\/logo_novi_03.png","width":1536,"height":1024,"caption":"Mala s mora"},"image":{"@id":"https:\/\/www.malasmora.si\/#\/schema\/logo\/image\/"},"sameAs":["https:\/\/www.facebook.com\/MalaSMoraArt\/"]}]}},"_links":{"self":[{"href":"https:\/\/www.malasmora.si\/hr\/wp-json\/wp\/v2\/product\/3829","targetHints":{"allow":["GET"]}}],"collection":[{"href":"https:\/\/www.malasmora.si\/hr\/wp-json\/wp\/v2\/product"}],"about":[{"href":"https:\/\/www.malasmora.si\/hr\/wp-json\/wp\/v2\/types\/product"}],"replies":[{"embeddable":true,"href":"https:\/\/www.malasmora.si\/hr\/wp-json\/wp\/v2\/comments?post=3829"}],"wp:featuredmedia":[{"embeddable":true,"href":"https:\/\/www.malasmora.si\/hr\/wp-json\/wp\/v2\/media\/3830"}],"wp:attachment":[{"href":"https:\/\/www.malasmora.si\/hr\/wp-json\/wp\/v2\/media?parent=3829"}],"wp:term":[{"taxonomy":"product_brand","embeddable":true,"href":"https:\/\/www.malasmora.si\/hr\/wp-json\/wp\/v2\/product_brand?post=3829"},{"taxonomy":"product_cat","embeddable":true,"href":"https:\/\/www.malasmora.si\/hr\/wp-json\/wp\/v2\/product_cat?post=3829"},{"taxonomy":"product_tag","embeddable":true,"href":"https:\/\/www.malasmora.si\/hr\/wp-json\/wp\/v2\/product_tag?post=3829"}],"curies":[{"name":"wp","href":"https:\/\/api.w.org\/{rel}","templated":true}]}}