{"id":3868,"date":"2025-10-11T00:07:42","date_gmt":"2025-10-10T22:07:42","guid":{"rendered":"https:\/\/www.malasmora.si\/?post_type=product&#038;p=3868"},"modified":"2025-12-25T00:04:04","modified_gmt":"2025-12-24T22:04:04","slug":"gemstones_resin_tray","status":"publish","type":"product","link":"https:\/\/www.malasmora.si\/hr\/proizvod\/gemstones_resin_tray\/","title":{"rendered":"Pladenj iz smole s pravim perjem in dragimi kamni"},"content":{"rendered":"<p>S tem edinstvenim ro\u010dno izdelanim pladnjem iz smole v svoj dom vnesite pridih naravne \u010darovnije.<br \/>\nVsak kos je skrbno izdelan iz pravega perja in naravnih dragih kamnov, kot sta jaspis in ahat, kar ustvarja edinstven dizajn, poln naravne lepote in energije.<\/p>\n<p>\u2728 Podrobnosti:<\/p>\n<p><strong>Velikost<\/strong>: 15 \u00d7 19,5 \u00d7 1 cm (<em>5,8&#8243; x 7,7&#8243; x 0,4&#8243;<\/em>)<\/p>\n<p><strong>Materiali<\/strong>: Visokokakovostna epoksidna smola, pravo perje, pristni dragi kamni jaspis in ahat<\/p>\n<p><strong>Ro\u010dno izdelano<\/strong>: Vsak pladenj je skrbno ro\u010dno izdelan, unikaten.<\/p>\n<p><strong>Zaklju\u010dek<\/strong>: Gladka, sijo\u010da \u200b\u200bpovr\u0161ina z naravnimi vklju\u010dki, ohranjenimi v prozorni smoli.<\/p>\n<p><strong>Uporaba<\/strong>: Popoln kot pladenj za nakit, sve\u010dnik ali dekorativni dodatek.<\/p>\n<p><strong>Umetnost in narava<\/strong>: Me\u0161anica naravnih tekstur in pomirjujo\u010de kristalne energije.<\/p>\n<p>Vsak pladenj je ro\u010dno izdelan, kar pomeni, da ni nobenih dveh popolnoma enakih. Robovi so bru\u0161eni, da ni ostrih delcev. Pladenj ima spodnje nedrse\u010de odbija\u010de.<\/p>\n<p>\ud83c\udf38 Idealno za:<\/p>\n<p>~ Razstavljanje parfumov, nakita, sve\u010d ali kristalov<\/p>\n<p>~ Slu\u017ei kot majhen okrasni pladenj<\/p>\n<p>~ Premi\u0161ljeno darilo za ljubitelje narave ali vse, ki cenijo ro\u010dno izdelano umetnost<\/p>\n<p>\ud83d\udc8e Pomen dragih kamnov:<\/p>\n<p>~ Jaspis je znan po svoji ozemljitveni energiji in mirnosti<\/p>\n<p>~ Ahat prina\u0161a ravnovesje in harmonijo<\/p>\n<p>Ta pladenj ujame ne\u017eno lepoto narave \u2013 harmonijo med lahkotnostjo perja in trdnostjo kamna, ohranjeno za vedno v prozorni smoli.<\/p>\n<p><img decoding=\"async\" class=\"emoji\" role=\"img\" draggable=\"false\" src=\"https:\/\/s.w.org\/images\/core\/emoji\/15.0.3\/svg\/2757.svg\" alt=\"\u2757\" \/>NAVODILA ZA NEGO<img decoding=\"async\" class=\"emoji\" role=\"img\" draggable=\"false\" src=\"https:\/\/s.w.org\/images\/core\/emoji\/15.0.3\/svg\/2757.svg\" alt=\"\u2757\" \/><\/p>\n<p>&#8211; Ro\u010dno pranje z vla\u017eno krpo<br \/>\n&#8211; Ne postavljajte v pomivalni stroj<br \/>\n&#8211; Hraniti stran od vro\u010dine dlje \u010dasa<\/p>\n<p>Ujemajo\u010di dr\u017eala kozarcev so na voljo v moji trgovini!<\/p>\n<blockquote class=\"wp-embedded-content\" data-secret=\"MdDCVanwGc\"><p><a href=\"https:\/\/www.malasmora.si\/hr\/proizvod\/geode_wine_glass_gemstones_holder\/\">Dr\u017ealo 2 vinska kozarca z naravnimi dragimi kamni<\/a><\/p><\/blockquote>\n<p><iframe loading=\"lazy\" class=\"wp-embedded-content\" sandbox=\"allow-scripts\" security=\"restricted\" style=\"position: absolute; visibility: hidden;\" title=\"&#8220;Dr\u017ealo 2 vinska kozarca z naravnimi dragimi kamni&#8221; &#8212; Mala s mora\" src=\"https:\/\/www.malasmora.si\/izdelek\/geode_wine_glass_gemstones_holder\/embed\/#?secret=VOO8ZPEd9P#?secret=MdDCVanwGc\" data-secret=\"MdDCVanwGc\" width=\"600\" height=\"338\" frameborder=\"0\" marginwidth=\"0\" marginheight=\"0\" scrolling=\"no\"><\/iframe><\/p>\n<p><span class=\"HwtZe\" lang=\"sl\"><span class=\"jCAhz JxVs2d ChMk0b\"><span class=\"ryNqvb\">\u2726 <\/span><\/span><\/span>Vse izdelke izdelujem ro\u010dno, zato ni nobenih dveh kosov popolnoma enakih. Zaradi ro\u010dne izdelave vedno obstaja mo\u017enost majhnih nepravilnosti in mehur\u010dkov. To ni napaka, temve\u010d del \u0161arma in edinstvenosti.<\/p>\n<p><span class=\"HwtZe\" lang=\"sl\"><span class=\"jCAhz JxVs2d ChMk0b\"><span class=\"ryNqvb\">\u2726 <\/span><\/span><\/span>Na nekaterih monitorjih se lahko barva zaradi razli\u010dnih nastavitev slike nekoliko razlikuje.<\/p>","protected":false},"excerpt":{"rendered":"<p>S tem edinstvenim ro\u010dno izdelanim pladnjem iz smole v svoj dom vnesite pridih naravne \u010darovnije. Vsak kos je skrbno izdelan iz pravega perja in naravnih dragih kamnov, kot sta jaspis in ahat, kar ustvarja edinstven dizajn, poln naravne lepote in energije. \u2728 Podrobnosti: Velikost: 15 \u00d7 19,5 \u00d7 1 cm (5,8&#8243; x 7,7&#8243; x 0,4&#8243;)&#8230;<\/p>","protected":false},"featured_media":3871,"comment_status":"open","ping_status":"closed","template":"","meta":{"_kadence_starter_templates_imported_post":false,"_kad_post_transparent":"default","_kad_post_title":"","_kad_post_layout":"default","_kad_post_sidebar_id":"","_kad_post_content_style":"default","_kad_post_vertical_padding":"default","_kad_post_feature":"","_kad_post_feature_position":"","_kad_post_header":false,"_kad_post_footer":false},"product_brand":[],"product_cat":[378],"product_tag":[579,404,1056,1055,65,275,596,138,1054],"class_list":{"0":"post-3868","1":"product","2":"type-product","3":"status-publish","4":"has-post-thumbnail","6":"product_cat-trinket_trays","7":"product_tag-artisan_tray","8":"product_tag-epoxy_art","9":"product_tag-feather_tray","10":"product_tag-gemstones_tray","11":"product_tag-gift_for_her","12":"product_tag-handmade_resin_tray","13":"product_tag-housewarming_gift","14":"product_tag-jewelry_trinket_tray","15":"product_tag-resin_tray","17":"first","18":"instock","19":"sold-individually","20":"taxable","21":"shipping-taxable","22":"purchasable","23":"product-type-variable","24":"entry","25":"content-bg","26":"loop-entry"},"yoast_head":"<!-- This site is optimized with the Yoast SEO plugin v26.6 - https:\/\/yoast.com\/wordpress\/plugins\/seo\/ -->\n<title>Pladenj iz smole s pravim perjem in dragimi kamni - Mala s mora<\/title>\n<meta name=\"description\" content=\"Handmade Resin Tray with Real Feathers and Gemstones, Pladenj iz smole s pravim perjem in dragimi kamni, Pladanj od smole s pravim perjem i dragim kamenjem\" \/>\n<meta name=\"robots\" content=\"index, follow, max-snippet:-1, max-image-preview:large, max-video-preview:-1\" \/>\n<link rel=\"canonical\" href=\"https:\/\/www.malasmora.si\/hr\/proizvod\/gemstones_resin_tray\/\" \/>\n<meta property=\"og:locale\" content=\"hr_HR\" \/>\n<meta property=\"og:type\" content=\"article\" \/>\n<meta property=\"og:title\" content=\"Pladenj iz smole s pravim perjem in dragimi kamni - Mala s mora\" \/>\n<meta property=\"og:description\" content=\"Handmade Resin Tray with Real Feathers and Gemstones, Pladenj iz smole s pravim perjem in dragimi kamni, Pladanj od smole s pravim perjem i dragim kamenjem\" \/>\n<meta property=\"og:url\" content=\"https:\/\/www.malasmora.si\/hr\/proizvod\/gemstones_resin_tray\/\" \/>\n<meta property=\"og:site_name\" content=\"Mala s mora\" \/>\n<meta property=\"article:publisher\" content=\"https:\/\/www.facebook.com\/MalaSMoraArt\/\" \/>\n<meta property=\"article:modified_time\" content=\"2025-12-24T22:04:04+00:00\" \/>\n<meta property=\"og:image\" content=\"https:\/\/www.malasmora.si\/wp-content\/uploads\/2025\/10\/resin_tray_feather_gemstones_20-scaled.jpg\" \/>\n\t<meta property=\"og:image:width\" content=\"1920\" \/>\n\t<meta property=\"og:image:height\" content=\"2560\" \/>\n\t<meta property=\"og:image:type\" content=\"image\/jpeg\" \/>\n<meta name=\"twitter:card\" content=\"summary_large_image\" \/>\n<meta name=\"twitter:label1\" content=\"Procijenjeno vrijeme \u010ditanja\" \/>\n\t<meta name=\"twitter:data1\" content=\"3 minute\" \/>\n<script type=\"application\/ld+json\" class=\"yoast-schema-graph\">{\"@context\":\"https:\/\/schema.org\",\"@graph\":[{\"@type\":\"WebPage\",\"@id\":\"https:\/\/www.malasmora.si\/izdelek\/gemstones_resin_tray\/\",\"url\":\"https:\/\/www.malasmora.si\/izdelek\/gemstones_resin_tray\/\",\"name\":\"Pladenj iz smole s pravim perjem in dragimi kamni - Mala s mora\",\"isPartOf\":{\"@id\":\"https:\/\/www.malasmora.si\/#website\"},\"primaryImageOfPage\":{\"@id\":\"https:\/\/www.malasmora.si\/izdelek\/gemstones_resin_tray\/#primaryimage\"},\"image\":{\"@id\":\"https:\/\/www.malasmora.si\/izdelek\/gemstones_resin_tray\/#primaryimage\"},\"thumbnailUrl\":\"https:\/\/www.malasmora.si\/wp-content\/uploads\/2025\/10\/resin_tray_feather_gemstones_20-scaled.jpg\",\"datePublished\":\"2025-10-10T22:07:42+00:00\",\"dateModified\":\"2025-12-24T22:04:04+00:00\",\"description\":\"Handmade Resin Tray with Real Feathers and Gemstones, Pladenj iz smole s pravim perjem in dragimi kamni, Pladanj od smole s pravim perjem i dragim kamenjem\",\"breadcrumb\":{\"@id\":\"https:\/\/www.malasmora.si\/izdelek\/gemstones_resin_tray\/#breadcrumb\"},\"inLanguage\":\"hr\",\"potentialAction\":[{\"@type\":\"ReadAction\",\"target\":[\"https:\/\/www.malasmora.si\/izdelek\/gemstones_resin_tray\/\"]}]},{\"@type\":\"ImageObject\",\"inLanguage\":\"hr\",\"@id\":\"https:\/\/www.malasmora.si\/izdelek\/gemstones_resin_tray\/#primaryimage\",\"url\":\"https:\/\/www.malasmora.si\/wp-content\/uploads\/2025\/10\/resin_tray_feather_gemstones_20-scaled.jpg\",\"contentUrl\":\"https:\/\/www.malasmora.si\/wp-content\/uploads\/2025\/10\/resin_tray_feather_gemstones_20-scaled.jpg\",\"width\":1920,\"height\":2560,\"caption\":\"resin_tray_feather_gemstones_20\"},{\"@type\":\"BreadcrumbList\",\"@id\":\"https:\/\/www.malasmora.si\/izdelek\/gemstones_resin_tray\/#breadcrumb\",\"itemListElement\":[{\"@type\":\"ListItem\",\"position\":1,\"name\":\"Home\",\"item\":\"https:\/\/www.malasmora.si\/\"},{\"@type\":\"ListItem\",\"position\":2,\"name\":\"Shop\",\"item\":\"https:\/\/www.malasmora.si\/shop\/\"},{\"@type\":\"ListItem\",\"position\":3,\"name\":\"Pladenj iz smole s pravim perjem in dragimi kamni\"}]},{\"@type\":\"WebSite\",\"@id\":\"https:\/\/www.malasmora.si\/#website\",\"url\":\"https:\/\/www.malasmora.si\/\",\"name\":\"Mala s mora\",\"description\":\"Ro\u010dno izdelan nakit iz epoksi smole\",\"publisher\":{\"@id\":\"https:\/\/www.malasmora.si\/#organization\"},\"potentialAction\":[{\"@type\":\"SearchAction\",\"target\":{\"@type\":\"EntryPoint\",\"urlTemplate\":\"https:\/\/www.malasmora.si\/?s={search_term_string}\"},\"query-input\":{\"@type\":\"PropertyValueSpecification\",\"valueRequired\":true,\"valueName\":\"search_term_string\"}}],\"inLanguage\":\"hr\"},{\"@type\":\"Organization\",\"@id\":\"https:\/\/www.malasmora.si\/#organization\",\"name\":\"Mala s mora\",\"url\":\"https:\/\/www.malasmora.si\/\",\"logo\":{\"@type\":\"ImageObject\",\"inLanguage\":\"hr\",\"@id\":\"https:\/\/www.malasmora.si\/#\/schema\/logo\/image\/\",\"url\":\"https:\/\/www.malasmora.si\/wp-content\/uploads\/2025\/07\/logo_novi_03.png\",\"contentUrl\":\"https:\/\/www.malasmora.si\/wp-content\/uploads\/2025\/07\/logo_novi_03.png\",\"width\":1536,\"height\":1024,\"caption\":\"Mala s mora\"},\"image\":{\"@id\":\"https:\/\/www.malasmora.si\/#\/schema\/logo\/image\/\"},\"sameAs\":[\"https:\/\/www.facebook.com\/MalaSMoraArt\/\"]}]}<\/script>\n<!-- \/ Yoast SEO plugin. -->","yoast_head_json":{"title":"Pladenj iz smole s pravim perjem in dragimi kamni - Mala s mora","description":"Handmade Resin Tray with Real Feathers and Gemstones, Pladenj iz smole s pravim perjem in dragimi kamni, Pladanj od smole s pravim perjem i dragim kamenjem","robots":{"index":"index","follow":"follow","max-snippet":"max-snippet:-1","max-image-preview":"max-image-preview:large","max-video-preview":"max-video-preview:-1"},"canonical":"https:\/\/www.malasmora.si\/hr\/proizvod\/gemstones_resin_tray\/","og_locale":"hr_HR","og_type":"article","og_title":"Pladenj iz smole s pravim perjem in dragimi kamni - Mala s mora","og_description":"Handmade Resin Tray with Real Feathers and Gemstones, Pladenj iz smole s pravim perjem in dragimi kamni, Pladanj od smole s pravim perjem i dragim kamenjem","og_url":"https:\/\/www.malasmora.si\/hr\/proizvod\/gemstones_resin_tray\/","og_site_name":"Mala s mora","article_publisher":"https:\/\/www.facebook.com\/MalaSMoraArt\/","article_modified_time":"2025-12-24T22:04:04+00:00","og_image":[{"width":1920,"height":2560,"url":"https:\/\/www.malasmora.si\/wp-content\/uploads\/2025\/10\/resin_tray_feather_gemstones_20-scaled.jpg","type":"image\/jpeg"}],"twitter_card":"summary_large_image","twitter_misc":{"Procijenjeno vrijeme \u010ditanja":"3 minute"},"schema":{"@context":"https:\/\/schema.org","@graph":[{"@type":"WebPage","@id":"https:\/\/www.malasmora.si\/izdelek\/gemstones_resin_tray\/","url":"https:\/\/www.malasmora.si\/izdelek\/gemstones_resin_tray\/","name":"Pladenj iz smole s pravim perjem in dragimi kamni - Mala s mora","isPartOf":{"@id":"https:\/\/www.malasmora.si\/#website"},"primaryImageOfPage":{"@id":"https:\/\/www.malasmora.si\/izdelek\/gemstones_resin_tray\/#primaryimage"},"image":{"@id":"https:\/\/www.malasmora.si\/izdelek\/gemstones_resin_tray\/#primaryimage"},"thumbnailUrl":"https:\/\/www.malasmora.si\/wp-content\/uploads\/2025\/10\/resin_tray_feather_gemstones_20-scaled.jpg","datePublished":"2025-10-10T22:07:42+00:00","dateModified":"2025-12-24T22:04:04+00:00","description":"Handmade Resin Tray with Real Feathers and Gemstones, Pladenj iz smole s pravim perjem in dragimi kamni, Pladanj od smole s pravim perjem i dragim kamenjem","breadcrumb":{"@id":"https:\/\/www.malasmora.si\/izdelek\/gemstones_resin_tray\/#breadcrumb"},"inLanguage":"hr","potentialAction":[{"@type":"ReadAction","target":["https:\/\/www.malasmora.si\/izdelek\/gemstones_resin_tray\/"]}]},{"@type":"ImageObject","inLanguage":"hr","@id":"https:\/\/www.malasmora.si\/izdelek\/gemstones_resin_tray\/#primaryimage","url":"https:\/\/www.malasmora.si\/wp-content\/uploads\/2025\/10\/resin_tray_feather_gemstones_20-scaled.jpg","contentUrl":"https:\/\/www.malasmora.si\/wp-content\/uploads\/2025\/10\/resin_tray_feather_gemstones_20-scaled.jpg","width":1920,"height":2560,"caption":"resin_tray_feather_gemstones_20"},{"@type":"BreadcrumbList","@id":"https:\/\/www.malasmora.si\/izdelek\/gemstones_resin_tray\/#breadcrumb","itemListElement":[{"@type":"ListItem","position":1,"name":"Home","item":"https:\/\/www.malasmora.si\/"},{"@type":"ListItem","position":2,"name":"Shop","item":"https:\/\/www.malasmora.si\/shop\/"},{"@type":"ListItem","position":3,"name":"Pladenj iz smole s pravim perjem in dragimi kamni"}]},{"@type":"WebSite","@id":"https:\/\/www.malasmora.si\/#website","url":"https:\/\/www.malasmora.si\/","name":"Mala s mora","description":"Ro\u010dno izdelan nakit iz epoksi smole","publisher":{"@id":"https:\/\/www.malasmora.si\/#organization"},"potentialAction":[{"@type":"SearchAction","target":{"@type":"EntryPoint","urlTemplate":"https:\/\/www.malasmora.si\/?s={search_term_string}"},"query-input":{"@type":"PropertyValueSpecification","valueRequired":true,"valueName":"search_term_string"}}],"inLanguage":"hr"},{"@type":"Organization","@id":"https:\/\/www.malasmora.si\/#organization","name":"Mala s mora","url":"https:\/\/www.malasmora.si\/","logo":{"@type":"ImageObject","inLanguage":"hr","@id":"https:\/\/www.malasmora.si\/#\/schema\/logo\/image\/","url":"https:\/\/www.malasmora.si\/wp-content\/uploads\/2025\/07\/logo_novi_03.png","contentUrl":"https:\/\/www.malasmora.si\/wp-content\/uploads\/2025\/07\/logo_novi_03.png","width":1536,"height":1024,"caption":"Mala s mora"},"image":{"@id":"https:\/\/www.malasmora.si\/#\/schema\/logo\/image\/"},"sameAs":["https:\/\/www.facebook.com\/MalaSMoraArt\/"]}]}},"_links":{"self":[{"href":"https:\/\/www.malasmora.si\/hr\/wp-json\/wp\/v2\/product\/3868","targetHints":{"allow":["GET"]}}],"collection":[{"href":"https:\/\/www.malasmora.si\/hr\/wp-json\/wp\/v2\/product"}],"about":[{"href":"https:\/\/www.malasmora.si\/hr\/wp-json\/wp\/v2\/types\/product"}],"replies":[{"embeddable":true,"href":"https:\/\/www.malasmora.si\/hr\/wp-json\/wp\/v2\/comments?post=3868"}],"wp:featuredmedia":[{"embeddable":true,"href":"https:\/\/www.malasmora.si\/hr\/wp-json\/wp\/v2\/media\/3871"}],"wp:attachment":[{"href":"https:\/\/www.malasmora.si\/hr\/wp-json\/wp\/v2\/media?parent=3868"}],"wp:term":[{"taxonomy":"product_brand","embeddable":true,"href":"https:\/\/www.malasmora.si\/hr\/wp-json\/wp\/v2\/product_brand?post=3868"},{"taxonomy":"product_cat","embeddable":true,"href":"https:\/\/www.malasmora.si\/hr\/wp-json\/wp\/v2\/product_cat?post=3868"},{"taxonomy":"product_tag","embeddable":true,"href":"https:\/\/www.malasmora.si\/hr\/wp-json\/wp\/v2\/product_tag?post=3868"}],"curies":[{"name":"wp","href":"https:\/\/api.w.org\/{rel}","templated":true}]}}