{"id":3878,"date":"2025-10-13T10:45:16","date_gmt":"2025-10-13T08:45:16","guid":{"rendered":"https:\/\/www.malasmora.si\/?post_type=product&#038;p=3878"},"modified":"2026-01-05T15:12:51","modified_gmt":"2026-01-05T13:12:51","slug":"geode_wine_glass_gemstones_holder","status":"publish","type":"product","link":"https:\/\/www.malasmora.si\/hr\/proizvod\/geode_wine_glass_gemstones_holder\/","title":{"rendered":"Dr\u017ealo vinskih kozarcev dragi kamni in perje"},"content":{"rendered":"<p>\ud83c\udf77 Ro\u010dno izdelana dr\u017eala za vinske kozarce iz smole \u2013 \u010dudovit dizajn s pravim perjem in dragimi kamni ahata in jaspisa.<\/p>\n<p>Dodajte prefinjenost svojemu naslednjemu vinskemu ve\u010deru s tem ro\u010dno izdelanim dr\u017ealom za vinske kozarce iz smole. Zasnovan je tako, da varno stoji na ve\u010dini standardnih vinskih steklenic in dr\u017ei 2 kozarca za vino ali \u0161ampanjec \u2013 popoln dodatek za praznovanja ali prijetne ve\u010dere.<\/p>\n<p>\ud83c\udf81 Odli\u010dna ideja za darilo za:<\/p>\n<p>&#8211; Ljubitelje vina<br \/>\n&#8211; Vselitve<br \/>\n&#8211; Poroke in obletnice<br \/>\n&#8211; Rojstne dneve ali darila za gostitelje<\/p>\n<p>\ud83d\udc96 Vsak kos je narejen ro\u010dno, kar pomeni, da ne obstajajo dva enaka izdelka. Uporabljam visokokakovostno epoksi smolo s kristalno \u010distim, gladkim zaklju\u010dkom. Vse svoje umetnine sem ro\u010dno obdelala vzdol\u017e robov, da zagotovim, da so popolnoma funkcionalne brez ostrih robov.<\/p>\n<p>\ud83d\udccf Velikost: 25,5 x 10 x 0,7 cm (10,04&#8243; x 3,94&#8243; x 0,28&#8243;)<\/p>\n<p>\ud83e\uddfc Nega: Obri\u0161ite z vla\u017eno krpo. Ne perite v pomivalnem stroju ali izpostavljajte visoki vro\u010dini.<\/p>\n<p>Ujemajo\u010di se pladnji so na voljo v moji trgovini!<\/p>\n<blockquote class=\"wp-embedded-content\" data-secret=\"9S9qRNzGeB\"><p><a href=\"https:\/\/www.malasmora.si\/hr\/proizvod\/gemstones_resin_tray\/\">Pladenj iz smole s pravim perjem in dragimi kamni<\/a><\/p><\/blockquote>\n<p><iframe loading=\"lazy\" class=\"wp-embedded-content\" sandbox=\"allow-scripts\" security=\"restricted\" style=\"position: absolute; visibility: hidden;\" title=\"&#8220;Pladenj iz smole s pravim perjem in dragimi kamni&#8221; &#8212; Mala s mora\" src=\"https:\/\/www.malasmora.si\/izdelek\/gemstones_resin_tray\/embed\/#?secret=wax6S87buK#?secret=9S9qRNzGeB\" data-secret=\"9S9qRNzGeB\" width=\"600\" height=\"338\" frameborder=\"0\" marginwidth=\"0\" marginheight=\"0\" scrolling=\"no\"><\/iframe><\/p>\n<p><span class=\"HwtZe\" lang=\"sl\"><span class=\"jCAhz ChMk0b\"><span class=\"ryNqvb\">\ud83d\udd36 Vsi moji izdelki so ro\u010dno izdelani z ljubeznijo &#8211; majhne razlike v barvi in \u200b\u200bvzorcu naredijo vsak kos edinstveno lep.<\/span><\/span> <span class=\"jCAhz ChMk0b\"><span class=\"ryNqvb\">Poleg tega zaradi ro\u010dne izdelave vedno obstaja mo\u017enost majhnih nepravilnosti in mehur\u010dkov. <\/span><\/span><\/span><\/p>\n<p><span class=\"HwtZe\" lang=\"sl\"><span class=\"jCAhz ChMk0b\"><span class=\"ryNqvb\">\ud83d\udd36 Pri nekaterih monitorjih lahko zaradi razli\u010dnih nastavitev slike barva nekoliko odstopa. <\/span><\/span><\/span><\/p>\n<p><span class=\"HwtZe\" lang=\"sl\"><span class=\"jCAhz ChMk0b\"><span class=\"ryNqvb\">\ud83d\uded2 Dodajte v ko\u0161arico zdaj in v svojo vinsko izku\u0161njo vnesite pridih elegance!<\/span><\/span><\/span><\/p>","protected":false},"excerpt":{"rendered":"<p>\ud83c\udf77 Ro\u010dno izdelana dr\u017eala za vinske kozarce iz smole \u2013 \u010dudovit dizajn s pravim perjem in dragimi kamni ahata in jaspisa. Dodajte prefinjenost svojemu naslednjemu vinskemu ve\u010deru s tem ro\u010dno izdelanim dr\u017ealom za vinske kozarce iz smole. Zasnovan je tako, da varno stoji na ve\u010dini standardnih vinskih steklenic in dr\u017ei 2 kozarca za vino ali&#8230;<\/p>","protected":false},"featured_media":3879,"comment_status":"open","ping_status":"closed","template":"","meta":{"_kadence_starter_templates_imported_post":false,"_kad_post_transparent":"default","_kad_post_title":"","_kad_post_layout":"default","_kad_post_sidebar_id":"","_kad_post_content_style":"default","_kad_post_vertical_padding":"default","_kad_post_feature":"","_kad_post_feature_position":"","_kad_post_header":false,"_kad_post_footer":false},"product_brand":[],"product_cat":[949],"product_tag":[956,1058,1057,951,421,952,439,954,955,950,959,958,953,575,957],"class_list":{"0":"post-3878","1":"product","2":"type-product","3":"status-publish","4":"has-post-thumbnail","6":"product_cat-wine_accessories","7":"product_tag-bar_decoration","8":"product_tag-gemstones_wine_butler","9":"product_tag-geode_wine_caddy","10":"product_tag-glass_holder","11":"product_tag-resin_art","12":"product_tag-resin_glass_holder","13":"product_tag-resin_home_decor","14":"product_tag-resin_wine_butler","15":"product_tag-wedding_gift","16":"product_tag-wine_accessory","17":"product_tag-wine_bottle_butler","18":"product_tag-wine_butler","19":"product_tag-wine_glass_holder","20":"product_tag-wine_lover_gift","21":"product_tag-wine_night_gift","23":"first","24":"instock","25":"sold-individually","26":"taxable","27":"shipping-taxable","28":"purchasable","29":"product-type-variable","30":"entry","31":"content-bg","32":"loop-entry"},"yoast_head":"<!-- This site is optimized with the Yoast SEO plugin v26.6 - https:\/\/yoast.com\/wordpress\/plugins\/seo\/ -->\n<title>Dr\u017ealo vinskih kozarcev dragi kamni in perje - Mala s mora<\/title>\n<meta name=\"description\" content=\"Handmade Wine glass geode resin holder made of high quality crystal clear epoxy resin, Dr\u017ealo 2 kozarca za vino, Nosa\u010d za 2 vinske \u010da\u0161e\" \/>\n<meta name=\"robots\" content=\"index, follow, max-snippet:-1, max-image-preview:large, max-video-preview:-1\" \/>\n<link rel=\"canonical\" href=\"https:\/\/www.malasmora.si\/hr\/proizvod\/geode_wine_glass_gemstones_holder\/\" \/>\n<meta property=\"og:locale\" content=\"hr_HR\" \/>\n<meta property=\"og:type\" content=\"article\" \/>\n<meta property=\"og:title\" content=\"Dr\u017ealo vinskih kozarcev dragi kamni in perje - Mala s mora\" \/>\n<meta property=\"og:description\" content=\"Handmade Wine glass geode resin holder made of high quality crystal clear epoxy resin, Dr\u017ealo 2 kozarca za vino, Nosa\u010d za 2 vinske \u010da\u0161e\" \/>\n<meta property=\"og:url\" content=\"https:\/\/www.malasmora.si\/hr\/proizvod\/geode_wine_glass_gemstones_holder\/\" \/>\n<meta property=\"og:site_name\" content=\"Mala s mora\" \/>\n<meta property=\"article:publisher\" content=\"https:\/\/www.facebook.com\/MalaSMoraArt\/\" \/>\n<meta property=\"article:modified_time\" content=\"2026-01-05T13:12:51+00:00\" \/>\n<meta property=\"og:image\" content=\"https:\/\/www.malasmora.si\/wp-content\/uploads\/2025\/10\/red_gold_resin_wine_butler_9-scaled.jpg\" \/>\n\t<meta property=\"og:image:width\" content=\"2560\" \/>\n\t<meta property=\"og:image:height\" content=\"2505\" \/>\n\t<meta property=\"og:image:type\" content=\"image\/jpeg\" \/>\n<meta name=\"twitter:card\" content=\"summary_large_image\" \/>\n<meta name=\"twitter:label1\" content=\"Procijenjeno vrijeme \u010ditanja\" \/>\n\t<meta name=\"twitter:data1\" content=\"2 minute\" \/>\n<script type=\"application\/ld+json\" class=\"yoast-schema-graph\">{\"@context\":\"https:\/\/schema.org\",\"@graph\":[{\"@type\":\"WebPage\",\"@id\":\"https:\/\/www.malasmora.si\/izdelek\/geode_wine_glass_gemstones_holder\/\",\"url\":\"https:\/\/www.malasmora.si\/izdelek\/geode_wine_glass_gemstones_holder\/\",\"name\":\"Dr\u017ealo vinskih kozarcev dragi kamni in perje - Mala s mora\",\"isPartOf\":{\"@id\":\"https:\/\/www.malasmora.si\/#website\"},\"primaryImageOfPage\":{\"@id\":\"https:\/\/www.malasmora.si\/izdelek\/geode_wine_glass_gemstones_holder\/#primaryimage\"},\"image\":{\"@id\":\"https:\/\/www.malasmora.si\/izdelek\/geode_wine_glass_gemstones_holder\/#primaryimage\"},\"thumbnailUrl\":\"https:\/\/www.malasmora.si\/wp-content\/uploads\/2025\/10\/red_gold_resin_wine_butler_9-scaled.jpg\",\"datePublished\":\"2025-10-13T08:45:16+00:00\",\"dateModified\":\"2026-01-05T13:12:51+00:00\",\"description\":\"Handmade Wine glass geode resin holder made of high quality crystal clear epoxy resin, Dr\u017ealo 2 kozarca za vino, Nosa\u010d za 2 vinske \u010da\u0161e\",\"breadcrumb\":{\"@id\":\"https:\/\/www.malasmora.si\/izdelek\/geode_wine_glass_gemstones_holder\/#breadcrumb\"},\"inLanguage\":\"hr\",\"potentialAction\":[{\"@type\":\"ReadAction\",\"target\":[\"https:\/\/www.malasmora.si\/izdelek\/geode_wine_glass_gemstones_holder\/\"]}]},{\"@type\":\"ImageObject\",\"inLanguage\":\"hr\",\"@id\":\"https:\/\/www.malasmora.si\/izdelek\/geode_wine_glass_gemstones_holder\/#primaryimage\",\"url\":\"https:\/\/www.malasmora.si\/wp-content\/uploads\/2025\/10\/red_gold_resin_wine_butler_9-scaled.jpg\",\"contentUrl\":\"https:\/\/www.malasmora.si\/wp-content\/uploads\/2025\/10\/red_gold_resin_wine_butler_9-scaled.jpg\",\"width\":2560,\"height\":2505,\"caption\":\"red_gold_resin_wine_butler\"},{\"@type\":\"BreadcrumbList\",\"@id\":\"https:\/\/www.malasmora.si\/izdelek\/geode_wine_glass_gemstones_holder\/#breadcrumb\",\"itemListElement\":[{\"@type\":\"ListItem\",\"position\":1,\"name\":\"Home\",\"item\":\"https:\/\/www.malasmora.si\/\"},{\"@type\":\"ListItem\",\"position\":2,\"name\":\"Shop\",\"item\":\"https:\/\/www.malasmora.si\/shop\/\"},{\"@type\":\"ListItem\",\"position\":3,\"name\":\"Dr\u017ealo vinskih kozarcev dragi kamni in perje\"}]},{\"@type\":\"WebSite\",\"@id\":\"https:\/\/www.malasmora.si\/#website\",\"url\":\"https:\/\/www.malasmora.si\/\",\"name\":\"Mala s mora\",\"description\":\"Ro\u010dno izdelan nakit iz epoksi smole\",\"publisher\":{\"@id\":\"https:\/\/www.malasmora.si\/#organization\"},\"potentialAction\":[{\"@type\":\"SearchAction\",\"target\":{\"@type\":\"EntryPoint\",\"urlTemplate\":\"https:\/\/www.malasmora.si\/?s={search_term_string}\"},\"query-input\":{\"@type\":\"PropertyValueSpecification\",\"valueRequired\":true,\"valueName\":\"search_term_string\"}}],\"inLanguage\":\"hr\"},{\"@type\":\"Organization\",\"@id\":\"https:\/\/www.malasmora.si\/#organization\",\"name\":\"Mala s mora\",\"url\":\"https:\/\/www.malasmora.si\/\",\"logo\":{\"@type\":\"ImageObject\",\"inLanguage\":\"hr\",\"@id\":\"https:\/\/www.malasmora.si\/#\/schema\/logo\/image\/\",\"url\":\"https:\/\/www.malasmora.si\/wp-content\/uploads\/2025\/07\/logo_novi_03.png\",\"contentUrl\":\"https:\/\/www.malasmora.si\/wp-content\/uploads\/2025\/07\/logo_novi_03.png\",\"width\":1536,\"height\":1024,\"caption\":\"Mala s mora\"},\"image\":{\"@id\":\"https:\/\/www.malasmora.si\/#\/schema\/logo\/image\/\"},\"sameAs\":[\"https:\/\/www.facebook.com\/MalaSMoraArt\/\"]}]}<\/script>\n<!-- \/ Yoast SEO plugin. -->","yoast_head_json":{"title":"Dr\u017ealo vinskih kozarcev dragi kamni in perje - Mala s mora","description":"Handmade Wine glass geode resin holder made of high quality crystal clear epoxy resin, Dr\u017ealo 2 kozarca za vino, Nosa\u010d za 2 vinske \u010da\u0161e","robots":{"index":"index","follow":"follow","max-snippet":"max-snippet:-1","max-image-preview":"max-image-preview:large","max-video-preview":"max-video-preview:-1"},"canonical":"https:\/\/www.malasmora.si\/hr\/proizvod\/geode_wine_glass_gemstones_holder\/","og_locale":"hr_HR","og_type":"article","og_title":"Dr\u017ealo vinskih kozarcev dragi kamni in perje - Mala s mora","og_description":"Handmade Wine glass geode resin holder made of high quality crystal clear epoxy resin, Dr\u017ealo 2 kozarca za vino, Nosa\u010d za 2 vinske \u010da\u0161e","og_url":"https:\/\/www.malasmora.si\/hr\/proizvod\/geode_wine_glass_gemstones_holder\/","og_site_name":"Mala s mora","article_publisher":"https:\/\/www.facebook.com\/MalaSMoraArt\/","article_modified_time":"2026-01-05T13:12:51+00:00","og_image":[{"width":2560,"height":2505,"url":"https:\/\/www.malasmora.si\/wp-content\/uploads\/2025\/10\/red_gold_resin_wine_butler_9-scaled.jpg","type":"image\/jpeg"}],"twitter_card":"summary_large_image","twitter_misc":{"Procijenjeno vrijeme \u010ditanja":"2 minute"},"schema":{"@context":"https:\/\/schema.org","@graph":[{"@type":"WebPage","@id":"https:\/\/www.malasmora.si\/izdelek\/geode_wine_glass_gemstones_holder\/","url":"https:\/\/www.malasmora.si\/izdelek\/geode_wine_glass_gemstones_holder\/","name":"Dr\u017ealo vinskih kozarcev dragi kamni in perje - Mala s mora","isPartOf":{"@id":"https:\/\/www.malasmora.si\/#website"},"primaryImageOfPage":{"@id":"https:\/\/www.malasmora.si\/izdelek\/geode_wine_glass_gemstones_holder\/#primaryimage"},"image":{"@id":"https:\/\/www.malasmora.si\/izdelek\/geode_wine_glass_gemstones_holder\/#primaryimage"},"thumbnailUrl":"https:\/\/www.malasmora.si\/wp-content\/uploads\/2025\/10\/red_gold_resin_wine_butler_9-scaled.jpg","datePublished":"2025-10-13T08:45:16+00:00","dateModified":"2026-01-05T13:12:51+00:00","description":"Handmade Wine glass geode resin holder made of high quality crystal clear epoxy resin, Dr\u017ealo 2 kozarca za vino, Nosa\u010d za 2 vinske \u010da\u0161e","breadcrumb":{"@id":"https:\/\/www.malasmora.si\/izdelek\/geode_wine_glass_gemstones_holder\/#breadcrumb"},"inLanguage":"hr","potentialAction":[{"@type":"ReadAction","target":["https:\/\/www.malasmora.si\/izdelek\/geode_wine_glass_gemstones_holder\/"]}]},{"@type":"ImageObject","inLanguage":"hr","@id":"https:\/\/www.malasmora.si\/izdelek\/geode_wine_glass_gemstones_holder\/#primaryimage","url":"https:\/\/www.malasmora.si\/wp-content\/uploads\/2025\/10\/red_gold_resin_wine_butler_9-scaled.jpg","contentUrl":"https:\/\/www.malasmora.si\/wp-content\/uploads\/2025\/10\/red_gold_resin_wine_butler_9-scaled.jpg","width":2560,"height":2505,"caption":"red_gold_resin_wine_butler"},{"@type":"BreadcrumbList","@id":"https:\/\/www.malasmora.si\/izdelek\/geode_wine_glass_gemstones_holder\/#breadcrumb","itemListElement":[{"@type":"ListItem","position":1,"name":"Home","item":"https:\/\/www.malasmora.si\/"},{"@type":"ListItem","position":2,"name":"Shop","item":"https:\/\/www.malasmora.si\/shop\/"},{"@type":"ListItem","position":3,"name":"Dr\u017ealo vinskih kozarcev dragi kamni in perje"}]},{"@type":"WebSite","@id":"https:\/\/www.malasmora.si\/#website","url":"https:\/\/www.malasmora.si\/","name":"Mala s mora","description":"Ro\u010dno izdelan nakit iz epoksi smole","publisher":{"@id":"https:\/\/www.malasmora.si\/#organization"},"potentialAction":[{"@type":"SearchAction","target":{"@type":"EntryPoint","urlTemplate":"https:\/\/www.malasmora.si\/?s={search_term_string}"},"query-input":{"@type":"PropertyValueSpecification","valueRequired":true,"valueName":"search_term_string"}}],"inLanguage":"hr"},{"@type":"Organization","@id":"https:\/\/www.malasmora.si\/#organization","name":"Mala s mora","url":"https:\/\/www.malasmora.si\/","logo":{"@type":"ImageObject","inLanguage":"hr","@id":"https:\/\/www.malasmora.si\/#\/schema\/logo\/image\/","url":"https:\/\/www.malasmora.si\/wp-content\/uploads\/2025\/07\/logo_novi_03.png","contentUrl":"https:\/\/www.malasmora.si\/wp-content\/uploads\/2025\/07\/logo_novi_03.png","width":1536,"height":1024,"caption":"Mala s mora"},"image":{"@id":"https:\/\/www.malasmora.si\/#\/schema\/logo\/image\/"},"sameAs":["https:\/\/www.facebook.com\/MalaSMoraArt\/"]}]}},"_links":{"self":[{"href":"https:\/\/www.malasmora.si\/hr\/wp-json\/wp\/v2\/product\/3878","targetHints":{"allow":["GET"]}}],"collection":[{"href":"https:\/\/www.malasmora.si\/hr\/wp-json\/wp\/v2\/product"}],"about":[{"href":"https:\/\/www.malasmora.si\/hr\/wp-json\/wp\/v2\/types\/product"}],"replies":[{"embeddable":true,"href":"https:\/\/www.malasmora.si\/hr\/wp-json\/wp\/v2\/comments?post=3878"}],"wp:featuredmedia":[{"embeddable":true,"href":"https:\/\/www.malasmora.si\/hr\/wp-json\/wp\/v2\/media\/3879"}],"wp:attachment":[{"href":"https:\/\/www.malasmora.si\/hr\/wp-json\/wp\/v2\/media?parent=3878"}],"wp:term":[{"taxonomy":"product_brand","embeddable":true,"href":"https:\/\/www.malasmora.si\/hr\/wp-json\/wp\/v2\/product_brand?post=3878"},{"taxonomy":"product_cat","embeddable":true,"href":"https:\/\/www.malasmora.si\/hr\/wp-json\/wp\/v2\/product_cat?post=3878"},{"taxonomy":"product_tag","embeddable":true,"href":"https:\/\/www.malasmora.si\/hr\/wp-json\/wp\/v2\/product_tag?post=3878"}],"curies":[{"name":"wp","href":"https:\/\/api.w.org\/{rel}","templated":true}]}}