{"id":3906,"date":"2025-11-18T15:07:00","date_gmt":"2025-11-18T13:07:00","guid":{"rendered":"https:\/\/www.malasmora.si\/?post_type=product&#038;p=3906"},"modified":"2025-11-18T15:29:53","modified_gmt":"2025-11-18T13:29:53","slug":"dry_flower_bookmark","status":"publish","type":"product","link":"https:\/\/www.malasmora.si\/hr\/proizvod\/dry_flower_bookmark\/","title":{"rendered":"Knji\u017eni zaznamki iz smole z suhim cvetjem"},"content":{"rendered":"<p>Ne\u017eni, sanjski in navdihnjeni z naravo \u2013 ti edinstveni zaznamki so izdelani iz pravega stisnjenega cvetja iz Slovenije in zlatih listi\u010dev, zape\u010datenih v kristalno \u010disti smoli. Vsak dizajn je ro\u010dno izdelan z ljubeznijo in skrbnostjo ter ujame trenutek divje lepote med stranmi va\u0161e najljub\u0161e knjige:<\/p>\n<p>\ud83c\udf38 Podrobnosti o izdelku:<br \/>\n\u2022 Ro\u010dno izdelan s pravim stisnjenim cvetjem in zlatimi listi\u010di<br \/>\n\u2022 Gladki robovi, lahek in trpe\u017een<br \/>\n\u2022 Velikost pribli\u017eno 19 x 2,5 cm (7,5&#8243; x 1&#8243;)<br \/>\n\u2022 Prozorna smola z \u017eivahnimi rumenimi cvetovi, ne\u017enimi vijoli\u010dnimi cvetnimi listi\u010di in ble\u0161\u010de\u010dimi zlatimi listi\u010di \u2013 sanjska me\u0161anica divjih ro\u017e.<\/p>\n<p>\ud83c\udf81 \u010cudovito darilo za rojstne dneve, diplome, u\u010ditelje ali kar tako.<\/p>\n<p>\ud83d\udcac Opomba: Zaradi uporabe pravega cvetja je vsak kos resni\u010dno unikaten in se lahko nekoliko razlikuje v barvi in \u200b\u200bsestavi.<\/p>\n<p>Zaznamki se odli\u010dno prilegajo med strani ve\u010dine knjig &#8211; niso pretanki in ne predebeli.<\/p>\n<p>\u2757Skrbno zapakirano v \u0161katlico\u2757<br \/>\n\u2757Pripravljeno za obdarovanje \u2757<\/p>\n<p><img decoding=\"async\" class=\"emoji\" role=\"img\" draggable=\"false\" src=\"https:\/\/s.w.org\/images\/core\/emoji\/15.0.3\/svg\/1f4a0.svg\" alt=\"\ud83d\udca0\" \/>Budu\u0107i da su svi proizvodi ru\u010dno izra\u0111eni, ne postoje dva potpuno ista. Nadalje, zbog ru\u010dne izrade, uvijek postoji mogu\u0107nost manjih nepravilnosti i mjehuri\u0107a.<\/p>\n<p><img decoding=\"async\" class=\"emoji\" role=\"img\" draggable=\"false\" src=\"https:\/\/s.w.org\/images\/core\/emoji\/15.0.3\/svg\/1f4a0.svg\" alt=\"\ud83d\udca0\" \/>Imajte na umu da se boja mo\u017ee neznatno razlikovati na nekim monitorima zbog razli\u010ditih postavki slike.<\/p>\n<p>&nbsp;<\/p>","protected":false},"excerpt":{"rendered":"<p>Ne\u017eni, sanjski in navdihnjeni z naravo \u2013 ti edinstveni zaznamki so izdelani iz pravega stisnjenega cvetja iz Slovenije in zlatih listi\u010dev, zape\u010datenih v kristalno \u010disti smoli. Vsak dizajn je ro\u010dno izdelan z ljubeznijo in skrbnostjo ter ujame trenutek divje lepote med stranmi va\u0161e najljub\u0161e knjige: \ud83c\udf38 Podrobnosti o izdelku: \u2022 Ro\u010dno izdelan s pravim stisnjenim&#8230;<\/p>","protected":false},"featured_media":3909,"comment_status":"open","ping_status":"closed","template":"","meta":{"_kadence_starter_templates_imported_post":false,"_kad_post_transparent":"default","_kad_post_title":"","_kad_post_layout":"default","_kad_post_sidebar_id":"","_kad_post_content_style":"default","_kad_post_vertical_padding":"default","_kad_post_feature":"","_kad_post_feature_position":"","_kad_post_header":false,"_kad_post_footer":false},"product_brand":[],"product_cat":[377],"product_tag":[94,111,1059,108,65,107,109,103,144,171],"class_list":{"0":"post-3906","1":"product","2":"type-product","3":"status-publish","4":"has-post-thumbnail","6":"product_cat-bookmarks","7":"product_tag-birthday_gift","8":"product_tag-bookmark","9":"product_tag-flower_bookmark","10":"product_tag-gift_for_book_lover","11":"product_tag-gift_for_her","12":"product_tag-gift_for_him","13":"product_tag-handmade_bookmark","14":"product_tag-resin_bookmark","15":"product_tag-valentine_day_gift","16":"product_tag-womens_day_gift","18":"first","19":"instock","20":"taxable","21":"shipping-taxable","22":"purchasable","23":"product-type-simple","24":"entry","25":"content-bg","26":"loop-entry"},"yoast_head":"<!-- This site is optimized with the Yoast SEO plugin v26.6 - https:\/\/yoast.com\/wordpress\/plugins\/seo\/ -->\n<title>Knji\u017eni zaznamki iz smole z suhim cvetjem - Mala s mora<\/title>\n<meta name=\"description\" content=\"Handmade dry flower resin bookmarks, Knji\u017eni zaznamek s suhim cvetjem, Knji\u017ena oznaka bookmark od smole sa suhim cvije\u0107em\" \/>\n<meta name=\"robots\" content=\"index, follow, max-snippet:-1, max-image-preview:large, max-video-preview:-1\" \/>\n<link rel=\"canonical\" href=\"https:\/\/www.malasmora.si\/hr\/proizvod\/dry_flower_bookmark\/\" \/>\n<meta property=\"og:locale\" content=\"hr_HR\" \/>\n<meta property=\"og:type\" content=\"article\" \/>\n<meta property=\"og:title\" content=\"Knji\u017eni zaznamki iz smole z suhim cvetjem - Mala s mora\" \/>\n<meta property=\"og:description\" content=\"Handmade dry flower resin bookmarks, Knji\u017eni zaznamek s suhim cvetjem, Knji\u017ena oznaka bookmark od smole sa suhim cvije\u0107em\" \/>\n<meta property=\"og:url\" content=\"https:\/\/www.malasmora.si\/hr\/proizvod\/dry_flower_bookmark\/\" \/>\n<meta property=\"og:site_name\" content=\"Mala s mora\" \/>\n<meta property=\"article:publisher\" content=\"https:\/\/www.facebook.com\/MalaSMoraArt\/\" \/>\n<meta property=\"article:modified_time\" content=\"2025-11-18T13:29:53+00:00\" \/>\n<meta property=\"og:image\" content=\"https:\/\/www.malasmora.si\/wp-content\/uploads\/2025\/11\/dry_flower_resin_bookmark_02.jpg\" \/>\n\t<meta property=\"og:image:width\" content=\"794\" \/>\n\t<meta property=\"og:image:height\" content=\"1059\" \/>\n\t<meta property=\"og:image:type\" content=\"image\/jpeg\" \/>\n<meta name=\"twitter:card\" content=\"summary_large_image\" \/>\n<meta name=\"twitter:label1\" content=\"Procijenjeno vrijeme \u010ditanja\" \/>\n\t<meta name=\"twitter:data1\" content=\"2 minute\" \/>\n<script type=\"application\/ld+json\" class=\"yoast-schema-graph\">{\"@context\":\"https:\/\/schema.org\",\"@graph\":[{\"@type\":\"WebPage\",\"@id\":\"https:\/\/www.malasmora.si\/izdelek\/dry_flower_bookmark\/\",\"url\":\"https:\/\/www.malasmora.si\/izdelek\/dry_flower_bookmark\/\",\"name\":\"Knji\u017eni zaznamki iz smole z suhim cvetjem - Mala s mora\",\"isPartOf\":{\"@id\":\"https:\/\/www.malasmora.si\/#website\"},\"primaryImageOfPage\":{\"@id\":\"https:\/\/www.malasmora.si\/izdelek\/dry_flower_bookmark\/#primaryimage\"},\"image\":{\"@id\":\"https:\/\/www.malasmora.si\/izdelek\/dry_flower_bookmark\/#primaryimage\"},\"thumbnailUrl\":\"https:\/\/www.malasmora.si\/wp-content\/uploads\/2025\/11\/dry_flower_resin_bookmark_02.jpg\",\"datePublished\":\"2025-11-18T13:07:00+00:00\",\"dateModified\":\"2025-11-18T13:29:53+00:00\",\"description\":\"Handmade dry flower resin bookmarks, Knji\u017eni zaznamek s suhim cvetjem, Knji\u017ena oznaka bookmark od smole sa suhim cvije\u0107em\",\"breadcrumb\":{\"@id\":\"https:\/\/www.malasmora.si\/izdelek\/dry_flower_bookmark\/#breadcrumb\"},\"inLanguage\":\"hr\",\"potentialAction\":[{\"@type\":\"ReadAction\",\"target\":[\"https:\/\/www.malasmora.si\/izdelek\/dry_flower_bookmark\/\"]}]},{\"@type\":\"ImageObject\",\"inLanguage\":\"hr\",\"@id\":\"https:\/\/www.malasmora.si\/izdelek\/dry_flower_bookmark\/#primaryimage\",\"url\":\"https:\/\/www.malasmora.si\/wp-content\/uploads\/2025\/11\/dry_flower_resin_bookmark_02.jpg\",\"contentUrl\":\"https:\/\/www.malasmora.si\/wp-content\/uploads\/2025\/11\/dry_flower_resin_bookmark_02.jpg\",\"width\":794,\"height\":1059,\"caption\":\"dry_flower_resin_bookmark\"},{\"@type\":\"BreadcrumbList\",\"@id\":\"https:\/\/www.malasmora.si\/izdelek\/dry_flower_bookmark\/#breadcrumb\",\"itemListElement\":[{\"@type\":\"ListItem\",\"position\":1,\"name\":\"Home\",\"item\":\"https:\/\/www.malasmora.si\/\"},{\"@type\":\"ListItem\",\"position\":2,\"name\":\"Shop\",\"item\":\"https:\/\/www.malasmora.si\/shop\/\"},{\"@type\":\"ListItem\",\"position\":3,\"name\":\"Knji\u017eni zaznamki iz smole z suhim cvetjem\"}]},{\"@type\":\"WebSite\",\"@id\":\"https:\/\/www.malasmora.si\/#website\",\"url\":\"https:\/\/www.malasmora.si\/\",\"name\":\"Mala s mora\",\"description\":\"Ro\u010dno izdelan nakit iz epoksi smole\",\"publisher\":{\"@id\":\"https:\/\/www.malasmora.si\/#organization\"},\"potentialAction\":[{\"@type\":\"SearchAction\",\"target\":{\"@type\":\"EntryPoint\",\"urlTemplate\":\"https:\/\/www.malasmora.si\/?s={search_term_string}\"},\"query-input\":{\"@type\":\"PropertyValueSpecification\",\"valueRequired\":true,\"valueName\":\"search_term_string\"}}],\"inLanguage\":\"hr\"},{\"@type\":\"Organization\",\"@id\":\"https:\/\/www.malasmora.si\/#organization\",\"name\":\"Mala s mora\",\"url\":\"https:\/\/www.malasmora.si\/\",\"logo\":{\"@type\":\"ImageObject\",\"inLanguage\":\"hr\",\"@id\":\"https:\/\/www.malasmora.si\/#\/schema\/logo\/image\/\",\"url\":\"https:\/\/www.malasmora.si\/wp-content\/uploads\/2025\/07\/logo_novi_03.png\",\"contentUrl\":\"https:\/\/www.malasmora.si\/wp-content\/uploads\/2025\/07\/logo_novi_03.png\",\"width\":1536,\"height\":1024,\"caption\":\"Mala s mora\"},\"image\":{\"@id\":\"https:\/\/www.malasmora.si\/#\/schema\/logo\/image\/\"},\"sameAs\":[\"https:\/\/www.facebook.com\/MalaSMoraArt\/\"]}]}<\/script>\n<!-- \/ Yoast SEO plugin. -->","yoast_head_json":{"title":"Knji\u017eni zaznamki iz smole z suhim cvetjem - Mala s mora","description":"Handmade dry flower resin bookmarks, Knji\u017eni zaznamek s suhim cvetjem, Knji\u017ena oznaka bookmark od smole sa suhim cvije\u0107em","robots":{"index":"index","follow":"follow","max-snippet":"max-snippet:-1","max-image-preview":"max-image-preview:large","max-video-preview":"max-video-preview:-1"},"canonical":"https:\/\/www.malasmora.si\/hr\/proizvod\/dry_flower_bookmark\/","og_locale":"hr_HR","og_type":"article","og_title":"Knji\u017eni zaznamki iz smole z suhim cvetjem - Mala s mora","og_description":"Handmade dry flower resin bookmarks, Knji\u017eni zaznamek s suhim cvetjem, Knji\u017ena oznaka bookmark od smole sa suhim cvije\u0107em","og_url":"https:\/\/www.malasmora.si\/hr\/proizvod\/dry_flower_bookmark\/","og_site_name":"Mala s mora","article_publisher":"https:\/\/www.facebook.com\/MalaSMoraArt\/","article_modified_time":"2025-11-18T13:29:53+00:00","og_image":[{"width":794,"height":1059,"url":"https:\/\/www.malasmora.si\/wp-content\/uploads\/2025\/11\/dry_flower_resin_bookmark_02.jpg","type":"image\/jpeg"}],"twitter_card":"summary_large_image","twitter_misc":{"Procijenjeno vrijeme \u010ditanja":"2 minute"},"schema":{"@context":"https:\/\/schema.org","@graph":[{"@type":"WebPage","@id":"https:\/\/www.malasmora.si\/izdelek\/dry_flower_bookmark\/","url":"https:\/\/www.malasmora.si\/izdelek\/dry_flower_bookmark\/","name":"Knji\u017eni zaznamki iz smole z suhim cvetjem - Mala s mora","isPartOf":{"@id":"https:\/\/www.malasmora.si\/#website"},"primaryImageOfPage":{"@id":"https:\/\/www.malasmora.si\/izdelek\/dry_flower_bookmark\/#primaryimage"},"image":{"@id":"https:\/\/www.malasmora.si\/izdelek\/dry_flower_bookmark\/#primaryimage"},"thumbnailUrl":"https:\/\/www.malasmora.si\/wp-content\/uploads\/2025\/11\/dry_flower_resin_bookmark_02.jpg","datePublished":"2025-11-18T13:07:00+00:00","dateModified":"2025-11-18T13:29:53+00:00","description":"Handmade dry flower resin bookmarks, Knji\u017eni zaznamek s suhim cvetjem, Knji\u017ena oznaka bookmark od smole sa suhim cvije\u0107em","breadcrumb":{"@id":"https:\/\/www.malasmora.si\/izdelek\/dry_flower_bookmark\/#breadcrumb"},"inLanguage":"hr","potentialAction":[{"@type":"ReadAction","target":["https:\/\/www.malasmora.si\/izdelek\/dry_flower_bookmark\/"]}]},{"@type":"ImageObject","inLanguage":"hr","@id":"https:\/\/www.malasmora.si\/izdelek\/dry_flower_bookmark\/#primaryimage","url":"https:\/\/www.malasmora.si\/wp-content\/uploads\/2025\/11\/dry_flower_resin_bookmark_02.jpg","contentUrl":"https:\/\/www.malasmora.si\/wp-content\/uploads\/2025\/11\/dry_flower_resin_bookmark_02.jpg","width":794,"height":1059,"caption":"dry_flower_resin_bookmark"},{"@type":"BreadcrumbList","@id":"https:\/\/www.malasmora.si\/izdelek\/dry_flower_bookmark\/#breadcrumb","itemListElement":[{"@type":"ListItem","position":1,"name":"Home","item":"https:\/\/www.malasmora.si\/"},{"@type":"ListItem","position":2,"name":"Shop","item":"https:\/\/www.malasmora.si\/shop\/"},{"@type":"ListItem","position":3,"name":"Knji\u017eni zaznamki iz smole z suhim cvetjem"}]},{"@type":"WebSite","@id":"https:\/\/www.malasmora.si\/#website","url":"https:\/\/www.malasmora.si\/","name":"Mala s mora","description":"Ro\u010dno izdelan nakit iz epoksi smole","publisher":{"@id":"https:\/\/www.malasmora.si\/#organization"},"potentialAction":[{"@type":"SearchAction","target":{"@type":"EntryPoint","urlTemplate":"https:\/\/www.malasmora.si\/?s={search_term_string}"},"query-input":{"@type":"PropertyValueSpecification","valueRequired":true,"valueName":"search_term_string"}}],"inLanguage":"hr"},{"@type":"Organization","@id":"https:\/\/www.malasmora.si\/#organization","name":"Mala s mora","url":"https:\/\/www.malasmora.si\/","logo":{"@type":"ImageObject","inLanguage":"hr","@id":"https:\/\/www.malasmora.si\/#\/schema\/logo\/image\/","url":"https:\/\/www.malasmora.si\/wp-content\/uploads\/2025\/07\/logo_novi_03.png","contentUrl":"https:\/\/www.malasmora.si\/wp-content\/uploads\/2025\/07\/logo_novi_03.png","width":1536,"height":1024,"caption":"Mala s mora"},"image":{"@id":"https:\/\/www.malasmora.si\/#\/schema\/logo\/image\/"},"sameAs":["https:\/\/www.facebook.com\/MalaSMoraArt\/"]}]}},"_links":{"self":[{"href":"https:\/\/www.malasmora.si\/hr\/wp-json\/wp\/v2\/product\/3906","targetHints":{"allow":["GET"]}}],"collection":[{"href":"https:\/\/www.malasmora.si\/hr\/wp-json\/wp\/v2\/product"}],"about":[{"href":"https:\/\/www.malasmora.si\/hr\/wp-json\/wp\/v2\/types\/product"}],"replies":[{"embeddable":true,"href":"https:\/\/www.malasmora.si\/hr\/wp-json\/wp\/v2\/comments?post=3906"}],"wp:featuredmedia":[{"embeddable":true,"href":"https:\/\/www.malasmora.si\/hr\/wp-json\/wp\/v2\/media\/3909"}],"wp:attachment":[{"href":"https:\/\/www.malasmora.si\/hr\/wp-json\/wp\/v2\/media?parent=3906"}],"wp:term":[{"taxonomy":"product_brand","embeddable":true,"href":"https:\/\/www.malasmora.si\/hr\/wp-json\/wp\/v2\/product_brand?post=3906"},{"taxonomy":"product_cat","embeddable":true,"href":"https:\/\/www.malasmora.si\/hr\/wp-json\/wp\/v2\/product_cat?post=3906"},{"taxonomy":"product_tag","embeddable":true,"href":"https:\/\/www.malasmora.si\/hr\/wp-json\/wp\/v2\/product_tag?post=3906"}],"curies":[{"name":"wp","href":"https:\/\/api.w.org\/{rel}","templated":true}]}}