{"id":3937,"date":"2025-11-20T18:57:00","date_gmt":"2025-11-20T16:57:00","guid":{"rendered":"https:\/\/www.malasmora.si\/?post_type=product&#038;p=3937"},"modified":"2026-01-24T12:52:38","modified_gmt":"2026-01-24T10:52:38","slug":"cyclamen_earrings","status":"publish","type":"product","link":"https:\/\/www.malasmora.si\/hr\/proizvod\/cyclamen_earrings\/","title":{"rendered":"Uhani iz pravih ciklam"},"content":{"rendered":"<p>Vnesite pridih divje narave v svoj vsakdanji slog s temi ro\u010dno izdelanimi uhani iz pravih cvetov ciklam v kristalno \u010disti smoli. Vsak cvet je ohranil svojo naravno teksturo, obliko in ne\u017ene vijoli\u010dne tone, zaradi \u010desar je vsak par popolnoma unikaten.<\/p>\n<p>Cvetove sem zdru\u017eila z elegantnimi kavelj\u010dki iz nerjave\u010dega jekla (hipoalergeni, odporni proti oksidaciji) in ne\u017enim filigranskim povezovalcem, zaradi katerega se cvetovi \u010dudovito zibljejo. Premaz iz smole jim daje sijajni zaklju\u010dek in \u0161\u010diti krhke cvetove, tako da lahko ta \u010dudoviti ko\u0161\u010dek narave nosite leta in leta.<\/p>\n<p>\u2728 Podrobnosti<\/p>\n<p>Pravi cvetovi ciklam<\/p>\n<p>Kavelj\u010dki iz nerjave\u010dega jekla + filigranski povezovalnik<\/p>\n<p>Lahki in udobni<\/p>\n<p>Sijajni zaklju\u010dek, trpe\u017een premaz<\/p>\n<p>Unikaten par \u2013 cvetovi se nikoli ne bodo ponovili popolnoma enaki<\/p>\n<p>Ro\u010dno izdelani v Sloveniji<\/p>\n<p>\ud83c\udf81 Popolno darilo za:<\/p>\n<p>Ljubitelje narave, ljubitelje boho stila, dru\u017eice, rojstnodnevne zabave, obletnice ali vse, ki imajo radi redek botani\u010dni nakit.<\/p>\n<p>\ud83d\udce6 Embala\u017ea<\/p>\n<p>Va\u0161i uhani bodo prispeli lepo zapakirani, pripravljeni za darilo.<\/p>\n<p>&nbsp;<\/p>\n<p>&nbsp;<\/p>","protected":false},"excerpt":{"rendered":"<p>Vnesite pridih divje narave v svoj vsakdanji slog s temi ro\u010dno izdelanimi uhani iz pravih cvetov ciklam v kristalno \u010disti smoli. Vsak cvet je ohranil svojo naravno teksturo, obliko in ne\u017ene vijoli\u010dne tone, zaradi \u010desar je vsak par popolnoma unikaten. Cvetove sem zdru\u017eila z elegantnimi kavelj\u010dki iz nerjave\u010dega jekla (hipoalergeni, odporni proti oksidaciji) in ne\u017enim&#8230;<\/p>","protected":false},"featured_media":3940,"comment_status":"open","ping_status":"closed","template":"","meta":{"_kadence_starter_templates_imported_post":false,"_kad_post_transparent":"default","_kad_post_title":"","_kad_post_layout":"default","_kad_post_sidebar_id":"","_kad_post_content_style":"default","_kad_post_vertical_padding":"default","_kad_post_feature":"","_kad_post_feature_position":"","_kad_post_header":false,"_kad_post_footer":false},"product_brand":[],"product_cat":[19],"product_tag":[1067,231,1065,1062,1063,1070,718,1066,74,67,1069,734,1068,1064,1071,236,1037,75,1046],"class_list":{"0":"post-3937","1":"product","2":"type-product","3":"status-publish","4":"has-post-thumbnail","6":"product_cat-earrings","7":"product_tag-alpenveilchen-ohrrin","8":"product_tag-botanical_earrings","9":"product_tag-botanischer-schmuck","10":"product_tag-cyclamen_earrings","11":"product_tag-cyclamen_resin_earrings","12":"product_tag-edelstahl-ohrringe","13":"product_tag-floral_earrings","14":"product_tag-gioielli-in-resina","15":"product_tag-handmade_earrings","16":"product_tag-handmade_jewelry","17":"product_tag-joyeria-botanica","18":"product_tag-natural_jewelry","19":"product_tag-orecchini-ciclamino","20":"product_tag-orecchini-fiori-veri","21":"product_tag-pendientes-flor-natur","22":"product_tag-purple_earrings","23":"product_tag-real-wildflower-earrings","24":"product_tag-resin_earrings","25":"product_tag-wildflower-resin-earrings","27":"first","28":"instock","29":"sale","30":"sold-individually","31":"taxable","32":"shipping-taxable","33":"purchasable","34":"product-type-simple","35":"entry","36":"content-bg","37":"loop-entry"},"yoast_head":"<!-- This site is optimized with the Yoast SEO plugin v26.6 - https:\/\/yoast.com\/wordpress\/plugins\/seo\/ -->\n<title>Uhani iz pravih ciklam - Mala s mora<\/title>\n<meta name=\"description\" content=\"Handmade cyclamen flower earrings, Uhani iz cvetja ciklam in smole, Nau\u0161nice od cvijeta ciklame i smole\" \/>\n<meta name=\"robots\" content=\"index, follow, max-snippet:-1, max-image-preview:large, max-video-preview:-1\" \/>\n<link rel=\"canonical\" href=\"https:\/\/www.malasmora.si\/hr\/proizvod\/cyclamen_earrings\/\" \/>\n<meta property=\"og:locale\" content=\"hr_HR\" \/>\n<meta property=\"og:type\" content=\"article\" \/>\n<meta property=\"og:title\" content=\"Uhani iz pravih ciklam - Mala s mora\" \/>\n<meta property=\"og:description\" content=\"Handmade cyclamen flower earrings, Uhani iz cvetja ciklam in smole, Nau\u0161nice od cvijeta ciklame i smole\" \/>\n<meta property=\"og:url\" content=\"https:\/\/www.malasmora.si\/hr\/proizvod\/cyclamen_earrings\/\" \/>\n<meta property=\"og:site_name\" content=\"Mala s mora\" \/>\n<meta property=\"article:publisher\" content=\"https:\/\/www.facebook.com\/MalaSMoraArt\/\" \/>\n<meta property=\"article:modified_time\" content=\"2026-01-24T10:52:38+00:00\" \/>\n<meta property=\"og:image\" content=\"https:\/\/www.malasmora.si\/wp-content\/uploads\/2025\/11\/cyclamen_earrings.webp\" \/>\n\t<meta property=\"og:image:width\" content=\"794\" \/>\n\t<meta property=\"og:image:height\" content=\"1059\" \/>\n\t<meta property=\"og:image:type\" content=\"image\/webp\" \/>\n<meta name=\"twitter:card\" content=\"summary_large_image\" \/>\n<meta name=\"twitter:label1\" content=\"Procijenjeno vrijeme \u010ditanja\" \/>\n\t<meta name=\"twitter:data1\" content=\"2 minute\" \/>\n<script type=\"application\/ld+json\" class=\"yoast-schema-graph\">{\"@context\":\"https:\/\/schema.org\",\"@graph\":[{\"@type\":\"WebPage\",\"@id\":\"https:\/\/www.malasmora.si\/izdelek\/cyclamen_earrings\/\",\"url\":\"https:\/\/www.malasmora.si\/izdelek\/cyclamen_earrings\/\",\"name\":\"Uhani iz pravih ciklam - Mala s mora\",\"isPartOf\":{\"@id\":\"https:\/\/www.malasmora.si\/#website\"},\"primaryImageOfPage\":{\"@id\":\"https:\/\/www.malasmora.si\/izdelek\/cyclamen_earrings\/#primaryimage\"},\"image\":{\"@id\":\"https:\/\/www.malasmora.si\/izdelek\/cyclamen_earrings\/#primaryimage\"},\"thumbnailUrl\":\"https:\/\/www.malasmora.si\/wp-content\/uploads\/2025\/11\/cyclamen_earrings.webp\",\"datePublished\":\"2025-11-20T16:57:00+00:00\",\"dateModified\":\"2026-01-24T10:52:38+00:00\",\"description\":\"Handmade cyclamen flower earrings, Uhani iz cvetja ciklam in smole, Nau\u0161nice od cvijeta ciklame i smole\",\"breadcrumb\":{\"@id\":\"https:\/\/www.malasmora.si\/izdelek\/cyclamen_earrings\/#breadcrumb\"},\"inLanguage\":\"hr\",\"potentialAction\":[{\"@type\":\"ReadAction\",\"target\":[\"https:\/\/www.malasmora.si\/izdelek\/cyclamen_earrings\/\"]}]},{\"@type\":\"ImageObject\",\"inLanguage\":\"hr\",\"@id\":\"https:\/\/www.malasmora.si\/izdelek\/cyclamen_earrings\/#primaryimage\",\"url\":\"https:\/\/www.malasmora.si\/wp-content\/uploads\/2025\/11\/cyclamen_earrings.webp\",\"contentUrl\":\"https:\/\/www.malasmora.si\/wp-content\/uploads\/2025\/11\/cyclamen_earrings.webp\",\"width\":794,\"height\":1059,\"caption\":\"cyclamen_earrings\"},{\"@type\":\"BreadcrumbList\",\"@id\":\"https:\/\/www.malasmora.si\/izdelek\/cyclamen_earrings\/#breadcrumb\",\"itemListElement\":[{\"@type\":\"ListItem\",\"position\":1,\"name\":\"Home\",\"item\":\"https:\/\/www.malasmora.si\/\"},{\"@type\":\"ListItem\",\"position\":2,\"name\":\"Shop\",\"item\":\"https:\/\/www.malasmora.si\/shop\/\"},{\"@type\":\"ListItem\",\"position\":3,\"name\":\"Uhani iz pravih ciklam\"}]},{\"@type\":\"WebSite\",\"@id\":\"https:\/\/www.malasmora.si\/#website\",\"url\":\"https:\/\/www.malasmora.si\/\",\"name\":\"Mala s mora\",\"description\":\"Ro\u010dno izdelan nakit iz epoksi smole\",\"publisher\":{\"@id\":\"https:\/\/www.malasmora.si\/#organization\"},\"potentialAction\":[{\"@type\":\"SearchAction\",\"target\":{\"@type\":\"EntryPoint\",\"urlTemplate\":\"https:\/\/www.malasmora.si\/?s={search_term_string}\"},\"query-input\":{\"@type\":\"PropertyValueSpecification\",\"valueRequired\":true,\"valueName\":\"search_term_string\"}}],\"inLanguage\":\"hr\"},{\"@type\":\"Organization\",\"@id\":\"https:\/\/www.malasmora.si\/#organization\",\"name\":\"Mala s mora\",\"url\":\"https:\/\/www.malasmora.si\/\",\"logo\":{\"@type\":\"ImageObject\",\"inLanguage\":\"hr\",\"@id\":\"https:\/\/www.malasmora.si\/#\/schema\/logo\/image\/\",\"url\":\"https:\/\/www.malasmora.si\/wp-content\/uploads\/2025\/07\/logo_novi_03.png\",\"contentUrl\":\"https:\/\/www.malasmora.si\/wp-content\/uploads\/2025\/07\/logo_novi_03.png\",\"width\":1536,\"height\":1024,\"caption\":\"Mala s mora\"},\"image\":{\"@id\":\"https:\/\/www.malasmora.si\/#\/schema\/logo\/image\/\"},\"sameAs\":[\"https:\/\/www.facebook.com\/MalaSMoraArt\/\"]}]}<\/script>\n<!-- \/ Yoast SEO plugin. -->","yoast_head_json":{"title":"Uhani iz pravih ciklam - Mala s mora","description":"Handmade cyclamen flower earrings, Uhani iz cvetja ciklam in smole, Nau\u0161nice od cvijeta ciklame i smole","robots":{"index":"index","follow":"follow","max-snippet":"max-snippet:-1","max-image-preview":"max-image-preview:large","max-video-preview":"max-video-preview:-1"},"canonical":"https:\/\/www.malasmora.si\/hr\/proizvod\/cyclamen_earrings\/","og_locale":"hr_HR","og_type":"article","og_title":"Uhani iz pravih ciklam - Mala s mora","og_description":"Handmade cyclamen flower earrings, Uhani iz cvetja ciklam in smole, Nau\u0161nice od cvijeta ciklame i smole","og_url":"https:\/\/www.malasmora.si\/hr\/proizvod\/cyclamen_earrings\/","og_site_name":"Mala s mora","article_publisher":"https:\/\/www.facebook.com\/MalaSMoraArt\/","article_modified_time":"2026-01-24T10:52:38+00:00","og_image":[{"width":794,"height":1059,"url":"https:\/\/www.malasmora.si\/wp-content\/uploads\/2025\/11\/cyclamen_earrings.webp","type":"image\/webp"}],"twitter_card":"summary_large_image","twitter_misc":{"Procijenjeno vrijeme \u010ditanja":"2 minute"},"schema":{"@context":"https:\/\/schema.org","@graph":[{"@type":"WebPage","@id":"https:\/\/www.malasmora.si\/izdelek\/cyclamen_earrings\/","url":"https:\/\/www.malasmora.si\/izdelek\/cyclamen_earrings\/","name":"Uhani iz pravih ciklam - Mala s mora","isPartOf":{"@id":"https:\/\/www.malasmora.si\/#website"},"primaryImageOfPage":{"@id":"https:\/\/www.malasmora.si\/izdelek\/cyclamen_earrings\/#primaryimage"},"image":{"@id":"https:\/\/www.malasmora.si\/izdelek\/cyclamen_earrings\/#primaryimage"},"thumbnailUrl":"https:\/\/www.malasmora.si\/wp-content\/uploads\/2025\/11\/cyclamen_earrings.webp","datePublished":"2025-11-20T16:57:00+00:00","dateModified":"2026-01-24T10:52:38+00:00","description":"Handmade cyclamen flower earrings, Uhani iz cvetja ciklam in smole, Nau\u0161nice od cvijeta ciklame i smole","breadcrumb":{"@id":"https:\/\/www.malasmora.si\/izdelek\/cyclamen_earrings\/#breadcrumb"},"inLanguage":"hr","potentialAction":[{"@type":"ReadAction","target":["https:\/\/www.malasmora.si\/izdelek\/cyclamen_earrings\/"]}]},{"@type":"ImageObject","inLanguage":"hr","@id":"https:\/\/www.malasmora.si\/izdelek\/cyclamen_earrings\/#primaryimage","url":"https:\/\/www.malasmora.si\/wp-content\/uploads\/2025\/11\/cyclamen_earrings.webp","contentUrl":"https:\/\/www.malasmora.si\/wp-content\/uploads\/2025\/11\/cyclamen_earrings.webp","width":794,"height":1059,"caption":"cyclamen_earrings"},{"@type":"BreadcrumbList","@id":"https:\/\/www.malasmora.si\/izdelek\/cyclamen_earrings\/#breadcrumb","itemListElement":[{"@type":"ListItem","position":1,"name":"Home","item":"https:\/\/www.malasmora.si\/"},{"@type":"ListItem","position":2,"name":"Shop","item":"https:\/\/www.malasmora.si\/shop\/"},{"@type":"ListItem","position":3,"name":"Uhani iz pravih ciklam"}]},{"@type":"WebSite","@id":"https:\/\/www.malasmora.si\/#website","url":"https:\/\/www.malasmora.si\/","name":"Mala s mora","description":"Ro\u010dno izdelan nakit iz epoksi smole","publisher":{"@id":"https:\/\/www.malasmora.si\/#organization"},"potentialAction":[{"@type":"SearchAction","target":{"@type":"EntryPoint","urlTemplate":"https:\/\/www.malasmora.si\/?s={search_term_string}"},"query-input":{"@type":"PropertyValueSpecification","valueRequired":true,"valueName":"search_term_string"}}],"inLanguage":"hr"},{"@type":"Organization","@id":"https:\/\/www.malasmora.si\/#organization","name":"Mala s mora","url":"https:\/\/www.malasmora.si\/","logo":{"@type":"ImageObject","inLanguage":"hr","@id":"https:\/\/www.malasmora.si\/#\/schema\/logo\/image\/","url":"https:\/\/www.malasmora.si\/wp-content\/uploads\/2025\/07\/logo_novi_03.png","contentUrl":"https:\/\/www.malasmora.si\/wp-content\/uploads\/2025\/07\/logo_novi_03.png","width":1536,"height":1024,"caption":"Mala s mora"},"image":{"@id":"https:\/\/www.malasmora.si\/#\/schema\/logo\/image\/"},"sameAs":["https:\/\/www.facebook.com\/MalaSMoraArt\/"]}]}},"_links":{"self":[{"href":"https:\/\/www.malasmora.si\/hr\/wp-json\/wp\/v2\/product\/3937","targetHints":{"allow":["GET"]}}],"collection":[{"href":"https:\/\/www.malasmora.si\/hr\/wp-json\/wp\/v2\/product"}],"about":[{"href":"https:\/\/www.malasmora.si\/hr\/wp-json\/wp\/v2\/types\/product"}],"replies":[{"embeddable":true,"href":"https:\/\/www.malasmora.si\/hr\/wp-json\/wp\/v2\/comments?post=3937"}],"wp:featuredmedia":[{"embeddable":true,"href":"https:\/\/www.malasmora.si\/hr\/wp-json\/wp\/v2\/media\/3940"}],"wp:attachment":[{"href":"https:\/\/www.malasmora.si\/hr\/wp-json\/wp\/v2\/media?parent=3937"}],"wp:term":[{"taxonomy":"product_brand","embeddable":true,"href":"https:\/\/www.malasmora.si\/hr\/wp-json\/wp\/v2\/product_brand?post=3937"},{"taxonomy":"product_cat","embeddable":true,"href":"https:\/\/www.malasmora.si\/hr\/wp-json\/wp\/v2\/product_cat?post=3937"},{"taxonomy":"product_tag","embeddable":true,"href":"https:\/\/www.malasmora.si\/hr\/wp-json\/wp\/v2\/product_tag?post=3937"}],"curies":[{"name":"wp","href":"https:\/\/api.w.org\/{rel}","templated":true}]}}