{"id":3950,"date":"2025-11-25T21:23:31","date_gmt":"2025-11-25T19:23:31","guid":{"rendered":"https:\/\/www.malasmora.si\/?post_type=product&#038;p=3950"},"modified":"2025-11-25T22:08:47","modified_gmt":"2025-11-25T20:08:47","slug":"reindeer_ornament_red_gold","status":"publish","type":"product","link":"https:\/\/www.malasmora.si\/hr\/proizvod\/reindeer_ornament_red_gold\/","title":{"rendered":"Bo\u017ei\u010dni okrasek jelen rde\u010de zlati"},"content":{"rendered":"<p>V svoj prazni\u010dni dom vnesite kan\u010dek \u010darovnije s temi ro\u010dno izdelanimi jeleni iz smole. Vsak kos je skrbno ro\u010dno vlit z visokokakovostno epoksi smolo, ble\u0161\u010dicami, zlatimi listi\u010di in pigmenti, ki \u010dudovito lovijo svetlobo na va\u0161i bo\u017ei\u010dni jelki.<\/p>\n<p>Ti okraski so lahki, trpe\u017eni in sijo\u010di \u2013 popolni za dodajanje iskric in elegance vsakemu prazni\u010dnemu koti\u010dku va\u0161ega doma.<\/p>\n<p>\u2728 Zna\u010dilnosti izdelka<\/p>\n<p>&#8211; 100 % ro\u010dno izdelano \u2013 vsak jelen je unikaten<\/p>\n<p>&#8211; Visokokakovostna prozorna smola z zlatimi ble\u0161\u010dicami<\/p>\n<p>&#8211; Gladka, sijo\u010da \u200b\u200bpovr\u0161ina<\/p>\n<p>&#8211; Odli\u010dno za drevesca, okna, darilno embala\u017eo, girlande in prazni\u010dno dekoracijo<\/p>\n<p>\ud83d\udccf Velikost<\/p>\n<p>Pribli\u017eno 11\u201313 cm (4,3&#8243; &#8211; 5,1&#8243;)<\/p>\n<p>\ud83c\udf81 Popolno za<\/p>\n<p>okra\u0161evanje bo\u017ei\u010dnega drevesca \u2022 prazni\u010dna darila \u2022 dekoracijo doma \u2022 adventno dekoracijo \u2022 skrivnega Bo\u017ei\u010dka \u2022 darilo za u\u010ditelje \u2022 polnila za nogavice<\/p>\n<p>\ud83c\udf84 Ti ro\u010dno izdelani ble\u0161\u010de\u010di okraski v obliki jelenov bodo va\u0161i bo\u017ei\u010dni dekoraciji v trenutku dodali razko\u0161en in prazni\u010den pridih.<\/p>\n<p>\u010ce potrebujete barve po va\u0161i \u017eelji, mi pi\u0161ite \u2013 rada izdelujem personalizirane kose!<\/p>\n<p>&nbsp;<\/p>","protected":false},"excerpt":{"rendered":"<p>V svoj prazni\u010dni dom vnesite kan\u010dek \u010darovnije s temi ro\u010dno izdelanimi jeleni iz smole. Vsak kos je skrbno ro\u010dno vlit z visokokakovostno epoksi smolo, ble\u0161\u010dicami, zlatimi listi\u010di in pigmenti, ki \u010dudovito lovijo svetlobo na va\u0161i bo\u017ei\u010dni jelki. Ti okraski so lahki, trpe\u017eni in sijo\u010di \u2013 popolni za dodajanje iskric in elegance vsakemu prazni\u010dnemu koti\u010dku va\u0161ega&#8230;<\/p>","protected":false},"featured_media":3960,"comment_status":"open","ping_status":"closed","template":"","meta":{"_kadence_starter_templates_imported_post":false,"_kad_post_transparent":"default","_kad_post_title":"","_kad_post_layout":"default","_kad_post_sidebar_id":"","_kad_post_content_style":"default","_kad_post_vertical_padding":"default","_kad_post_feature":"","_kad_post_feature_position":"","_kad_post_header":false,"_kad_post_footer":false},"product_brand":[],"product_cat":[360],"product_tag":[338,348,346,634,341,350,1086,1085,339,1084,349,345],"class_list":{"0":"post-3950","1":"product","2":"type-product","3":"status-publish","4":"has-post-thumbnail","6":"product_cat-christmas_ornaments","7":"product_tag-christmas_decoration","8":"product_tag-christmas_gift","9":"product_tag-christmas_ornaments","10":"product_tag-christmas_tree_decoration","11":"product_tag-handmade_ornament","12":"product_tag-home_decoration","13":"product_tag-reindeer_christmas_ornament","14":"product_tag-reindeer_ornament","15":"product_tag-resin_ornament","16":"product_tag-resin_reindeer","17":"product_tag-seasonal_decoration","18":"product_tag-unique_ornament","20":"first","21":"instock","22":"sold-individually","23":"taxable","24":"shipping-taxable","25":"purchasable","26":"product-type-variable","27":"entry","28":"content-bg","29":"loop-entry"},"yoast_head":"<!-- This site is optimized with the Yoast SEO plugin v26.6 - https:\/\/yoast.com\/wordpress\/plugins\/seo\/ -->\n<title>Bo\u017ei\u010dni okrasek jelen rde\u010de zlati - Mala s mora<\/title>\n<meta name=\"description\" content=\"Big Christmas resin sparkling reindeer ornament, Veliki Bo\u017ei\u010dni okras v obliki jelena iz smole, Veliki Bo\u017ei\u0107ni ukras svjetlucavi jelen od smole\" \/>\n<meta name=\"robots\" content=\"index, follow, max-snippet:-1, max-image-preview:large, max-video-preview:-1\" \/>\n<link rel=\"canonical\" href=\"https:\/\/www.malasmora.si\/hr\/proizvod\/reindeer_ornament_red_gold\/\" \/>\n<meta property=\"og:locale\" content=\"hr_HR\" \/>\n<meta property=\"og:type\" content=\"article\" \/>\n<meta property=\"og:title\" content=\"Bo\u017ei\u010dni okrasek jelen rde\u010de zlati - Mala s mora\" \/>\n<meta property=\"og:description\" content=\"Big Christmas resin sparkling reindeer ornament, Veliki Bo\u017ei\u010dni okras v obliki jelena iz smole, Veliki Bo\u017ei\u0107ni ukras svjetlucavi jelen od smole\" \/>\n<meta property=\"og:url\" content=\"https:\/\/www.malasmora.si\/hr\/proizvod\/reindeer_ornament_red_gold\/\" \/>\n<meta property=\"og:site_name\" content=\"Mala s mora\" \/>\n<meta property=\"article:publisher\" content=\"https:\/\/www.facebook.com\/MalaSMoraArt\/\" \/>\n<meta property=\"article:modified_time\" content=\"2025-11-25T20:08:47+00:00\" \/>\n<meta property=\"og:image\" content=\"https:\/\/www.malasmora.si\/wp-content\/uploads\/2025\/11\/deer_red_gold_ornament-scaled.jpg\" \/>\n\t<meta property=\"og:image:width\" content=\"1920\" \/>\n\t<meta property=\"og:image:height\" content=\"2560\" \/>\n\t<meta property=\"og:image:type\" content=\"image\/jpeg\" \/>\n<meta name=\"twitter:card\" content=\"summary_large_image\" \/>\n<meta name=\"twitter:label1\" content=\"Procijenjeno vrijeme \u010ditanja\" \/>\n\t<meta name=\"twitter:data1\" content=\"2 minute\" \/>\n<script type=\"application\/ld+json\" class=\"yoast-schema-graph\">{\"@context\":\"https:\/\/schema.org\",\"@graph\":[{\"@type\":\"WebPage\",\"@id\":\"https:\/\/www.malasmora.si\/izdelek\/reindeer_ornament_red_gold\/\",\"url\":\"https:\/\/www.malasmora.si\/izdelek\/reindeer_ornament_red_gold\/\",\"name\":\"Bo\u017ei\u010dni okrasek jelen rde\u010de zlati - Mala s mora\",\"isPartOf\":{\"@id\":\"https:\/\/www.malasmora.si\/#website\"},\"primaryImageOfPage\":{\"@id\":\"https:\/\/www.malasmora.si\/izdelek\/reindeer_ornament_red_gold\/#primaryimage\"},\"image\":{\"@id\":\"https:\/\/www.malasmora.si\/izdelek\/reindeer_ornament_red_gold\/#primaryimage\"},\"thumbnailUrl\":\"https:\/\/www.malasmora.si\/wp-content\/uploads\/2025\/11\/deer_red_gold_ornament-scaled.jpg\",\"datePublished\":\"2025-11-25T19:23:31+00:00\",\"dateModified\":\"2025-11-25T20:08:47+00:00\",\"description\":\"Big Christmas resin sparkling reindeer ornament, Veliki Bo\u017ei\u010dni okras v obliki jelena iz smole, Veliki Bo\u017ei\u0107ni ukras svjetlucavi jelen od smole\",\"breadcrumb\":{\"@id\":\"https:\/\/www.malasmora.si\/izdelek\/reindeer_ornament_red_gold\/#breadcrumb\"},\"inLanguage\":\"hr\",\"potentialAction\":[{\"@type\":\"ReadAction\",\"target\":[\"https:\/\/www.malasmora.si\/izdelek\/reindeer_ornament_red_gold\/\"]}]},{\"@type\":\"ImageObject\",\"inLanguage\":\"hr\",\"@id\":\"https:\/\/www.malasmora.si\/izdelek\/reindeer_ornament_red_gold\/#primaryimage\",\"url\":\"https:\/\/www.malasmora.si\/wp-content\/uploads\/2025\/11\/deer_red_gold_ornament-scaled.jpg\",\"contentUrl\":\"https:\/\/www.malasmora.si\/wp-content\/uploads\/2025\/11\/deer_red_gold_ornament-scaled.jpg\",\"width\":1920,\"height\":2560,\"caption\":\"deer_red_gold_ornament\"},{\"@type\":\"BreadcrumbList\",\"@id\":\"https:\/\/www.malasmora.si\/izdelek\/reindeer_ornament_red_gold\/#breadcrumb\",\"itemListElement\":[{\"@type\":\"ListItem\",\"position\":1,\"name\":\"Home\",\"item\":\"https:\/\/www.malasmora.si\/\"},{\"@type\":\"ListItem\",\"position\":2,\"name\":\"Shop\",\"item\":\"https:\/\/www.malasmora.si\/shop\/\"},{\"@type\":\"ListItem\",\"position\":3,\"name\":\"Bo\u017ei\u010dni okrasek jelen rde\u010de zlati\"}]},{\"@type\":\"WebSite\",\"@id\":\"https:\/\/www.malasmora.si\/#website\",\"url\":\"https:\/\/www.malasmora.si\/\",\"name\":\"Mala s mora\",\"description\":\"Ro\u010dno izdelan nakit iz epoksi smole\",\"publisher\":{\"@id\":\"https:\/\/www.malasmora.si\/#organization\"},\"potentialAction\":[{\"@type\":\"SearchAction\",\"target\":{\"@type\":\"EntryPoint\",\"urlTemplate\":\"https:\/\/www.malasmora.si\/?s={search_term_string}\"},\"query-input\":{\"@type\":\"PropertyValueSpecification\",\"valueRequired\":true,\"valueName\":\"search_term_string\"}}],\"inLanguage\":\"hr\"},{\"@type\":\"Organization\",\"@id\":\"https:\/\/www.malasmora.si\/#organization\",\"name\":\"Mala s mora\",\"url\":\"https:\/\/www.malasmora.si\/\",\"logo\":{\"@type\":\"ImageObject\",\"inLanguage\":\"hr\",\"@id\":\"https:\/\/www.malasmora.si\/#\/schema\/logo\/image\/\",\"url\":\"https:\/\/www.malasmora.si\/wp-content\/uploads\/2025\/07\/logo_novi_03.png\",\"contentUrl\":\"https:\/\/www.malasmora.si\/wp-content\/uploads\/2025\/07\/logo_novi_03.png\",\"width\":1536,\"height\":1024,\"caption\":\"Mala s mora\"},\"image\":{\"@id\":\"https:\/\/www.malasmora.si\/#\/schema\/logo\/image\/\"},\"sameAs\":[\"https:\/\/www.facebook.com\/MalaSMoraArt\/\"]}]}<\/script>\n<!-- \/ Yoast SEO plugin. -->","yoast_head_json":{"title":"Bo\u017ei\u010dni okrasek jelen rde\u010de zlati - Mala s mora","description":"Big Christmas resin sparkling reindeer ornament, Veliki Bo\u017ei\u010dni okras v obliki jelena iz smole, Veliki Bo\u017ei\u0107ni ukras svjetlucavi jelen od smole","robots":{"index":"index","follow":"follow","max-snippet":"max-snippet:-1","max-image-preview":"max-image-preview:large","max-video-preview":"max-video-preview:-1"},"canonical":"https:\/\/www.malasmora.si\/hr\/proizvod\/reindeer_ornament_red_gold\/","og_locale":"hr_HR","og_type":"article","og_title":"Bo\u017ei\u010dni okrasek jelen rde\u010de zlati - Mala s mora","og_description":"Big Christmas resin sparkling reindeer ornament, Veliki Bo\u017ei\u010dni okras v obliki jelena iz smole, Veliki Bo\u017ei\u0107ni ukras svjetlucavi jelen od smole","og_url":"https:\/\/www.malasmora.si\/hr\/proizvod\/reindeer_ornament_red_gold\/","og_site_name":"Mala s mora","article_publisher":"https:\/\/www.facebook.com\/MalaSMoraArt\/","article_modified_time":"2025-11-25T20:08:47+00:00","og_image":[{"width":1920,"height":2560,"url":"https:\/\/www.malasmora.si\/wp-content\/uploads\/2025\/11\/deer_red_gold_ornament-scaled.jpg","type":"image\/jpeg"}],"twitter_card":"summary_large_image","twitter_misc":{"Procijenjeno vrijeme \u010ditanja":"2 minute"},"schema":{"@context":"https:\/\/schema.org","@graph":[{"@type":"WebPage","@id":"https:\/\/www.malasmora.si\/izdelek\/reindeer_ornament_red_gold\/","url":"https:\/\/www.malasmora.si\/izdelek\/reindeer_ornament_red_gold\/","name":"Bo\u017ei\u010dni okrasek jelen rde\u010de zlati - Mala s mora","isPartOf":{"@id":"https:\/\/www.malasmora.si\/#website"},"primaryImageOfPage":{"@id":"https:\/\/www.malasmora.si\/izdelek\/reindeer_ornament_red_gold\/#primaryimage"},"image":{"@id":"https:\/\/www.malasmora.si\/izdelek\/reindeer_ornament_red_gold\/#primaryimage"},"thumbnailUrl":"https:\/\/www.malasmora.si\/wp-content\/uploads\/2025\/11\/deer_red_gold_ornament-scaled.jpg","datePublished":"2025-11-25T19:23:31+00:00","dateModified":"2025-11-25T20:08:47+00:00","description":"Big Christmas resin sparkling reindeer ornament, Veliki Bo\u017ei\u010dni okras v obliki jelena iz smole, Veliki Bo\u017ei\u0107ni ukras svjetlucavi jelen od smole","breadcrumb":{"@id":"https:\/\/www.malasmora.si\/izdelek\/reindeer_ornament_red_gold\/#breadcrumb"},"inLanguage":"hr","potentialAction":[{"@type":"ReadAction","target":["https:\/\/www.malasmora.si\/izdelek\/reindeer_ornament_red_gold\/"]}]},{"@type":"ImageObject","inLanguage":"hr","@id":"https:\/\/www.malasmora.si\/izdelek\/reindeer_ornament_red_gold\/#primaryimage","url":"https:\/\/www.malasmora.si\/wp-content\/uploads\/2025\/11\/deer_red_gold_ornament-scaled.jpg","contentUrl":"https:\/\/www.malasmora.si\/wp-content\/uploads\/2025\/11\/deer_red_gold_ornament-scaled.jpg","width":1920,"height":2560,"caption":"deer_red_gold_ornament"},{"@type":"BreadcrumbList","@id":"https:\/\/www.malasmora.si\/izdelek\/reindeer_ornament_red_gold\/#breadcrumb","itemListElement":[{"@type":"ListItem","position":1,"name":"Home","item":"https:\/\/www.malasmora.si\/"},{"@type":"ListItem","position":2,"name":"Shop","item":"https:\/\/www.malasmora.si\/shop\/"},{"@type":"ListItem","position":3,"name":"Bo\u017ei\u010dni okrasek jelen rde\u010de zlati"}]},{"@type":"WebSite","@id":"https:\/\/www.malasmora.si\/#website","url":"https:\/\/www.malasmora.si\/","name":"Mala s mora","description":"Ro\u010dno izdelan nakit iz epoksi smole","publisher":{"@id":"https:\/\/www.malasmora.si\/#organization"},"potentialAction":[{"@type":"SearchAction","target":{"@type":"EntryPoint","urlTemplate":"https:\/\/www.malasmora.si\/?s={search_term_string}"},"query-input":{"@type":"PropertyValueSpecification","valueRequired":true,"valueName":"search_term_string"}}],"inLanguage":"hr"},{"@type":"Organization","@id":"https:\/\/www.malasmora.si\/#organization","name":"Mala s mora","url":"https:\/\/www.malasmora.si\/","logo":{"@type":"ImageObject","inLanguage":"hr","@id":"https:\/\/www.malasmora.si\/#\/schema\/logo\/image\/","url":"https:\/\/www.malasmora.si\/wp-content\/uploads\/2025\/07\/logo_novi_03.png","contentUrl":"https:\/\/www.malasmora.si\/wp-content\/uploads\/2025\/07\/logo_novi_03.png","width":1536,"height":1024,"caption":"Mala s mora"},"image":{"@id":"https:\/\/www.malasmora.si\/#\/schema\/logo\/image\/"},"sameAs":["https:\/\/www.facebook.com\/MalaSMoraArt\/"]}]}},"_links":{"self":[{"href":"https:\/\/www.malasmora.si\/hr\/wp-json\/wp\/v2\/product\/3950","targetHints":{"allow":["GET"]}}],"collection":[{"href":"https:\/\/www.malasmora.si\/hr\/wp-json\/wp\/v2\/product"}],"about":[{"href":"https:\/\/www.malasmora.si\/hr\/wp-json\/wp\/v2\/types\/product"}],"replies":[{"embeddable":true,"href":"https:\/\/www.malasmora.si\/hr\/wp-json\/wp\/v2\/comments?post=3950"}],"wp:featuredmedia":[{"embeddable":true,"href":"https:\/\/www.malasmora.si\/hr\/wp-json\/wp\/v2\/media\/3960"}],"wp:attachment":[{"href":"https:\/\/www.malasmora.si\/hr\/wp-json\/wp\/v2\/media?parent=3950"}],"wp:term":[{"taxonomy":"product_brand","embeddable":true,"href":"https:\/\/www.malasmora.si\/hr\/wp-json\/wp\/v2\/product_brand?post=3950"},{"taxonomy":"product_cat","embeddable":true,"href":"https:\/\/www.malasmora.si\/hr\/wp-json\/wp\/v2\/product_cat?post=3950"},{"taxonomy":"product_tag","embeddable":true,"href":"https:\/\/www.malasmora.si\/hr\/wp-json\/wp\/v2\/product_tag?post=3950"}],"curies":[{"name":"wp","href":"https:\/\/api.w.org\/{rel}","templated":true}]}}