{"id":4034,"date":"2026-01-21T20:42:21","date_gmt":"2026-01-21T18:42:21","guid":{"rendered":"https:\/\/www.malasmora.si\/?post_type=product&#038;p=4034"},"modified":"2026-01-21T21:25:05","modified_gmt":"2026-01-21T19:25:05","slug":"oak_leaf_necklace","status":"publish","type":"product","link":"https:\/\/www.malasmora.si\/hr\/proizvod\/oak_leaf_necklace\/","title":{"rendered":"Ogrlica iz hrastovega lista"},"content":{"rendered":"<p>Ta edinstvena ogrlica ima obesek iz pravega hrastovega lista, skrbno izbranega, posu\u0161enega in ohranjenega v visokokakovostni kristalno \u010disti smoli. Vsak list ohranja svoje naravne \u017eile (poudarjene z zlatimi in bakrenimi pigmenti), teksturo in organsko obliko, zaradi \u010desar je vsaka ogrlica resni\u010dno edinstvena.<\/p>\n<p>\ud83c\udf42Navdihnjeno s tiho mo\u010djo narave, hrastov list simbolizira vzdr\u017eljivost, modrost in povezanost z zemljo. Ta kos je popoln za ljubitelje narave, gozdne du\u0161e in vse, ki cenijo pomenljiv, ro\u010dno izdelan nakit.<\/p>\n<p>\u2728 Podrobnosti:<br \/>\n\u2022 Pravi hrastov list, naravno posu\u0161en<br \/>\n\u2022 Ro\u010dno vlita smola<br \/>\n\u2022 Lahka in udobna za no\u0161enje<br \/>\n\u2022 Vsak kos je unikaten \u2013 noben list ni enak<br \/>\n\u2022 45 cm dolga (17,72&#8243;) veri\u017eica iz nerjave\u010dega jekla<br \/>\n\u2022 Ro\u010dno izdelano s skrbnostjo<\/p>\n<p>\ud83c\udf81 Popolno darilo za rojstne dneve, obletnice, ljubitelje narave ali kot poseben spominek iz gozda.<\/p>\n<p>Ker je ta ogrlica izdelana iz pravih naravnih elementov, so majhne razlike in nepopolnosti del njene lepote in pristnosti.<\/p>\n<p>\u010ce \u017eelite ujemajo\u010de se uhane, jih lahko kupite tukaj \ud83d\udc47\ud83d\udc47\ud83d\udc47<\/p>\n<blockquote class=\"wp-embedded-content\" data-secret=\"CvKy4B7mbm\"><p><a href=\"https:\/\/www.malasmora.si\/hr\/proizvod\/oak_leaf_earrings\/\">Uhani iz hrastovega lista<\/a><\/p><\/blockquote>\n<p><iframe loading=\"lazy\" class=\"wp-embedded-content\" sandbox=\"allow-scripts\" security=\"restricted\" style=\"position: absolute; visibility: hidden;\" title=\"&#8220;Uhani iz hrastovega lista&#8221; &#8212; Mala s mora\" src=\"https:\/\/www.malasmora.si\/izdelek\/oak_leaf_earrings\/embed\/#?secret=fIwTHk0f76#?secret=CvKy4B7mbm\" data-secret=\"CvKy4B7mbm\" width=\"600\" height=\"338\" frameborder=\"0\" marginwidth=\"0\" marginheight=\"0\" scrolling=\"no\"><\/iframe><\/p>\n<p>&nbsp;<\/p>","protected":false},"excerpt":{"rendered":"<p>Ta edinstvena ogrlica ima obesek iz pravega hrastovega lista, skrbno izbranega, posu\u0161enega in ohranjenega v visokokakovostni kristalno \u010disti smoli. Vsak list ohranja svoje naravne \u017eile (poudarjene z zlatimi in bakrenimi pigmenti), teksturo in organsko obliko, zaradi \u010desar je vsaka ogrlica resni\u010dno edinstvena. \ud83c\udf42Navdihnjeno s tiho mo\u010djo narave, hrastov list simbolizira vzdr\u017eljivost, modrost in povezanost z&#8230;<\/p>","protected":false},"featured_media":4035,"comment_status":"open","ping_status":"closed","template":"","meta":{"_kadence_starter_templates_imported_post":false,"_kad_post_transparent":"default","_kad_post_title":"","_kad_post_layout":"default","_kad_post_sidebar_id":"","_kad_post_content_style":"default","_kad_post_vertical_padding":"default","_kad_post_feature":"","_kad_post_feature_position":"","_kad_post_header":false,"_kad_post_footer":false},"product_brand":[],"product_cat":[20],"product_tag":[1103,1104,67,60,1101,1075,1102,168],"class_list":{"0":"post-4034","1":"product","2":"type-product","3":"status-publish","4":"has-post-thumbnail","6":"product_cat-necklaces","7":"product_tag-collana_con_foglie","8":"product_tag-halskette_mit_blattern","9":"product_tag-handmade_jewelry","10":"product_tag-handmade_necklace","11":"product_tag-oak_leaf_resin_necklace","12":"product_tag-press-leaf-necklace","13":"product_tag-real_leaf_necklace","14":"product_tag-resin_necklace","16":"first","17":"instock","18":"taxable","19":"shipping-taxable","20":"purchasable","21":"product-type-simple","22":"entry","23":"content-bg","24":"loop-entry"},"yoast_head":"<!-- This site is optimized with the Yoast SEO plugin v26.6 - https:\/\/yoast.com\/wordpress\/plugins\/seo\/ -->\n<title>Ogrlica iz hrastovega lista - Mala s mora<\/title>\n<meta name=\"description\" content=\"Real Oak Leaf Resin Necklace, Ogrlica iz pravega lista hrasta, Ogrlica od pravog hrastovog lista\" \/>\n<meta name=\"robots\" content=\"index, follow, max-snippet:-1, max-image-preview:large, max-video-preview:-1\" \/>\n<link rel=\"canonical\" href=\"https:\/\/www.malasmora.si\/hr\/proizvod\/oak_leaf_necklace\/\" \/>\n<meta property=\"og:locale\" content=\"hr_HR\" \/>\n<meta property=\"og:type\" content=\"article\" \/>\n<meta property=\"og:title\" content=\"Ogrlica iz hrastovega lista - Mala s mora\" \/>\n<meta property=\"og:description\" content=\"Real Oak Leaf Resin Necklace, Ogrlica iz pravega lista hrasta, Ogrlica od pravog hrastovog lista\" \/>\n<meta property=\"og:url\" content=\"https:\/\/www.malasmora.si\/hr\/proizvod\/oak_leaf_necklace\/\" \/>\n<meta property=\"og:site_name\" content=\"Mala s mora\" \/>\n<meta property=\"article:publisher\" content=\"https:\/\/www.facebook.com\/MalaSMoraArt\/\" \/>\n<meta property=\"article:modified_time\" content=\"2026-01-21T19:25:05+00:00\" \/>\n<meta property=\"og:image\" content=\"https:\/\/www.malasmora.si\/wp-content\/uploads\/2026\/01\/Oak-Leaf-Resin-Necklace-4.webp\" \/>\n\t<meta property=\"og:image:width\" content=\"794\" \/>\n\t<meta property=\"og:image:height\" content=\"1210\" \/>\n\t<meta property=\"og:image:type\" content=\"image\/webp\" \/>\n<meta name=\"twitter:card\" content=\"summary_large_image\" \/>\n<meta name=\"twitter:label1\" content=\"Procijenjeno vrijeme \u010ditanja\" \/>\n\t<meta name=\"twitter:data1\" content=\"2 minute\" \/>\n<script type=\"application\/ld+json\" class=\"yoast-schema-graph\">{\"@context\":\"https:\/\/schema.org\",\"@graph\":[{\"@type\":\"WebPage\",\"@id\":\"https:\/\/www.malasmora.si\/izdelek\/oak_leaf_necklace\/\",\"url\":\"https:\/\/www.malasmora.si\/izdelek\/oak_leaf_necklace\/\",\"name\":\"Ogrlica iz hrastovega lista - Mala s mora\",\"isPartOf\":{\"@id\":\"https:\/\/www.malasmora.si\/#website\"},\"primaryImageOfPage\":{\"@id\":\"https:\/\/www.malasmora.si\/izdelek\/oak_leaf_necklace\/#primaryimage\"},\"image\":{\"@id\":\"https:\/\/www.malasmora.si\/izdelek\/oak_leaf_necklace\/#primaryimage\"},\"thumbnailUrl\":\"https:\/\/www.malasmora.si\/wp-content\/uploads\/2026\/01\/Oak-Leaf-Resin-Necklace-4.webp\",\"datePublished\":\"2026-01-21T18:42:21+00:00\",\"dateModified\":\"2026-01-21T19:25:05+00:00\",\"description\":\"Real Oak Leaf Resin Necklace, Ogrlica iz pravega lista hrasta, Ogrlica od pravog hrastovog lista\",\"breadcrumb\":{\"@id\":\"https:\/\/www.malasmora.si\/izdelek\/oak_leaf_necklace\/#breadcrumb\"},\"inLanguage\":\"hr\",\"potentialAction\":[{\"@type\":\"ReadAction\",\"target\":[\"https:\/\/www.malasmora.si\/izdelek\/oak_leaf_necklace\/\"]}]},{\"@type\":\"ImageObject\",\"inLanguage\":\"hr\",\"@id\":\"https:\/\/www.malasmora.si\/izdelek\/oak_leaf_necklace\/#primaryimage\",\"url\":\"https:\/\/www.malasmora.si\/wp-content\/uploads\/2026\/01\/Oak-Leaf-Resin-Necklace-4.webp\",\"contentUrl\":\"https:\/\/www.malasmora.si\/wp-content\/uploads\/2026\/01\/Oak-Leaf-Resin-Necklace-4.webp\",\"width\":794,\"height\":1210,\"caption\":\"Oak Leaf Resin Necklace\"},{\"@type\":\"BreadcrumbList\",\"@id\":\"https:\/\/www.malasmora.si\/izdelek\/oak_leaf_necklace\/#breadcrumb\",\"itemListElement\":[{\"@type\":\"ListItem\",\"position\":1,\"name\":\"Home\",\"item\":\"https:\/\/www.malasmora.si\/\"},{\"@type\":\"ListItem\",\"position\":2,\"name\":\"Shop\",\"item\":\"https:\/\/www.malasmora.si\/shop\/\"},{\"@type\":\"ListItem\",\"position\":3,\"name\":\"Ogrlica iz hrastovega lista\"}]},{\"@type\":\"WebSite\",\"@id\":\"https:\/\/www.malasmora.si\/#website\",\"url\":\"https:\/\/www.malasmora.si\/\",\"name\":\"Mala s mora\",\"description\":\"Ro\u010dno izdelan nakit iz epoksi smole\",\"publisher\":{\"@id\":\"https:\/\/www.malasmora.si\/#organization\"},\"potentialAction\":[{\"@type\":\"SearchAction\",\"target\":{\"@type\":\"EntryPoint\",\"urlTemplate\":\"https:\/\/www.malasmora.si\/?s={search_term_string}\"},\"query-input\":{\"@type\":\"PropertyValueSpecification\",\"valueRequired\":true,\"valueName\":\"search_term_string\"}}],\"inLanguage\":\"hr\"},{\"@type\":\"Organization\",\"@id\":\"https:\/\/www.malasmora.si\/#organization\",\"name\":\"Mala s mora\",\"url\":\"https:\/\/www.malasmora.si\/\",\"logo\":{\"@type\":\"ImageObject\",\"inLanguage\":\"hr\",\"@id\":\"https:\/\/www.malasmora.si\/#\/schema\/logo\/image\/\",\"url\":\"https:\/\/www.malasmora.si\/wp-content\/uploads\/2025\/07\/logo_novi_03.png\",\"contentUrl\":\"https:\/\/www.malasmora.si\/wp-content\/uploads\/2025\/07\/logo_novi_03.png\",\"width\":1536,\"height\":1024,\"caption\":\"Mala s mora\"},\"image\":{\"@id\":\"https:\/\/www.malasmora.si\/#\/schema\/logo\/image\/\"},\"sameAs\":[\"https:\/\/www.facebook.com\/MalaSMoraArt\/\"]}]}<\/script>\n<!-- \/ Yoast SEO plugin. -->","yoast_head_json":{"title":"Ogrlica iz hrastovega lista - Mala s mora","description":"Real Oak Leaf Resin Necklace, Ogrlica iz pravega lista hrasta, Ogrlica od pravog hrastovog lista","robots":{"index":"index","follow":"follow","max-snippet":"max-snippet:-1","max-image-preview":"max-image-preview:large","max-video-preview":"max-video-preview:-1"},"canonical":"https:\/\/www.malasmora.si\/hr\/proizvod\/oak_leaf_necklace\/","og_locale":"hr_HR","og_type":"article","og_title":"Ogrlica iz hrastovega lista - Mala s mora","og_description":"Real Oak Leaf Resin Necklace, Ogrlica iz pravega lista hrasta, Ogrlica od pravog hrastovog lista","og_url":"https:\/\/www.malasmora.si\/hr\/proizvod\/oak_leaf_necklace\/","og_site_name":"Mala s mora","article_publisher":"https:\/\/www.facebook.com\/MalaSMoraArt\/","article_modified_time":"2026-01-21T19:25:05+00:00","og_image":[{"width":794,"height":1210,"url":"https:\/\/www.malasmora.si\/wp-content\/uploads\/2026\/01\/Oak-Leaf-Resin-Necklace-4.webp","type":"image\/webp"}],"twitter_card":"summary_large_image","twitter_misc":{"Procijenjeno vrijeme \u010ditanja":"2 minute"},"schema":{"@context":"https:\/\/schema.org","@graph":[{"@type":"WebPage","@id":"https:\/\/www.malasmora.si\/izdelek\/oak_leaf_necklace\/","url":"https:\/\/www.malasmora.si\/izdelek\/oak_leaf_necklace\/","name":"Ogrlica iz hrastovega lista - Mala s mora","isPartOf":{"@id":"https:\/\/www.malasmora.si\/#website"},"primaryImageOfPage":{"@id":"https:\/\/www.malasmora.si\/izdelek\/oak_leaf_necklace\/#primaryimage"},"image":{"@id":"https:\/\/www.malasmora.si\/izdelek\/oak_leaf_necklace\/#primaryimage"},"thumbnailUrl":"https:\/\/www.malasmora.si\/wp-content\/uploads\/2026\/01\/Oak-Leaf-Resin-Necklace-4.webp","datePublished":"2026-01-21T18:42:21+00:00","dateModified":"2026-01-21T19:25:05+00:00","description":"Real Oak Leaf Resin Necklace, Ogrlica iz pravega lista hrasta, Ogrlica od pravog hrastovog lista","breadcrumb":{"@id":"https:\/\/www.malasmora.si\/izdelek\/oak_leaf_necklace\/#breadcrumb"},"inLanguage":"hr","potentialAction":[{"@type":"ReadAction","target":["https:\/\/www.malasmora.si\/izdelek\/oak_leaf_necklace\/"]}]},{"@type":"ImageObject","inLanguage":"hr","@id":"https:\/\/www.malasmora.si\/izdelek\/oak_leaf_necklace\/#primaryimage","url":"https:\/\/www.malasmora.si\/wp-content\/uploads\/2026\/01\/Oak-Leaf-Resin-Necklace-4.webp","contentUrl":"https:\/\/www.malasmora.si\/wp-content\/uploads\/2026\/01\/Oak-Leaf-Resin-Necklace-4.webp","width":794,"height":1210,"caption":"Oak Leaf Resin Necklace"},{"@type":"BreadcrumbList","@id":"https:\/\/www.malasmora.si\/izdelek\/oak_leaf_necklace\/#breadcrumb","itemListElement":[{"@type":"ListItem","position":1,"name":"Home","item":"https:\/\/www.malasmora.si\/"},{"@type":"ListItem","position":2,"name":"Shop","item":"https:\/\/www.malasmora.si\/shop\/"},{"@type":"ListItem","position":3,"name":"Ogrlica iz hrastovega lista"}]},{"@type":"WebSite","@id":"https:\/\/www.malasmora.si\/#website","url":"https:\/\/www.malasmora.si\/","name":"Mala s mora","description":"Ro\u010dno izdelan nakit iz epoksi smole","publisher":{"@id":"https:\/\/www.malasmora.si\/#organization"},"potentialAction":[{"@type":"SearchAction","target":{"@type":"EntryPoint","urlTemplate":"https:\/\/www.malasmora.si\/?s={search_term_string}"},"query-input":{"@type":"PropertyValueSpecification","valueRequired":true,"valueName":"search_term_string"}}],"inLanguage":"hr"},{"@type":"Organization","@id":"https:\/\/www.malasmora.si\/#organization","name":"Mala s mora","url":"https:\/\/www.malasmora.si\/","logo":{"@type":"ImageObject","inLanguage":"hr","@id":"https:\/\/www.malasmora.si\/#\/schema\/logo\/image\/","url":"https:\/\/www.malasmora.si\/wp-content\/uploads\/2025\/07\/logo_novi_03.png","contentUrl":"https:\/\/www.malasmora.si\/wp-content\/uploads\/2025\/07\/logo_novi_03.png","width":1536,"height":1024,"caption":"Mala s mora"},"image":{"@id":"https:\/\/www.malasmora.si\/#\/schema\/logo\/image\/"},"sameAs":["https:\/\/www.facebook.com\/MalaSMoraArt\/"]}]}},"_links":{"self":[{"href":"https:\/\/www.malasmora.si\/hr\/wp-json\/wp\/v2\/product\/4034","targetHints":{"allow":["GET"]}}],"collection":[{"href":"https:\/\/www.malasmora.si\/hr\/wp-json\/wp\/v2\/product"}],"about":[{"href":"https:\/\/www.malasmora.si\/hr\/wp-json\/wp\/v2\/types\/product"}],"replies":[{"embeddable":true,"href":"https:\/\/www.malasmora.si\/hr\/wp-json\/wp\/v2\/comments?post=4034"}],"wp:featuredmedia":[{"embeddable":true,"href":"https:\/\/www.malasmora.si\/hr\/wp-json\/wp\/v2\/media\/4035"}],"wp:attachment":[{"href":"https:\/\/www.malasmora.si\/hr\/wp-json\/wp\/v2\/media?parent=4034"}],"wp:term":[{"taxonomy":"product_brand","embeddable":true,"href":"https:\/\/www.malasmora.si\/hr\/wp-json\/wp\/v2\/product_brand?post=4034"},{"taxonomy":"product_cat","embeddable":true,"href":"https:\/\/www.malasmora.si\/hr\/wp-json\/wp\/v2\/product_cat?post=4034"},{"taxonomy":"product_tag","embeddable":true,"href":"https:\/\/www.malasmora.si\/hr\/wp-json\/wp\/v2\/product_tag?post=4034"}],"curies":[{"name":"wp","href":"https:\/\/api.w.org\/{rel}","templated":true}]}}