{"id":4058,"date":"2026-01-26T16:38:24","date_gmt":"2026-01-26T14:38:24","guid":{"rendered":"https:\/\/www.malasmora.si\/?post_type=product&#038;p=4058"},"modified":"2026-01-26T16:42:00","modified_gmt":"2026-01-26T14:42:00","slug":"gold_black_heart_jewelry_set","status":"publish","type":"product","link":"https:\/\/www.malasmora.si\/hr\/proizvod\/gold_black_heart_jewelry_set\/","title":{"rendered":"Zlato \u010drn komplet nakita s sr\u010dki"},"content":{"rendered":"<p>Eleganten in drzen ro\u010dno izdelan komplet nakita v obliki srca, popoln za valentinovo ali kot pomembno darilo za nekoga posebnega.<\/p>\n<p>Ogrlica ima obesek v obliki srca na \u010drni voskani vrvici (umetno usnje), kar daje kompletu sodoben in rahlo drzen videz.<\/p>\n<p>Uhani so zaklju\u010deni s pozla\u010denimi kavelj\u010dki iz srebra 925, primernimi za ob\u010dutljiva u\u0161esa.<\/p>\n<p>Popoln kot:<br \/>\n~ darilo za valentinovo<br \/>\n~ darilo za obletnico ali rojstni dan<br \/>\n~ eleganten, a drzen nakit za vsak dan ali ve\u010der<br \/>\n~ vsak kos je ro\u010dno izdelan, zaradi \u010desar je vsak komplet resni\u010dno edinstven.<\/p>\n<p>\u2728 PODROBNOSTI<br \/>\n~ Ro\u010dno izdelan komplet nakita iz smole v obliki srca<br \/>\n~ <span class=\"HwtZe\" lang=\"sl\"><span class=\"jCAhz ChMk0b\"><span class=\"ryNqvb\">Zlata in \u010drna \u2013 bogata zlata smola s \u010drnimi poudarki in ble\u0161\u010de\u010dimi zlatimi ble\u0161\u010dicami<\/span><\/span><\/span><br \/>\n~ Ogrlica: \u010drna voskana vrvica (umetno usnje)<br \/>\n~ Kavelj\u010dki za uhane: pozla\u010deno 925 sterling srebro<br \/>\n~ V darilni \u0161katli<br \/>\n~ Pripravljeno za po\u0161iljanje<\/p>","protected":false},"excerpt":{"rendered":"<p>Eleganten in drzen ro\u010dno izdelan komplet nakita v obliki srca, popoln za valentinovo ali kot pomembno darilo za nekoga posebnega. Ogrlica ima obesek v obliki srca na \u010drni voskani vrvici (umetno usnje), kar daje kompletu sodoben in rahlo drzen videz. Uhani so zaklju\u010deni s pozla\u010denimi kavelj\u010dki iz srebra 925, primernimi za ob\u010dutljiva u\u0161esa. Popoln kot:&#8230;<\/p>","protected":false},"featured_media":4059,"comment_status":"open","ping_status":"closed","template":"","meta":{"_kadence_starter_templates_imported_post":false,"_kad_post_transparent":"default","_kad_post_title":"","_kad_post_layout":"default","_kad_post_sidebar_id":"","_kad_post_content_style":"default","_kad_post_vertical_padding":"default","_kad_post_feature":"","_kad_post_feature_position":"","_kad_post_header":false,"_kad_post_footer":false},"product_brand":[],"product_cat":[50],"product_tag":[1114,1115,1116,705,704,305,1113,75,70,706],"class_list":{"0":"post-4058","1":"product","2":"type-product","3":"status-publish","4":"has-post-thumbnail","6":"product_cat-jewelry_sets","7":"product_tag-black_gold_earrings","8":"product_tag-black_gold_necklace","9":"product_tag-black_gold_resin_jewelry_set","10":"product_tag-cool_jewelry_set","11":"product_tag-happy_vibe_jewelry","12":"product_tag-heart_jewelry","13":"product_tag-heartshaped_resin_necklace_earrings_set_red_gold","14":"product_tag-resin_earrings","15":"product_tag-resin_jewelry","16":"product_tag-unique_jewelry_set","18":"first","19":"instock","20":"sale","21":"sold-individually","22":"taxable","23":"shipping-taxable","24":"purchasable","25":"product-type-simple","26":"entry","27":"content-bg","28":"loop-entry"},"yoast_head":"<!-- This site is optimized with the Yoast SEO plugin v26.6 - https:\/\/yoast.com\/wordpress\/plugins\/seo\/ -->\n<title>Zlato \u010drn komplet nakita s sr\u010dki - Mala s mora<\/title>\n<meta name=\"description\" content=\"Gold Black Heart Jewelry Set, Komplet nakita z zlato \u010drno srcem, Komplet nakita s zlatno crnim srcem\" \/>\n<meta name=\"robots\" content=\"index, follow, max-snippet:-1, max-image-preview:large, max-video-preview:-1\" \/>\n<link rel=\"canonical\" href=\"https:\/\/www.malasmora.si\/hr\/proizvod\/gold_black_heart_jewelry_set\/\" \/>\n<meta property=\"og:locale\" content=\"hr_HR\" \/>\n<meta property=\"og:type\" content=\"article\" \/>\n<meta property=\"og:title\" content=\"Zlato \u010drn komplet nakita s sr\u010dki - Mala s mora\" \/>\n<meta property=\"og:description\" content=\"Gold Black Heart Jewelry Set, Komplet nakita z zlato \u010drno srcem, Komplet nakita s zlatno crnim srcem\" \/>\n<meta property=\"og:url\" content=\"https:\/\/www.malasmora.si\/hr\/proizvod\/gold_black_heart_jewelry_set\/\" \/>\n<meta property=\"og:site_name\" content=\"Mala s mora\" \/>\n<meta property=\"article:publisher\" content=\"https:\/\/www.facebook.com\/MalaSMoraArt\/\" \/>\n<meta property=\"article:modified_time\" content=\"2026-01-26T14:42:00+00:00\" \/>\n<meta property=\"og:image\" content=\"https:\/\/www.malasmora.si\/wp-content\/uploads\/2026\/01\/heartshaped_resin_necklace_earrings_set_gold_black_5-scaled.jpg\" \/>\n\t<meta property=\"og:image:width\" content=\"1853\" \/>\n\t<meta property=\"og:image:height\" content=\"2560\" \/>\n\t<meta property=\"og:image:type\" content=\"image\/jpeg\" \/>\n<meta name=\"twitter:card\" content=\"summary_large_image\" \/>\n<meta name=\"twitter:label1\" content=\"Procijenjeno vrijeme \u010ditanja\" \/>\n\t<meta name=\"twitter:data1\" content=\"1 minuta\" \/>\n<script type=\"application\/ld+json\" class=\"yoast-schema-graph\">{\"@context\":\"https:\/\/schema.org\",\"@graph\":[{\"@type\":\"WebPage\",\"@id\":\"https:\/\/www.malasmora.si\/izdelek\/gold_black_heart_jewelry_set\/\",\"url\":\"https:\/\/www.malasmora.si\/izdelek\/gold_black_heart_jewelry_set\/\",\"name\":\"Zlato \u010drn komplet nakita s sr\u010dki - Mala s mora\",\"isPartOf\":{\"@id\":\"https:\/\/www.malasmora.si\/#website\"},\"primaryImageOfPage\":{\"@id\":\"https:\/\/www.malasmora.si\/izdelek\/gold_black_heart_jewelry_set\/#primaryimage\"},\"image\":{\"@id\":\"https:\/\/www.malasmora.si\/izdelek\/gold_black_heart_jewelry_set\/#primaryimage\"},\"thumbnailUrl\":\"https:\/\/www.malasmora.si\/wp-content\/uploads\/2026\/01\/heartshaped_resin_necklace_earrings_set_gold_black_5-scaled.jpg\",\"datePublished\":\"2026-01-26T14:38:24+00:00\",\"dateModified\":\"2026-01-26T14:42:00+00:00\",\"description\":\"Gold Black Heart Jewelry Set, Komplet nakita z zlato \u010drno srcem, Komplet nakita s zlatno crnim srcem\",\"breadcrumb\":{\"@id\":\"https:\/\/www.malasmora.si\/izdelek\/gold_black_heart_jewelry_set\/#breadcrumb\"},\"inLanguage\":\"hr\",\"potentialAction\":[{\"@type\":\"ReadAction\",\"target\":[\"https:\/\/www.malasmora.si\/izdelek\/gold_black_heart_jewelry_set\/\"]}]},{\"@type\":\"ImageObject\",\"inLanguage\":\"hr\",\"@id\":\"https:\/\/www.malasmora.si\/izdelek\/gold_black_heart_jewelry_set\/#primaryimage\",\"url\":\"https:\/\/www.malasmora.si\/wp-content\/uploads\/2026\/01\/heartshaped_resin_necklace_earrings_set_gold_black_5-scaled.jpg\",\"contentUrl\":\"https:\/\/www.malasmora.si\/wp-content\/uploads\/2026\/01\/heartshaped_resin_necklace_earrings_set_gold_black_5-scaled.jpg\",\"width\":1853,\"height\":2560,\"caption\":\"heartshaped_resin_necklace_earrings_set_gold_black\"},{\"@type\":\"BreadcrumbList\",\"@id\":\"https:\/\/www.malasmora.si\/izdelek\/gold_black_heart_jewelry_set\/#breadcrumb\",\"itemListElement\":[{\"@type\":\"ListItem\",\"position\":1,\"name\":\"Home\",\"item\":\"https:\/\/www.malasmora.si\/\"},{\"@type\":\"ListItem\",\"position\":2,\"name\":\"Shop\",\"item\":\"https:\/\/www.malasmora.si\/shop\/\"},{\"@type\":\"ListItem\",\"position\":3,\"name\":\"Zlato \u010drn komplet nakita s sr\u010dki\"}]},{\"@type\":\"WebSite\",\"@id\":\"https:\/\/www.malasmora.si\/#website\",\"url\":\"https:\/\/www.malasmora.si\/\",\"name\":\"Mala s mora\",\"description\":\"Ro\u010dno izdelan nakit iz epoksi smole\",\"publisher\":{\"@id\":\"https:\/\/www.malasmora.si\/#organization\"},\"potentialAction\":[{\"@type\":\"SearchAction\",\"target\":{\"@type\":\"EntryPoint\",\"urlTemplate\":\"https:\/\/www.malasmora.si\/?s={search_term_string}\"},\"query-input\":{\"@type\":\"PropertyValueSpecification\",\"valueRequired\":true,\"valueName\":\"search_term_string\"}}],\"inLanguage\":\"hr\"},{\"@type\":\"Organization\",\"@id\":\"https:\/\/www.malasmora.si\/#organization\",\"name\":\"Mala s mora\",\"url\":\"https:\/\/www.malasmora.si\/\",\"logo\":{\"@type\":\"ImageObject\",\"inLanguage\":\"hr\",\"@id\":\"https:\/\/www.malasmora.si\/#\/schema\/logo\/image\/\",\"url\":\"https:\/\/www.malasmora.si\/wp-content\/uploads\/2025\/07\/logo_novi_03.png\",\"contentUrl\":\"https:\/\/www.malasmora.si\/wp-content\/uploads\/2025\/07\/logo_novi_03.png\",\"width\":1536,\"height\":1024,\"caption\":\"Mala s mora\"},\"image\":{\"@id\":\"https:\/\/www.malasmora.si\/#\/schema\/logo\/image\/\"},\"sameAs\":[\"https:\/\/www.facebook.com\/MalaSMoraArt\/\"]}]}<\/script>\n<!-- \/ Yoast SEO plugin. -->","yoast_head_json":{"title":"Zlato \u010drn komplet nakita s sr\u010dki - Mala s mora","description":"Gold Black Heart Jewelry Set, Komplet nakita z zlato \u010drno srcem, Komplet nakita s zlatno crnim srcem","robots":{"index":"index","follow":"follow","max-snippet":"max-snippet:-1","max-image-preview":"max-image-preview:large","max-video-preview":"max-video-preview:-1"},"canonical":"https:\/\/www.malasmora.si\/hr\/proizvod\/gold_black_heart_jewelry_set\/","og_locale":"hr_HR","og_type":"article","og_title":"Zlato \u010drn komplet nakita s sr\u010dki - Mala s mora","og_description":"Gold Black Heart Jewelry Set, Komplet nakita z zlato \u010drno srcem, Komplet nakita s zlatno crnim srcem","og_url":"https:\/\/www.malasmora.si\/hr\/proizvod\/gold_black_heart_jewelry_set\/","og_site_name":"Mala s mora","article_publisher":"https:\/\/www.facebook.com\/MalaSMoraArt\/","article_modified_time":"2026-01-26T14:42:00+00:00","og_image":[{"width":1853,"height":2560,"url":"https:\/\/www.malasmora.si\/wp-content\/uploads\/2026\/01\/heartshaped_resin_necklace_earrings_set_gold_black_5-scaled.jpg","type":"image\/jpeg"}],"twitter_card":"summary_large_image","twitter_misc":{"Procijenjeno vrijeme \u010ditanja":"1 minuta"},"schema":{"@context":"https:\/\/schema.org","@graph":[{"@type":"WebPage","@id":"https:\/\/www.malasmora.si\/izdelek\/gold_black_heart_jewelry_set\/","url":"https:\/\/www.malasmora.si\/izdelek\/gold_black_heart_jewelry_set\/","name":"Zlato \u010drn komplet nakita s sr\u010dki - Mala s mora","isPartOf":{"@id":"https:\/\/www.malasmora.si\/#website"},"primaryImageOfPage":{"@id":"https:\/\/www.malasmora.si\/izdelek\/gold_black_heart_jewelry_set\/#primaryimage"},"image":{"@id":"https:\/\/www.malasmora.si\/izdelek\/gold_black_heart_jewelry_set\/#primaryimage"},"thumbnailUrl":"https:\/\/www.malasmora.si\/wp-content\/uploads\/2026\/01\/heartshaped_resin_necklace_earrings_set_gold_black_5-scaled.jpg","datePublished":"2026-01-26T14:38:24+00:00","dateModified":"2026-01-26T14:42:00+00:00","description":"Gold Black Heart Jewelry Set, Komplet nakita z zlato \u010drno srcem, Komplet nakita s zlatno crnim srcem","breadcrumb":{"@id":"https:\/\/www.malasmora.si\/izdelek\/gold_black_heart_jewelry_set\/#breadcrumb"},"inLanguage":"hr","potentialAction":[{"@type":"ReadAction","target":["https:\/\/www.malasmora.si\/izdelek\/gold_black_heart_jewelry_set\/"]}]},{"@type":"ImageObject","inLanguage":"hr","@id":"https:\/\/www.malasmora.si\/izdelek\/gold_black_heart_jewelry_set\/#primaryimage","url":"https:\/\/www.malasmora.si\/wp-content\/uploads\/2026\/01\/heartshaped_resin_necklace_earrings_set_gold_black_5-scaled.jpg","contentUrl":"https:\/\/www.malasmora.si\/wp-content\/uploads\/2026\/01\/heartshaped_resin_necklace_earrings_set_gold_black_5-scaled.jpg","width":1853,"height":2560,"caption":"heartshaped_resin_necklace_earrings_set_gold_black"},{"@type":"BreadcrumbList","@id":"https:\/\/www.malasmora.si\/izdelek\/gold_black_heart_jewelry_set\/#breadcrumb","itemListElement":[{"@type":"ListItem","position":1,"name":"Home","item":"https:\/\/www.malasmora.si\/"},{"@type":"ListItem","position":2,"name":"Shop","item":"https:\/\/www.malasmora.si\/shop\/"},{"@type":"ListItem","position":3,"name":"Zlato \u010drn komplet nakita s sr\u010dki"}]},{"@type":"WebSite","@id":"https:\/\/www.malasmora.si\/#website","url":"https:\/\/www.malasmora.si\/","name":"Mala s mora","description":"Ro\u010dno izdelan nakit iz epoksi smole","publisher":{"@id":"https:\/\/www.malasmora.si\/#organization"},"potentialAction":[{"@type":"SearchAction","target":{"@type":"EntryPoint","urlTemplate":"https:\/\/www.malasmora.si\/?s={search_term_string}"},"query-input":{"@type":"PropertyValueSpecification","valueRequired":true,"valueName":"search_term_string"}}],"inLanguage":"hr"},{"@type":"Organization","@id":"https:\/\/www.malasmora.si\/#organization","name":"Mala s mora","url":"https:\/\/www.malasmora.si\/","logo":{"@type":"ImageObject","inLanguage":"hr","@id":"https:\/\/www.malasmora.si\/#\/schema\/logo\/image\/","url":"https:\/\/www.malasmora.si\/wp-content\/uploads\/2025\/07\/logo_novi_03.png","contentUrl":"https:\/\/www.malasmora.si\/wp-content\/uploads\/2025\/07\/logo_novi_03.png","width":1536,"height":1024,"caption":"Mala s mora"},"image":{"@id":"https:\/\/www.malasmora.si\/#\/schema\/logo\/image\/"},"sameAs":["https:\/\/www.facebook.com\/MalaSMoraArt\/"]}]}},"_links":{"self":[{"href":"https:\/\/www.malasmora.si\/hr\/wp-json\/wp\/v2\/product\/4058","targetHints":{"allow":["GET"]}}],"collection":[{"href":"https:\/\/www.malasmora.si\/hr\/wp-json\/wp\/v2\/product"}],"about":[{"href":"https:\/\/www.malasmora.si\/hr\/wp-json\/wp\/v2\/types\/product"}],"replies":[{"embeddable":true,"href":"https:\/\/www.malasmora.si\/hr\/wp-json\/wp\/v2\/comments?post=4058"}],"wp:featuredmedia":[{"embeddable":true,"href":"https:\/\/www.malasmora.si\/hr\/wp-json\/wp\/v2\/media\/4059"}],"wp:attachment":[{"href":"https:\/\/www.malasmora.si\/hr\/wp-json\/wp\/v2\/media?parent=4058"}],"wp:term":[{"taxonomy":"product_brand","embeddable":true,"href":"https:\/\/www.malasmora.si\/hr\/wp-json\/wp\/v2\/product_brand?post=4058"},{"taxonomy":"product_cat","embeddable":true,"href":"https:\/\/www.malasmora.si\/hr\/wp-json\/wp\/v2\/product_cat?post=4058"},{"taxonomy":"product_tag","embeddable":true,"href":"https:\/\/www.malasmora.si\/hr\/wp-json\/wp\/v2\/product_tag?post=4058"}],"curies":[{"name":"wp","href":"https:\/\/api.w.org\/{rel}","templated":true}]}}