{"id":4068,"date":"2026-02-03T13:50:37","date_gmt":"2026-02-03T11:50:37","guid":{"rendered":"https:\/\/www.malasmora.si\/?post_type=product&#038;p=4068"},"modified":"2026-02-26T13:13:38","modified_gmt":"2026-02-26T11:13:38","slug":"glow_in_the_dark_cross_necklace","status":"publish","type":"product","link":"https:\/\/www.malasmora.si\/hr\/proizvod\/glow_in_the_dark_cross_necklace\/","title":{"rendered":"Ogrlica s kri\u017eem, ki se sveti v temi"},"content":{"rendered":"<p>Te ro\u010dno izdelane ogrlice s kri\u017ei iz smole zdru\u017eujejo simboliko, naravo in mehak magi\u010den sijaj.<br \/>\nVsak obesek s kri\u017eem je izdelan iz smole in se sveti v temi, kar ustvarja subtilen in misti\u010den u\u010dinek, ko se lu\u010di ugasnejo.<\/p>\n<p>U\u010dinek sijaja se aktivira z izpostavljenostjo svetlobi (son\u010dni ali umetni).<\/p>\n<p>Ta seznam ponuja DVE VARIACIJE:<br \/>\n\ud83c\udf38 Mo\u017enost 1 \u2013 Suho cvetje<br \/>\nKri\u017e iz smole, ki vsebuje skrbno posu\u0161eno cvetje, kar ogrlici daje ne\u017een in romanti\u010den naraven videz.<br \/>\n\ud83c\udf32 Mo\u017enost 2 \u2013 Stor\u017e<br \/>\nKri\u017e iz smole s pravim kosom stor\u017ea v notranjosti, navdihnjen z gozdom in surovo naravno lepoto.<br \/>\nObe ogrlici sta zaklju\u010deni s \u010drno vo\u0161\u010deno vrvico iz umetnega usnja, lahka in udobna za no\u0161enje, ki se odli\u010dno ujema z gotskim in naravno navdihnjenim slogom obeska.<\/p>\n<p>Vsak kos je ro\u010dno izdelan in unikaten. Naravni elementi in ro\u010dno izdelan postopek pomenijo, da so majhne razlike del obeska.<\/p>\n<p>\u2728 Podrobnosti:<br \/>\n~ ro\u010dno izdelan obesek s kri\u017eem iz smole<br \/>\n~ u\u010dinek, ki se sveti v temi<br \/>\n~ izbira suho cvetje ali stor\u017e<br \/>\n~ \u010drna vo\u0161\u010dena vrvica (umetno usnje)<br \/>\n~ lahka in udobna<br \/>\n~ unikaten nakit, navdihnjen z naravo<\/p>\n<p>\ud83c\udf81 Pomembno darilo za ljubitelje narave, simbolike in ro\u010dno izdelanega nakita.<\/p>","protected":false},"excerpt":{"rendered":"<p>Te ro\u010dno izdelane ogrlice s kri\u017ei iz smole zdru\u017eujejo simboliko, naravo in mehak magi\u010den sijaj. Vsak obesek s kri\u017eem je izdelan iz smole in se sveti v temi, kar ustvarja subtilen in misti\u010den u\u010dinek, ko se lu\u010di ugasnejo. U\u010dinek sijaja se aktivira z izpostavljenostjo svetlobi (son\u010dni ali umetni). Ta seznam ponuja DVE VARIACIJE: \ud83c\udf38 Mo\u017enost&#8230;<\/p>","protected":false},"featured_media":4165,"comment_status":"open","ping_status":"closed","template":"","meta":{"_kadence_starter_templates_imported_post":false,"_kad_post_transparent":"default","_kad_post_title":"","_kad_post_layout":"default","_kad_post_sidebar_id":"","_kad_post_content_style":"default","_kad_post_vertical_padding":"default","_kad_post_feature":"","_kad_post_feature_position":"","_kad_post_header":false,"_kad_post_footer":false},"product_brand":[],"product_cat":[20],"product_tag":[990,1157,1119,67,60,59,1158,120,168],"class_list":{"0":"post-4068","1":"product","2":"type-product","3":"status-publish","4":"has-post-thumbnail","6":"product_cat-necklaces","7":"product_tag-cross_pendant","8":"product_tag-dry_flowers_cross_pendant","9":"product_tag-glow-in-the-dark-resin-cross-necklace","10":"product_tag-handmade_jewelry","11":"product_tag-handmade_necklace","12":"product_tag-handmade_pendant","13":"product_tag-pine_cone_cross_pendant","14":"product_tag-resin_cross","15":"product_tag-resin_necklace","17":"first","18":"instock","19":"taxable","20":"shipping-taxable","21":"purchasable","22":"product-type-variable","23":"entry","24":"content-bg","25":"loop-entry"},"yoast_head":"<!-- This site is optimized with the Yoast SEO plugin v26.6 - https:\/\/yoast.com\/wordpress\/plugins\/seo\/ -->\n<title>Ogrlica s kri\u017eem, ki se sveti v temi - Mala s mora<\/title>\n<meta name=\"description\" content=\"Glow in the Dark Resin Cross Necklace, Ogrlica s kri\u017eem ki se sveti v temi, Ogrlica s kri\u017eem od smole koji svijetli u mraku\" \/>\n<meta name=\"robots\" content=\"index, follow, max-snippet:-1, max-image-preview:large, max-video-preview:-1\" \/>\n<link rel=\"canonical\" href=\"https:\/\/www.malasmora.si\/hr\/proizvod\/glow_in_the_dark_cross_necklace\/\" \/>\n<meta property=\"og:locale\" content=\"hr_HR\" \/>\n<meta property=\"og:type\" content=\"article\" \/>\n<meta property=\"og:title\" content=\"Ogrlica s kri\u017eem, ki se sveti v temi - Mala s mora\" \/>\n<meta property=\"og:description\" content=\"Glow in the Dark Resin Cross Necklace, Ogrlica s kri\u017eem ki se sveti v temi, Ogrlica s kri\u017eem od smole koji svijetli u mraku\" \/>\n<meta property=\"og:url\" content=\"https:\/\/www.malasmora.si\/hr\/proizvod\/glow_in_the_dark_cross_necklace\/\" \/>\n<meta property=\"og:site_name\" content=\"Mala s mora\" \/>\n<meta property=\"article:publisher\" content=\"https:\/\/www.facebook.com\/MalaSMoraArt\/\" \/>\n<meta property=\"article:modified_time\" content=\"2026-02-26T11:13:38+00:00\" \/>\n<meta property=\"og:image\" content=\"https:\/\/www.malasmora.si\/wp-content\/uploads\/2026\/02\/cross_glow_in_the_dark_pendant_necklace_03.webp\" \/>\n\t<meta property=\"og:image:width\" content=\"794\" \/>\n\t<meta property=\"og:image:height\" content=\"1059\" \/>\n\t<meta property=\"og:image:type\" content=\"image\/webp\" \/>\n<meta name=\"twitter:card\" content=\"summary_large_image\" \/>\n<meta name=\"twitter:label1\" content=\"Procijenjeno vrijeme \u010ditanja\" \/>\n\t<meta name=\"twitter:data1\" content=\"2 minute\" \/>\n<script type=\"application\/ld+json\" class=\"yoast-schema-graph\">{\"@context\":\"https:\/\/schema.org\",\"@graph\":[{\"@type\":\"WebPage\",\"@id\":\"https:\/\/www.malasmora.si\/izdelek\/glow_in_the_dark_cross_necklace\/\",\"url\":\"https:\/\/www.malasmora.si\/izdelek\/glow_in_the_dark_cross_necklace\/\",\"name\":\"Ogrlica s kri\u017eem, ki se sveti v temi - Mala s mora\",\"isPartOf\":{\"@id\":\"https:\/\/www.malasmora.si\/#website\"},\"primaryImageOfPage\":{\"@id\":\"https:\/\/www.malasmora.si\/izdelek\/glow_in_the_dark_cross_necklace\/#primaryimage\"},\"image\":{\"@id\":\"https:\/\/www.malasmora.si\/izdelek\/glow_in_the_dark_cross_necklace\/#primaryimage\"},\"thumbnailUrl\":\"https:\/\/www.malasmora.si\/wp-content\/uploads\/2026\/02\/cross_glow_in_the_dark_pendant_necklace_03.webp\",\"datePublished\":\"2026-02-03T11:50:37+00:00\",\"dateModified\":\"2026-02-26T11:13:38+00:00\",\"description\":\"Glow in the Dark Resin Cross Necklace, Ogrlica s kri\u017eem ki se sveti v temi, Ogrlica s kri\u017eem od smole koji svijetli u mraku\",\"breadcrumb\":{\"@id\":\"https:\/\/www.malasmora.si\/izdelek\/glow_in_the_dark_cross_necklace\/#breadcrumb\"},\"inLanguage\":\"hr\",\"potentialAction\":[{\"@type\":\"ReadAction\",\"target\":[\"https:\/\/www.malasmora.si\/izdelek\/glow_in_the_dark_cross_necklace\/\"]}]},{\"@type\":\"ImageObject\",\"inLanguage\":\"hr\",\"@id\":\"https:\/\/www.malasmora.si\/izdelek\/glow_in_the_dark_cross_necklace\/#primaryimage\",\"url\":\"https:\/\/www.malasmora.si\/wp-content\/uploads\/2026\/02\/cross_glow_in_the_dark_pendant_necklace_03.webp\",\"contentUrl\":\"https:\/\/www.malasmora.si\/wp-content\/uploads\/2026\/02\/cross_glow_in_the_dark_pendant_necklace_03.webp\",\"width\":794,\"height\":1059,\"caption\":\"cross_glow_in_the_dark_pendant_necklace_03\"},{\"@type\":\"BreadcrumbList\",\"@id\":\"https:\/\/www.malasmora.si\/izdelek\/glow_in_the_dark_cross_necklace\/#breadcrumb\",\"itemListElement\":[{\"@type\":\"ListItem\",\"position\":1,\"name\":\"Home\",\"item\":\"https:\/\/www.malasmora.si\/\"},{\"@type\":\"ListItem\",\"position\":2,\"name\":\"Shop\",\"item\":\"https:\/\/www.malasmora.si\/shop\/\"},{\"@type\":\"ListItem\",\"position\":3,\"name\":\"Ogrlica s kri\u017eem, ki se sveti v temi\"}]},{\"@type\":\"WebSite\",\"@id\":\"https:\/\/www.malasmora.si\/#website\",\"url\":\"https:\/\/www.malasmora.si\/\",\"name\":\"Mala s mora\",\"description\":\"Ro\u010dno izdelan nakit iz epoksi smole\",\"publisher\":{\"@id\":\"https:\/\/www.malasmora.si\/#organization\"},\"potentialAction\":[{\"@type\":\"SearchAction\",\"target\":{\"@type\":\"EntryPoint\",\"urlTemplate\":\"https:\/\/www.malasmora.si\/?s={search_term_string}\"},\"query-input\":{\"@type\":\"PropertyValueSpecification\",\"valueRequired\":true,\"valueName\":\"search_term_string\"}}],\"inLanguage\":\"hr\"},{\"@type\":\"Organization\",\"@id\":\"https:\/\/www.malasmora.si\/#organization\",\"name\":\"Mala s mora\",\"url\":\"https:\/\/www.malasmora.si\/\",\"logo\":{\"@type\":\"ImageObject\",\"inLanguage\":\"hr\",\"@id\":\"https:\/\/www.malasmora.si\/#\/schema\/logo\/image\/\",\"url\":\"https:\/\/www.malasmora.si\/wp-content\/uploads\/2025\/07\/logo_novi_03.png\",\"contentUrl\":\"https:\/\/www.malasmora.si\/wp-content\/uploads\/2025\/07\/logo_novi_03.png\",\"width\":1536,\"height\":1024,\"caption\":\"Mala s mora\"},\"image\":{\"@id\":\"https:\/\/www.malasmora.si\/#\/schema\/logo\/image\/\"},\"sameAs\":[\"https:\/\/www.facebook.com\/MalaSMoraArt\/\"]}]}<\/script>\n<!-- \/ Yoast SEO plugin. -->","yoast_head_json":{"title":"Ogrlica s kri\u017eem, ki se sveti v temi - Mala s mora","description":"Glow in the Dark Resin Cross Necklace, Ogrlica s kri\u017eem ki se sveti v temi, Ogrlica s kri\u017eem od smole koji svijetli u mraku","robots":{"index":"index","follow":"follow","max-snippet":"max-snippet:-1","max-image-preview":"max-image-preview:large","max-video-preview":"max-video-preview:-1"},"canonical":"https:\/\/www.malasmora.si\/hr\/proizvod\/glow_in_the_dark_cross_necklace\/","og_locale":"hr_HR","og_type":"article","og_title":"Ogrlica s kri\u017eem, ki se sveti v temi - Mala s mora","og_description":"Glow in the Dark Resin Cross Necklace, Ogrlica s kri\u017eem ki se sveti v temi, Ogrlica s kri\u017eem od smole koji svijetli u mraku","og_url":"https:\/\/www.malasmora.si\/hr\/proizvod\/glow_in_the_dark_cross_necklace\/","og_site_name":"Mala s mora","article_publisher":"https:\/\/www.facebook.com\/MalaSMoraArt\/","article_modified_time":"2026-02-26T11:13:38+00:00","og_image":[{"width":794,"height":1059,"url":"https:\/\/www.malasmora.si\/wp-content\/uploads\/2026\/02\/cross_glow_in_the_dark_pendant_necklace_03.webp","type":"image\/webp"}],"twitter_card":"summary_large_image","twitter_misc":{"Procijenjeno vrijeme \u010ditanja":"2 minute"},"schema":{"@context":"https:\/\/schema.org","@graph":[{"@type":"WebPage","@id":"https:\/\/www.malasmora.si\/izdelek\/glow_in_the_dark_cross_necklace\/","url":"https:\/\/www.malasmora.si\/izdelek\/glow_in_the_dark_cross_necklace\/","name":"Ogrlica s kri\u017eem, ki se sveti v temi - Mala s mora","isPartOf":{"@id":"https:\/\/www.malasmora.si\/#website"},"primaryImageOfPage":{"@id":"https:\/\/www.malasmora.si\/izdelek\/glow_in_the_dark_cross_necklace\/#primaryimage"},"image":{"@id":"https:\/\/www.malasmora.si\/izdelek\/glow_in_the_dark_cross_necklace\/#primaryimage"},"thumbnailUrl":"https:\/\/www.malasmora.si\/wp-content\/uploads\/2026\/02\/cross_glow_in_the_dark_pendant_necklace_03.webp","datePublished":"2026-02-03T11:50:37+00:00","dateModified":"2026-02-26T11:13:38+00:00","description":"Glow in the Dark Resin Cross Necklace, Ogrlica s kri\u017eem ki se sveti v temi, Ogrlica s kri\u017eem od smole koji svijetli u mraku","breadcrumb":{"@id":"https:\/\/www.malasmora.si\/izdelek\/glow_in_the_dark_cross_necklace\/#breadcrumb"},"inLanguage":"hr","potentialAction":[{"@type":"ReadAction","target":["https:\/\/www.malasmora.si\/izdelek\/glow_in_the_dark_cross_necklace\/"]}]},{"@type":"ImageObject","inLanguage":"hr","@id":"https:\/\/www.malasmora.si\/izdelek\/glow_in_the_dark_cross_necklace\/#primaryimage","url":"https:\/\/www.malasmora.si\/wp-content\/uploads\/2026\/02\/cross_glow_in_the_dark_pendant_necklace_03.webp","contentUrl":"https:\/\/www.malasmora.si\/wp-content\/uploads\/2026\/02\/cross_glow_in_the_dark_pendant_necklace_03.webp","width":794,"height":1059,"caption":"cross_glow_in_the_dark_pendant_necklace_03"},{"@type":"BreadcrumbList","@id":"https:\/\/www.malasmora.si\/izdelek\/glow_in_the_dark_cross_necklace\/#breadcrumb","itemListElement":[{"@type":"ListItem","position":1,"name":"Home","item":"https:\/\/www.malasmora.si\/"},{"@type":"ListItem","position":2,"name":"Shop","item":"https:\/\/www.malasmora.si\/shop\/"},{"@type":"ListItem","position":3,"name":"Ogrlica s kri\u017eem, ki se sveti v temi"}]},{"@type":"WebSite","@id":"https:\/\/www.malasmora.si\/#website","url":"https:\/\/www.malasmora.si\/","name":"Mala s mora","description":"Ro\u010dno izdelan nakit iz epoksi smole","publisher":{"@id":"https:\/\/www.malasmora.si\/#organization"},"potentialAction":[{"@type":"SearchAction","target":{"@type":"EntryPoint","urlTemplate":"https:\/\/www.malasmora.si\/?s={search_term_string}"},"query-input":{"@type":"PropertyValueSpecification","valueRequired":true,"valueName":"search_term_string"}}],"inLanguage":"hr"},{"@type":"Organization","@id":"https:\/\/www.malasmora.si\/#organization","name":"Mala s mora","url":"https:\/\/www.malasmora.si\/","logo":{"@type":"ImageObject","inLanguage":"hr","@id":"https:\/\/www.malasmora.si\/#\/schema\/logo\/image\/","url":"https:\/\/www.malasmora.si\/wp-content\/uploads\/2025\/07\/logo_novi_03.png","contentUrl":"https:\/\/www.malasmora.si\/wp-content\/uploads\/2025\/07\/logo_novi_03.png","width":1536,"height":1024,"caption":"Mala s mora"},"image":{"@id":"https:\/\/www.malasmora.si\/#\/schema\/logo\/image\/"},"sameAs":["https:\/\/www.facebook.com\/MalaSMoraArt\/"]}]}},"_links":{"self":[{"href":"https:\/\/www.malasmora.si\/hr\/wp-json\/wp\/v2\/product\/4068","targetHints":{"allow":["GET"]}}],"collection":[{"href":"https:\/\/www.malasmora.si\/hr\/wp-json\/wp\/v2\/product"}],"about":[{"href":"https:\/\/www.malasmora.si\/hr\/wp-json\/wp\/v2\/types\/product"}],"replies":[{"embeddable":true,"href":"https:\/\/www.malasmora.si\/hr\/wp-json\/wp\/v2\/comments?post=4068"}],"wp:featuredmedia":[{"embeddable":true,"href":"https:\/\/www.malasmora.si\/hr\/wp-json\/wp\/v2\/media\/4165"}],"wp:attachment":[{"href":"https:\/\/www.malasmora.si\/hr\/wp-json\/wp\/v2\/media?parent=4068"}],"wp:term":[{"taxonomy":"product_brand","embeddable":true,"href":"https:\/\/www.malasmora.si\/hr\/wp-json\/wp\/v2\/product_brand?post=4068"},{"taxonomy":"product_cat","embeddable":true,"href":"https:\/\/www.malasmora.si\/hr\/wp-json\/wp\/v2\/product_cat?post=4068"},{"taxonomy":"product_tag","embeddable":true,"href":"https:\/\/www.malasmora.si\/hr\/wp-json\/wp\/v2\/product_tag?post=4068"}],"curies":[{"name":"wp","href":"https:\/\/api.w.org\/{rel}","templated":true}]}}