{"id":4121,"date":"2026-02-26T10:13:13","date_gmt":"2026-02-26T08:13:13","guid":{"rendered":"https:\/\/www.malasmora.si\/?post_type=product&#038;p=4121"},"modified":"2026-02-26T11:35:51","modified_gmt":"2026-02-26T09:35:51","slug":"jasper_orgonite_pyramid","status":"publish","type":"product","link":"https:\/\/www.malasmora.si\/hr\/proizvod\/jasper_orgonite_pyramid\/","title":{"rendered":"Orgonitna piramida z jaspisom"},"content":{"rendered":"<p>Jaspisova orgonitna piramida z bakreno spiralo.<\/p>\n<p>Ro\u010dno izdelana piramida iz smole v orgonitskem slogu z bakreno spiralo in naravnimi jaspisovimi kamni.<\/p>\n<p>Ne\u017een ro\u017enat odtenek v kombinaciji z ble\u0161\u010de\u010dimi plastmi ustvarja toplo in ozemljitveno energijsko estetiko.<\/p>\n<p>\ud83d\udd2e Pomen kristala<\/p>\n<p>Jaspis je pogosto znan kot kamen ozemljitve in stabilnosti.<br \/>\nPovezan je z mirno energijo, ravnovesjem in ob\u010dutkom varnosti, zaradi \u010desar je priljubljena izbira za meditacijske prostore in \u010duje\u010do dekoracijo doma.<br \/>\nBakrena spirala je tradicionalno povezana s pretokom energije in harmonijo, zaradi \u010desar je ta piramida \u010dudovit simbolni kos za va\u0161o mizo, oltar ali koti\u010dek za sprostitev.<\/p>\n<p>Vsaka piramida je individualno ro\u010dno izdelana in resni\u010dno edinstvena.<\/p>\n<p>\u2728 Idealno za:<br \/>\n\u2022 prostore za meditacijo<br \/>\n\u2022 delo z reikijem in energijo<br \/>\n\u2022 duhovno in kristalno dekoracijo<br \/>\n\u2022 ro\u010dno izdelana darila z pomenom<\/p>\n<p>\ud83d\udccf Velikost:<br \/>\n\u0160irina: 6 cm<br \/>\nVi\u0161ina: 7 cm<\/p>\n<p>\ud83d\udd90\ufe0f Materiali:<br \/>\nEpoksidna smola, bakrena spirala, naravni jaspis, pigmenti<\/p>\n<p>\ud83c\udf81 Pripravljeno za po\u0161iljanje v za\u0161\u010ditni embala\u017ei.<\/p>\n<p>Opomba: To je dekorativni predmet.<\/p>","protected":false},"excerpt":{"rendered":"<p>Jaspisova orgonitna piramida z bakreno spiralo. Ro\u010dno izdelana piramida iz smole v orgonitskem slogu z bakreno spiralo in naravnimi jaspisovimi kamni. Ne\u017een ro\u017enat odtenek v kombinaciji z ble\u0161\u010de\u010dimi plastmi ustvarja toplo in ozemljitveno energijsko estetiko. \ud83d\udd2e Pomen kristala Jaspis je pogosto znan kot kamen ozemljitve in stabilnosti. Povezan je z mirno energijo, ravnovesjem in ob\u010dutkom&#8230;<\/p>","protected":false},"featured_media":4129,"comment_status":"open","ping_status":"closed","template":"","meta":{"_kadence_starter_templates_imported_post":false,"_kad_post_transparent":"default","_kad_post_title":"","_kad_post_layout":"default","_kad_post_sidebar_id":"","_kad_post_content_style":"default","_kad_post_vertical_padding":"default","_kad_post_feature":"","_kad_post_feature_position":"","_kad_post_header":false,"_kad_post_footer":false},"product_brand":[],"product_cat":[1137],"product_tag":[1140,1141,1142,1143,1139,1138,1144],"class_list":{"0":"post-4121","1":"product","2":"type-product","3":"status-publish","4":"has-post-thumbnail","6":"product_cat-pyramids","7":"product_tag-jasper_copper_orgonite","8":"product_tag-jasper_copper_pyramid","9":"product_tag-piramida-od-smole","10":"product_tag-piramida-sa-jaspisom","11":"product_tag-resin_orgonite","12":"product_tag-resin_pyramid","13":"product_tag-ruzicasta-piramida","15":"first","16":"instock","17":"purchasable","18":"product-type-simple","19":"entry","20":"content-bg","21":"loop-entry"},"yoast_head":"<!-- This site is optimized with the Yoast SEO plugin v26.6 - https:\/\/yoast.com\/wordpress\/plugins\/seo\/ -->\n<title>Orgonitna piramida z jaspisom - Mala s mora<\/title>\n<meta name=\"description\" content=\"Jasper Orgonite Pyramid with Copper Spiral, Jaspisova orgonitna piramida z bakreno spiralo, Jaspis orgonitna piramida s bakrenom spiralom\" \/>\n<meta name=\"robots\" content=\"index, follow, max-snippet:-1, max-image-preview:large, max-video-preview:-1\" \/>\n<link rel=\"canonical\" href=\"https:\/\/www.malasmora.si\/hr\/proizvod\/jasper_orgonite_pyramid\/\" \/>\n<meta property=\"og:locale\" content=\"hr_HR\" \/>\n<meta property=\"og:type\" content=\"article\" \/>\n<meta property=\"og:title\" content=\"Orgonitna piramida z jaspisom - Mala s mora\" \/>\n<meta property=\"og:description\" content=\"Jasper Orgonite Pyramid with Copper Spiral, Jaspisova orgonitna piramida z bakreno spiralo, Jaspis orgonitna piramida s bakrenom spiralom\" \/>\n<meta property=\"og:url\" content=\"https:\/\/www.malasmora.si\/hr\/proizvod\/jasper_orgonite_pyramid\/\" \/>\n<meta property=\"og:site_name\" content=\"Mala s mora\" \/>\n<meta property=\"article:publisher\" content=\"https:\/\/www.facebook.com\/MalaSMoraArt\/\" \/>\n<meta property=\"article:modified_time\" content=\"2026-02-26T09:35:51+00:00\" \/>\n<meta property=\"og:image\" content=\"https:\/\/www.malasmora.si\/wp-content\/uploads\/2026\/02\/resin_pink_jasper_orgonite_pyramide_05-scaled.jpg\" \/>\n\t<meta property=\"og:image:width\" content=\"1920\" \/>\n\t<meta property=\"og:image:height\" content=\"2560\" \/>\n\t<meta property=\"og:image:type\" content=\"image\/jpeg\" \/>\n<meta name=\"twitter:card\" content=\"summary_large_image\" \/>\n<meta name=\"twitter:label1\" content=\"Procijenjeno vrijeme \u010ditanja\" \/>\n\t<meta name=\"twitter:data1\" content=\"2 minute\" \/>\n<script type=\"application\/ld+json\" class=\"yoast-schema-graph\">{\"@context\":\"https:\/\/schema.org\",\"@graph\":[{\"@type\":\"WebPage\",\"@id\":\"https:\/\/www.malasmora.si\/izdelek\/jasper_orgonite_pyramid\/\",\"url\":\"https:\/\/www.malasmora.si\/izdelek\/jasper_orgonite_pyramid\/\",\"name\":\"Orgonitna piramida z jaspisom - Mala s mora\",\"isPartOf\":{\"@id\":\"https:\/\/www.malasmora.si\/#website\"},\"primaryImageOfPage\":{\"@id\":\"https:\/\/www.malasmora.si\/izdelek\/jasper_orgonite_pyramid\/#primaryimage\"},\"image\":{\"@id\":\"https:\/\/www.malasmora.si\/izdelek\/jasper_orgonite_pyramid\/#primaryimage\"},\"thumbnailUrl\":\"https:\/\/www.malasmora.si\/wp-content\/uploads\/2026\/02\/resin_pink_jasper_orgonite_pyramide_05-scaled.jpg\",\"datePublished\":\"2026-02-26T08:13:13+00:00\",\"dateModified\":\"2026-02-26T09:35:51+00:00\",\"description\":\"Jasper Orgonite Pyramid with Copper Spiral, Jaspisova orgonitna piramida z bakreno spiralo, Jaspis orgonitna piramida s bakrenom spiralom\",\"breadcrumb\":{\"@id\":\"https:\/\/www.malasmora.si\/izdelek\/jasper_orgonite_pyramid\/#breadcrumb\"},\"inLanguage\":\"hr\",\"potentialAction\":[{\"@type\":\"ReadAction\",\"target\":[\"https:\/\/www.malasmora.si\/izdelek\/jasper_orgonite_pyramid\/\"]}]},{\"@type\":\"ImageObject\",\"inLanguage\":\"hr\",\"@id\":\"https:\/\/www.malasmora.si\/izdelek\/jasper_orgonite_pyramid\/#primaryimage\",\"url\":\"https:\/\/www.malasmora.si\/wp-content\/uploads\/2026\/02\/resin_pink_jasper_orgonite_pyramide_05-scaled.jpg\",\"contentUrl\":\"https:\/\/www.malasmora.si\/wp-content\/uploads\/2026\/02\/resin_pink_jasper_orgonite_pyramide_05-scaled.jpg\",\"width\":1920,\"height\":2560,\"caption\":\"resin_pink_jasper_orgonite_pyramide\"},{\"@type\":\"BreadcrumbList\",\"@id\":\"https:\/\/www.malasmora.si\/izdelek\/jasper_orgonite_pyramid\/#breadcrumb\",\"itemListElement\":[{\"@type\":\"ListItem\",\"position\":1,\"name\":\"Home\",\"item\":\"https:\/\/www.malasmora.si\/\"},{\"@type\":\"ListItem\",\"position\":2,\"name\":\"Shop\",\"item\":\"https:\/\/www.malasmora.si\/shop\/\"},{\"@type\":\"ListItem\",\"position\":3,\"name\":\"Orgonitna piramida z jaspisom\"}]},{\"@type\":\"WebSite\",\"@id\":\"https:\/\/www.malasmora.si\/#website\",\"url\":\"https:\/\/www.malasmora.si\/\",\"name\":\"Mala s mora\",\"description\":\"Ro\u010dno izdelan nakit iz epoksi smole\",\"publisher\":{\"@id\":\"https:\/\/www.malasmora.si\/#organization\"},\"potentialAction\":[{\"@type\":\"SearchAction\",\"target\":{\"@type\":\"EntryPoint\",\"urlTemplate\":\"https:\/\/www.malasmora.si\/?s={search_term_string}\"},\"query-input\":{\"@type\":\"PropertyValueSpecification\",\"valueRequired\":true,\"valueName\":\"search_term_string\"}}],\"inLanguage\":\"hr\"},{\"@type\":\"Organization\",\"@id\":\"https:\/\/www.malasmora.si\/#organization\",\"name\":\"Mala s mora\",\"url\":\"https:\/\/www.malasmora.si\/\",\"logo\":{\"@type\":\"ImageObject\",\"inLanguage\":\"hr\",\"@id\":\"https:\/\/www.malasmora.si\/#\/schema\/logo\/image\/\",\"url\":\"https:\/\/www.malasmora.si\/wp-content\/uploads\/2025\/07\/logo_novi_03.png\",\"contentUrl\":\"https:\/\/www.malasmora.si\/wp-content\/uploads\/2025\/07\/logo_novi_03.png\",\"width\":1536,\"height\":1024,\"caption\":\"Mala s mora\"},\"image\":{\"@id\":\"https:\/\/www.malasmora.si\/#\/schema\/logo\/image\/\"},\"sameAs\":[\"https:\/\/www.facebook.com\/MalaSMoraArt\/\"]}]}<\/script>\n<!-- \/ Yoast SEO plugin. -->","yoast_head_json":{"title":"Orgonitna piramida z jaspisom - Mala s mora","description":"Jasper Orgonite Pyramid with Copper Spiral, Jaspisova orgonitna piramida z bakreno spiralo, Jaspis orgonitna piramida s bakrenom spiralom","robots":{"index":"index","follow":"follow","max-snippet":"max-snippet:-1","max-image-preview":"max-image-preview:large","max-video-preview":"max-video-preview:-1"},"canonical":"https:\/\/www.malasmora.si\/hr\/proizvod\/jasper_orgonite_pyramid\/","og_locale":"hr_HR","og_type":"article","og_title":"Orgonitna piramida z jaspisom - Mala s mora","og_description":"Jasper Orgonite Pyramid with Copper Spiral, Jaspisova orgonitna piramida z bakreno spiralo, Jaspis orgonitna piramida s bakrenom spiralom","og_url":"https:\/\/www.malasmora.si\/hr\/proizvod\/jasper_orgonite_pyramid\/","og_site_name":"Mala s mora","article_publisher":"https:\/\/www.facebook.com\/MalaSMoraArt\/","article_modified_time":"2026-02-26T09:35:51+00:00","og_image":[{"width":1920,"height":2560,"url":"https:\/\/www.malasmora.si\/wp-content\/uploads\/2026\/02\/resin_pink_jasper_orgonite_pyramide_05-scaled.jpg","type":"image\/jpeg"}],"twitter_card":"summary_large_image","twitter_misc":{"Procijenjeno vrijeme \u010ditanja":"2 minute"},"schema":{"@context":"https:\/\/schema.org","@graph":[{"@type":"WebPage","@id":"https:\/\/www.malasmora.si\/izdelek\/jasper_orgonite_pyramid\/","url":"https:\/\/www.malasmora.si\/izdelek\/jasper_orgonite_pyramid\/","name":"Orgonitna piramida z jaspisom - Mala s mora","isPartOf":{"@id":"https:\/\/www.malasmora.si\/#website"},"primaryImageOfPage":{"@id":"https:\/\/www.malasmora.si\/izdelek\/jasper_orgonite_pyramid\/#primaryimage"},"image":{"@id":"https:\/\/www.malasmora.si\/izdelek\/jasper_orgonite_pyramid\/#primaryimage"},"thumbnailUrl":"https:\/\/www.malasmora.si\/wp-content\/uploads\/2026\/02\/resin_pink_jasper_orgonite_pyramide_05-scaled.jpg","datePublished":"2026-02-26T08:13:13+00:00","dateModified":"2026-02-26T09:35:51+00:00","description":"Jasper Orgonite Pyramid with Copper Spiral, Jaspisova orgonitna piramida z bakreno spiralo, Jaspis orgonitna piramida s bakrenom spiralom","breadcrumb":{"@id":"https:\/\/www.malasmora.si\/izdelek\/jasper_orgonite_pyramid\/#breadcrumb"},"inLanguage":"hr","potentialAction":[{"@type":"ReadAction","target":["https:\/\/www.malasmora.si\/izdelek\/jasper_orgonite_pyramid\/"]}]},{"@type":"ImageObject","inLanguage":"hr","@id":"https:\/\/www.malasmora.si\/izdelek\/jasper_orgonite_pyramid\/#primaryimage","url":"https:\/\/www.malasmora.si\/wp-content\/uploads\/2026\/02\/resin_pink_jasper_orgonite_pyramide_05-scaled.jpg","contentUrl":"https:\/\/www.malasmora.si\/wp-content\/uploads\/2026\/02\/resin_pink_jasper_orgonite_pyramide_05-scaled.jpg","width":1920,"height":2560,"caption":"resin_pink_jasper_orgonite_pyramide"},{"@type":"BreadcrumbList","@id":"https:\/\/www.malasmora.si\/izdelek\/jasper_orgonite_pyramid\/#breadcrumb","itemListElement":[{"@type":"ListItem","position":1,"name":"Home","item":"https:\/\/www.malasmora.si\/"},{"@type":"ListItem","position":2,"name":"Shop","item":"https:\/\/www.malasmora.si\/shop\/"},{"@type":"ListItem","position":3,"name":"Orgonitna piramida z jaspisom"}]},{"@type":"WebSite","@id":"https:\/\/www.malasmora.si\/#website","url":"https:\/\/www.malasmora.si\/","name":"Mala s mora","description":"Ro\u010dno izdelan nakit iz epoksi smole","publisher":{"@id":"https:\/\/www.malasmora.si\/#organization"},"potentialAction":[{"@type":"SearchAction","target":{"@type":"EntryPoint","urlTemplate":"https:\/\/www.malasmora.si\/?s={search_term_string}"},"query-input":{"@type":"PropertyValueSpecification","valueRequired":true,"valueName":"search_term_string"}}],"inLanguage":"hr"},{"@type":"Organization","@id":"https:\/\/www.malasmora.si\/#organization","name":"Mala s mora","url":"https:\/\/www.malasmora.si\/","logo":{"@type":"ImageObject","inLanguage":"hr","@id":"https:\/\/www.malasmora.si\/#\/schema\/logo\/image\/","url":"https:\/\/www.malasmora.si\/wp-content\/uploads\/2025\/07\/logo_novi_03.png","contentUrl":"https:\/\/www.malasmora.si\/wp-content\/uploads\/2025\/07\/logo_novi_03.png","width":1536,"height":1024,"caption":"Mala s mora"},"image":{"@id":"https:\/\/www.malasmora.si\/#\/schema\/logo\/image\/"},"sameAs":["https:\/\/www.facebook.com\/MalaSMoraArt\/"]}]}},"_links":{"self":[{"href":"https:\/\/www.malasmora.si\/hr\/wp-json\/wp\/v2\/product\/4121","targetHints":{"allow":["GET"]}}],"collection":[{"href":"https:\/\/www.malasmora.si\/hr\/wp-json\/wp\/v2\/product"}],"about":[{"href":"https:\/\/www.malasmora.si\/hr\/wp-json\/wp\/v2\/types\/product"}],"replies":[{"embeddable":true,"href":"https:\/\/www.malasmora.si\/hr\/wp-json\/wp\/v2\/comments?post=4121"}],"wp:featuredmedia":[{"embeddable":true,"href":"https:\/\/www.malasmora.si\/hr\/wp-json\/wp\/v2\/media\/4129"}],"wp:attachment":[{"href":"https:\/\/www.malasmora.si\/hr\/wp-json\/wp\/v2\/media?parent=4121"}],"wp:term":[{"taxonomy":"product_brand","embeddable":true,"href":"https:\/\/www.malasmora.si\/hr\/wp-json\/wp\/v2\/product_brand?post=4121"},{"taxonomy":"product_cat","embeddable":true,"href":"https:\/\/www.malasmora.si\/hr\/wp-json\/wp\/v2\/product_cat?post=4121"},{"taxonomy":"product_tag","embeddable":true,"href":"https:\/\/www.malasmora.si\/hr\/wp-json\/wp\/v2\/product_tag?post=4121"}],"curies":[{"name":"wp","href":"https:\/\/api.w.org\/{rel}","templated":true}]}}