{"id":4122,"date":"2026-02-26T10:47:28","date_gmt":"2026-02-26T08:47:28","guid":{"rendered":"https:\/\/www.malasmora.si\/?post_type=product&#038;p=4122"},"modified":"2026-02-26T11:30:29","modified_gmt":"2026-02-26T09:30:29","slug":"green_forest_pyramid","status":"publish","type":"product","link":"https:\/\/www.malasmora.si\/hr\/proizvod\/green_forest_pyramid\/","title":{"rendered":"Zelena piramida s peskom, mahom in \u0161koljkami"},"content":{"rendered":"<p>Ro\u010dno izdelana piramida iz zelene smole s peskom, mahom in \u0161koljkami.<\/p>\n<p>V svoj prostor vnesite pomirjujo\u010d ko\u0161\u010dek narave s to ro\u010dno izdelano piramido iz zelene smole.<\/p>\n<p>Ta edinstvena ve\u010dplastna zasnova vsebuje pravi pesek, drobne kamen\u010dke, naravni mah in majhne morske \u0161koljke, kar ustvarja miniaturno pokrajino, navdihnjeno z oceanom. Temno zelena zgornja plast doda globino in pomirjujo\u010d videz gozda in morja.<\/p>\n<p>Vsaka piramida je skrbno ro\u010dno izdelana, zaradi \u010desar je vsak kos edinstven.<\/p>\n<p>\u2728 Popolno za:<br \/>\n\u2022 ljubitelje narave<br \/>\n\u2022 dekoracijo oceana in pla\u017ee<br \/>\n\u2022 zen in meditacijske prostore<br \/>\n\u2022 unikatna ro\u010dno izdelana darila<\/p>\n<p>\ud83d\udccf Velikost:<br \/>\n\u0160irina: 6 cm<br \/>\nVi\u0161ina: 7 cm<\/p>\n<p>\ud83d\udd90\ufe0f Materiali:<br \/>\nEpoksidna smola, pravi pesek, kamen\u010dki, mah, morske \u0161koljke, pigmenti<\/p>\n<p>\ud83c\udf81 Pripravljeno za po\u0161iljanje in varno zapakirano.<\/p>\n<p>Opomba: To je dekorativni predmet.<\/p>","protected":false},"excerpt":{"rendered":"<p>Ro\u010dno izdelana piramida iz zelene smole s peskom, mahom in \u0161koljkami. V svoj prostor vnesite pomirjujo\u010d ko\u0161\u010dek narave s to ro\u010dno izdelano piramido iz zelene smole. Ta edinstvena ve\u010dplastna zasnova vsebuje pravi pesek, drobne kamen\u010dke, naravni mah in majhne morske \u0161koljke, kar ustvarja miniaturno pokrajino, navdihnjeno z oceanom. Temno zelena zgornja plast doda globino in&#8230;<\/p>","protected":false},"featured_media":4123,"comment_status":"open","ping_status":"closed","template":"","meta":{"_kadence_starter_templates_imported_post":false,"_kad_post_transparent":"default","_kad_post_title":"","_kad_post_layout":"default","_kad_post_sidebar_id":"","_kad_post_content_style":"default","_kad_post_vertical_padding":"default","_kad_post_feature":"","_kad_post_feature_position":"","_kad_post_header":false,"_kad_post_footer":false},"product_brand":[],"product_cat":[1137],"product_tag":[1146,1147,1145,1148,1150,1151,1149],"class_list":{"0":"post-4122","1":"product","2":"type-product","3":"status-publish","4":"has-post-thumbnail","6":"product_cat-pyramids","7":"product_tag-green_forest_pyramid","8":"product_tag-green_ocean_pyramid","9":"product_tag-green_pyramid","10":"product_tag-handmade_resin_pyramid","11":"product_tag-piramida_gozd","12":"product_tag-piramida_ocean","13":"product_tag-zelena_piramida","15":"first","16":"instock","17":"purchasable","18":"product-type-simple","19":"entry","20":"content-bg","21":"loop-entry"},"yoast_head":"<!-- This site is optimized with the Yoast SEO plugin v26.6 - https:\/\/yoast.com\/wordpress\/plugins\/seo\/ -->\n<title>Zelena piramida s peskom, mahom in \u0161koljkami - Mala s mora<\/title>\n<meta name=\"description\" content=\"Green Resin Pyramid with Sand Moss and Shells, Zelena smolna piramida s peskom mahom in \u0161koljkami, Zelena piramida od smole s pijeskom mahovinom i \u0161koljkama\" \/>\n<meta name=\"robots\" content=\"index, follow, max-snippet:-1, max-image-preview:large, max-video-preview:-1\" \/>\n<link rel=\"canonical\" href=\"https:\/\/www.malasmora.si\/hr\/proizvod\/green_forest_pyramid\/\" \/>\n<meta property=\"og:locale\" content=\"hr_HR\" \/>\n<meta property=\"og:type\" content=\"article\" \/>\n<meta property=\"og:title\" content=\"Zelena piramida s peskom, mahom in \u0161koljkami - Mala s mora\" \/>\n<meta property=\"og:description\" content=\"Green Resin Pyramid with Sand Moss and Shells, Zelena smolna piramida s peskom mahom in \u0161koljkami, Zelena piramida od smole s pijeskom mahovinom i \u0161koljkama\" \/>\n<meta property=\"og:url\" content=\"https:\/\/www.malasmora.si\/hr\/proizvod\/green_forest_pyramid\/\" \/>\n<meta property=\"og:site_name\" content=\"Mala s mora\" \/>\n<meta property=\"article:publisher\" content=\"https:\/\/www.facebook.com\/MalaSMoraArt\/\" \/>\n<meta property=\"article:modified_time\" content=\"2026-02-26T09:30:29+00:00\" \/>\n<meta property=\"og:image\" content=\"https:\/\/www.malasmora.si\/wp-content\/uploads\/2026\/02\/resin_green_ocean_forest_pyramid.jpg\" \/>\n\t<meta property=\"og:image:width\" content=\"1613\" \/>\n\t<meta property=\"og:image:height\" content=\"2151\" \/>\n\t<meta property=\"og:image:type\" content=\"image\/jpeg\" \/>\n<meta name=\"twitter:card\" content=\"summary_large_image\" \/>\n<meta name=\"twitter:label1\" content=\"Procijenjeno vrijeme \u010ditanja\" \/>\n\t<meta name=\"twitter:data1\" content=\"1 minuta\" \/>\n<script type=\"application\/ld+json\" class=\"yoast-schema-graph\">{\"@context\":\"https:\/\/schema.org\",\"@graph\":[{\"@type\":\"WebPage\",\"@id\":\"https:\/\/www.malasmora.si\/izdelek\/green_forest_pyramid\/\",\"url\":\"https:\/\/www.malasmora.si\/izdelek\/green_forest_pyramid\/\",\"name\":\"Zelena piramida s peskom, mahom in \u0161koljkami - Mala s mora\",\"isPartOf\":{\"@id\":\"https:\/\/www.malasmora.si\/#website\"},\"primaryImageOfPage\":{\"@id\":\"https:\/\/www.malasmora.si\/izdelek\/green_forest_pyramid\/#primaryimage\"},\"image\":{\"@id\":\"https:\/\/www.malasmora.si\/izdelek\/green_forest_pyramid\/#primaryimage\"},\"thumbnailUrl\":\"https:\/\/www.malasmora.si\/wp-content\/uploads\/2026\/02\/resin_green_ocean_forest_pyramid.jpg\",\"datePublished\":\"2026-02-26T08:47:28+00:00\",\"dateModified\":\"2026-02-26T09:30:29+00:00\",\"description\":\"Green Resin Pyramid with Sand Moss and Shells, Zelena smolna piramida s peskom mahom in \u0161koljkami, Zelena piramida od smole s pijeskom mahovinom i \u0161koljkama\",\"breadcrumb\":{\"@id\":\"https:\/\/www.malasmora.si\/izdelek\/green_forest_pyramid\/#breadcrumb\"},\"inLanguage\":\"hr\",\"potentialAction\":[{\"@type\":\"ReadAction\",\"target\":[\"https:\/\/www.malasmora.si\/izdelek\/green_forest_pyramid\/\"]}]},{\"@type\":\"ImageObject\",\"inLanguage\":\"hr\",\"@id\":\"https:\/\/www.malasmora.si\/izdelek\/green_forest_pyramid\/#primaryimage\",\"url\":\"https:\/\/www.malasmora.si\/wp-content\/uploads\/2026\/02\/resin_green_ocean_forest_pyramid.jpg\",\"contentUrl\":\"https:\/\/www.malasmora.si\/wp-content\/uploads\/2026\/02\/resin_green_ocean_forest_pyramid.jpg\",\"width\":1613,\"height\":2151,\"caption\":\"resin_green_ocean_forest_pyramid\"},{\"@type\":\"BreadcrumbList\",\"@id\":\"https:\/\/www.malasmora.si\/izdelek\/green_forest_pyramid\/#breadcrumb\",\"itemListElement\":[{\"@type\":\"ListItem\",\"position\":1,\"name\":\"Home\",\"item\":\"https:\/\/www.malasmora.si\/\"},{\"@type\":\"ListItem\",\"position\":2,\"name\":\"Shop\",\"item\":\"https:\/\/www.malasmora.si\/shop\/\"},{\"@type\":\"ListItem\",\"position\":3,\"name\":\"Zelena piramida s peskom, mahom in \u0161koljkami\"}]},{\"@type\":\"WebSite\",\"@id\":\"https:\/\/www.malasmora.si\/#website\",\"url\":\"https:\/\/www.malasmora.si\/\",\"name\":\"Mala s mora\",\"description\":\"Ro\u010dno izdelan nakit iz epoksi smole\",\"publisher\":{\"@id\":\"https:\/\/www.malasmora.si\/#organization\"},\"potentialAction\":[{\"@type\":\"SearchAction\",\"target\":{\"@type\":\"EntryPoint\",\"urlTemplate\":\"https:\/\/www.malasmora.si\/?s={search_term_string}\"},\"query-input\":{\"@type\":\"PropertyValueSpecification\",\"valueRequired\":true,\"valueName\":\"search_term_string\"}}],\"inLanguage\":\"hr\"},{\"@type\":\"Organization\",\"@id\":\"https:\/\/www.malasmora.si\/#organization\",\"name\":\"Mala s mora\",\"url\":\"https:\/\/www.malasmora.si\/\",\"logo\":{\"@type\":\"ImageObject\",\"inLanguage\":\"hr\",\"@id\":\"https:\/\/www.malasmora.si\/#\/schema\/logo\/image\/\",\"url\":\"https:\/\/www.malasmora.si\/wp-content\/uploads\/2025\/07\/logo_novi_03.png\",\"contentUrl\":\"https:\/\/www.malasmora.si\/wp-content\/uploads\/2025\/07\/logo_novi_03.png\",\"width\":1536,\"height\":1024,\"caption\":\"Mala s mora\"},\"image\":{\"@id\":\"https:\/\/www.malasmora.si\/#\/schema\/logo\/image\/\"},\"sameAs\":[\"https:\/\/www.facebook.com\/MalaSMoraArt\/\"]}]}<\/script>\n<!-- \/ Yoast SEO plugin. -->","yoast_head_json":{"title":"Zelena piramida s peskom, mahom in \u0161koljkami - Mala s mora","description":"Green Resin Pyramid with Sand Moss and Shells, Zelena smolna piramida s peskom mahom in \u0161koljkami, Zelena piramida od smole s pijeskom mahovinom i \u0161koljkama","robots":{"index":"index","follow":"follow","max-snippet":"max-snippet:-1","max-image-preview":"max-image-preview:large","max-video-preview":"max-video-preview:-1"},"canonical":"https:\/\/www.malasmora.si\/hr\/proizvod\/green_forest_pyramid\/","og_locale":"hr_HR","og_type":"article","og_title":"Zelena piramida s peskom, mahom in \u0161koljkami - Mala s mora","og_description":"Green Resin Pyramid with Sand Moss and Shells, Zelena smolna piramida s peskom mahom in \u0161koljkami, Zelena piramida od smole s pijeskom mahovinom i \u0161koljkama","og_url":"https:\/\/www.malasmora.si\/hr\/proizvod\/green_forest_pyramid\/","og_site_name":"Mala s mora","article_publisher":"https:\/\/www.facebook.com\/MalaSMoraArt\/","article_modified_time":"2026-02-26T09:30:29+00:00","og_image":[{"width":1613,"height":2151,"url":"https:\/\/www.malasmora.si\/wp-content\/uploads\/2026\/02\/resin_green_ocean_forest_pyramid.jpg","type":"image\/jpeg"}],"twitter_card":"summary_large_image","twitter_misc":{"Procijenjeno vrijeme \u010ditanja":"1 minuta"},"schema":{"@context":"https:\/\/schema.org","@graph":[{"@type":"WebPage","@id":"https:\/\/www.malasmora.si\/izdelek\/green_forest_pyramid\/","url":"https:\/\/www.malasmora.si\/izdelek\/green_forest_pyramid\/","name":"Zelena piramida s peskom, mahom in \u0161koljkami - Mala s mora","isPartOf":{"@id":"https:\/\/www.malasmora.si\/#website"},"primaryImageOfPage":{"@id":"https:\/\/www.malasmora.si\/izdelek\/green_forest_pyramid\/#primaryimage"},"image":{"@id":"https:\/\/www.malasmora.si\/izdelek\/green_forest_pyramid\/#primaryimage"},"thumbnailUrl":"https:\/\/www.malasmora.si\/wp-content\/uploads\/2026\/02\/resin_green_ocean_forest_pyramid.jpg","datePublished":"2026-02-26T08:47:28+00:00","dateModified":"2026-02-26T09:30:29+00:00","description":"Green Resin Pyramid with Sand Moss and Shells, Zelena smolna piramida s peskom mahom in \u0161koljkami, Zelena piramida od smole s pijeskom mahovinom i \u0161koljkama","breadcrumb":{"@id":"https:\/\/www.malasmora.si\/izdelek\/green_forest_pyramid\/#breadcrumb"},"inLanguage":"hr","potentialAction":[{"@type":"ReadAction","target":["https:\/\/www.malasmora.si\/izdelek\/green_forest_pyramid\/"]}]},{"@type":"ImageObject","inLanguage":"hr","@id":"https:\/\/www.malasmora.si\/izdelek\/green_forest_pyramid\/#primaryimage","url":"https:\/\/www.malasmora.si\/wp-content\/uploads\/2026\/02\/resin_green_ocean_forest_pyramid.jpg","contentUrl":"https:\/\/www.malasmora.si\/wp-content\/uploads\/2026\/02\/resin_green_ocean_forest_pyramid.jpg","width":1613,"height":2151,"caption":"resin_green_ocean_forest_pyramid"},{"@type":"BreadcrumbList","@id":"https:\/\/www.malasmora.si\/izdelek\/green_forest_pyramid\/#breadcrumb","itemListElement":[{"@type":"ListItem","position":1,"name":"Home","item":"https:\/\/www.malasmora.si\/"},{"@type":"ListItem","position":2,"name":"Shop","item":"https:\/\/www.malasmora.si\/shop\/"},{"@type":"ListItem","position":3,"name":"Zelena piramida s peskom, mahom in \u0161koljkami"}]},{"@type":"WebSite","@id":"https:\/\/www.malasmora.si\/#website","url":"https:\/\/www.malasmora.si\/","name":"Mala s mora","description":"Ro\u010dno izdelan nakit iz epoksi smole","publisher":{"@id":"https:\/\/www.malasmora.si\/#organization"},"potentialAction":[{"@type":"SearchAction","target":{"@type":"EntryPoint","urlTemplate":"https:\/\/www.malasmora.si\/?s={search_term_string}"},"query-input":{"@type":"PropertyValueSpecification","valueRequired":true,"valueName":"search_term_string"}}],"inLanguage":"hr"},{"@type":"Organization","@id":"https:\/\/www.malasmora.si\/#organization","name":"Mala s mora","url":"https:\/\/www.malasmora.si\/","logo":{"@type":"ImageObject","inLanguage":"hr","@id":"https:\/\/www.malasmora.si\/#\/schema\/logo\/image\/","url":"https:\/\/www.malasmora.si\/wp-content\/uploads\/2025\/07\/logo_novi_03.png","contentUrl":"https:\/\/www.malasmora.si\/wp-content\/uploads\/2025\/07\/logo_novi_03.png","width":1536,"height":1024,"caption":"Mala s mora"},"image":{"@id":"https:\/\/www.malasmora.si\/#\/schema\/logo\/image\/"},"sameAs":["https:\/\/www.facebook.com\/MalaSMoraArt\/"]}]}},"_links":{"self":[{"href":"https:\/\/www.malasmora.si\/hr\/wp-json\/wp\/v2\/product\/4122","targetHints":{"allow":["GET"]}}],"collection":[{"href":"https:\/\/www.malasmora.si\/hr\/wp-json\/wp\/v2\/product"}],"about":[{"href":"https:\/\/www.malasmora.si\/hr\/wp-json\/wp\/v2\/types\/product"}],"replies":[{"embeddable":true,"href":"https:\/\/www.malasmora.si\/hr\/wp-json\/wp\/v2\/comments?post=4122"}],"wp:featuredmedia":[{"embeddable":true,"href":"https:\/\/www.malasmora.si\/hr\/wp-json\/wp\/v2\/media\/4123"}],"wp:attachment":[{"href":"https:\/\/www.malasmora.si\/hr\/wp-json\/wp\/v2\/media?parent=4122"}],"wp:term":[{"taxonomy":"product_brand","embeddable":true,"href":"https:\/\/www.malasmora.si\/hr\/wp-json\/wp\/v2\/product_brand?post=4122"},{"taxonomy":"product_cat","embeddable":true,"href":"https:\/\/www.malasmora.si\/hr\/wp-json\/wp\/v2\/product_cat?post=4122"},{"taxonomy":"product_tag","embeddable":true,"href":"https:\/\/www.malasmora.si\/hr\/wp-json\/wp\/v2\/product_tag?post=4122"}],"curies":[{"name":"wp","href":"https:\/\/api.w.org\/{rel}","templated":true}]}}