{"id":4173,"date":"2026-02-26T13:43:22","date_gmt":"2026-02-26T11:43:22","guid":{"rendered":"https:\/\/www.malasmora.si\/?post_type=product&#038;p=4173"},"modified":"2026-02-26T13:50:55","modified_gmt":"2026-02-26T11:50:55","slug":"moss_and_mushrooms_pyramid","status":"publish","type":"product","link":"https:\/\/www.malasmora.si\/hr\/proizvod\/moss_and_mushrooms_pyramid\/","title":{"rendered":"Mini piramida z gobami in mahom"},"content":{"rendered":"<p>Mini piramida iz smole s pravimi gobami, mahom, \u0161koljkami, peskom in kristalno \u010disto epoksi smolo.<\/p>\n<p>Postavite jo lahko kamor koli v svojem domu, da vnesete harmonijo in dobro po\u010dutje, ali pa jo uporabite kot ute\u017e za papir, ki okrasi va\u0161o mizo ali pisarno.<\/p>\n<p>Popolno darilo za ljubitelje meditacije.<\/p>\n<p>\ud83c\udf44100 % ro\u010dno izdelana dekoracija \ud83c\udf44<\/p>\n<p>\ud83d\udcd0Dimenzije:<br \/>\nVi\u0161ina 4,5 cm (1,77&#8243;)<br \/>\n\u0160irina 4 cm (1,57&#8243;)<\/p>\n<p>\ud83c\udf32Vse izdelke izdelujem ro\u010dno, zato ni noben kos popolnoma enak. Zaradi ro\u010dne izdelave vedno obstaja mo\u017enost majhnih nepravilnosti in mehur\u010dkov. To ni napaka, ampak del \u0161arma in edinstvenosti.<\/p>\n<p>\ud83c\udf32Pri nekaterih monitorjih se lahko barva zaradi razli\u010dnih nastavitev slike nekoliko razlikuje.<\/p>\n<p>\u2757POMEMBNO\u2757<br \/>\nPiramida je izdelana po naro\u010dilu, \u010das izdelave je 7\u201310 dni. Kon\u010dni izdelek se bo razlikoval od piramide na sliki, odvisno od gob, ki jih imam trenutno na zalogi. Pred naro\u010dilom natan\u010dno preverite \u010das izdelave in dostave.<br \/>\nPred po\u0161iljanjem vam bom poslal fotografije va\u0161e piramide.<br \/>\nVra\u010dila izdelkov po meri ne sprejemam.<\/p>","protected":false},"excerpt":{"rendered":"<p>Mini piramida iz smole s pravimi gobami, mahom, \u0161koljkami, peskom in kristalno \u010disto epoksi smolo. Postavite jo lahko kamor koli v svojem domu, da vnesete harmonijo in dobro po\u010dutje, ali pa jo uporabite kot ute\u017e za papir, ki okrasi va\u0161o mizo ali pisarno. Popolno darilo za ljubitelje meditacije. \ud83c\udf44100 % ro\u010dno izdelana dekoracija \ud83c\udf44 \ud83d\udcd0Dimenzije:&#8230;<\/p>","protected":false},"featured_media":4174,"comment_status":"open","ping_status":"closed","template":"","meta":{"_kadence_starter_templates_imported_post":false,"_kad_post_transparent":"default","_kad_post_title":"","_kad_post_layout":"default","_kad_post_sidebar_id":"","_kad_post_content_style":"default","_kad_post_vertical_padding":"default","_kad_post_feature":"","_kad_post_feature_position":"","_kad_post_header":false,"_kad_post_footer":false},"product_brand":[],"product_cat":[1137],"product_tag":[1164,1146,1147,1145,1148,1162,1163,1150,1149],"class_list":{"0":"post-4173","1":"product","2":"type-product","3":"status-publish","4":"has-post-thumbnail","6":"product_cat-pyramids","7":"product_tag-forest_pyramid","8":"product_tag-green_forest_pyramid","9":"product_tag-green_ocean_pyramid","10":"product_tag-green_pyramid","11":"product_tag-handmade_resin_pyramid","12":"product_tag-moss_pyramid","13":"product_tag-mushrooms_pyramid","14":"product_tag-piramida_gozd","15":"product_tag-zelena_piramida","17":"first","18":"outofstock","19":"purchasable","20":"product-type-simple","21":"entry","22":"content-bg","23":"loop-entry"},"yoast_head":"<!-- This site is optimized with the Yoast SEO plugin v26.6 - https:\/\/yoast.com\/wordpress\/plugins\/seo\/ -->\n<title>Mini piramida z gobami in mahom - Mala s mora<\/title>\n<meta name=\"description\" content=\"Green resin pyramid with mushrooms moss and shells, Zelena piramida z gobami mahom in \u0161koljkami, Zelena piramida s gljivama mahovinom i \u0161koljkama\" \/>\n<meta name=\"robots\" content=\"index, follow, max-snippet:-1, max-image-preview:large, max-video-preview:-1\" \/>\n<link rel=\"canonical\" href=\"https:\/\/www.malasmora.si\/hr\/proizvod\/moss_and_mushrooms_pyramid\/\" \/>\n<meta property=\"og:locale\" content=\"hr_HR\" \/>\n<meta property=\"og:type\" content=\"article\" \/>\n<meta property=\"og:title\" content=\"Mini piramida z gobami in mahom - Mala s mora\" \/>\n<meta property=\"og:description\" content=\"Green resin pyramid with mushrooms moss and shells, Zelena piramida z gobami mahom in \u0161koljkami, Zelena piramida s gljivama mahovinom i \u0161koljkama\" \/>\n<meta property=\"og:url\" content=\"https:\/\/www.malasmora.si\/hr\/proizvod\/moss_and_mushrooms_pyramid\/\" \/>\n<meta property=\"og:site_name\" content=\"Mala s mora\" \/>\n<meta property=\"article:publisher\" content=\"https:\/\/www.facebook.com\/MalaSMoraArt\/\" \/>\n<meta property=\"article:modified_time\" content=\"2026-02-26T11:50:55+00:00\" \/>\n<meta property=\"og:image\" content=\"https:\/\/www.malasmora.si\/wp-content\/uploads\/2026\/02\/resin_pyramid_forest_mushroom-scaled.jpg\" \/>\n\t<meta property=\"og:image:width\" content=\"1920\" \/>\n\t<meta property=\"og:image:height\" content=\"2560\" \/>\n\t<meta property=\"og:image:type\" content=\"image\/jpeg\" \/>\n<meta name=\"twitter:card\" content=\"summary_large_image\" \/>\n<meta name=\"twitter:label1\" content=\"Procijenjeno vrijeme \u010ditanja\" \/>\n\t<meta name=\"twitter:data1\" content=\"2 minute\" \/>\n<script type=\"application\/ld+json\" class=\"yoast-schema-graph\">{\"@context\":\"https:\/\/schema.org\",\"@graph\":[{\"@type\":\"WebPage\",\"@id\":\"https:\/\/www.malasmora.si\/izdelek\/moss_and_mushrooms_pyramid\/\",\"url\":\"https:\/\/www.malasmora.si\/izdelek\/moss_and_mushrooms_pyramid\/\",\"name\":\"Mini piramida z gobami in mahom - Mala s mora\",\"isPartOf\":{\"@id\":\"https:\/\/www.malasmora.si\/#website\"},\"primaryImageOfPage\":{\"@id\":\"https:\/\/www.malasmora.si\/izdelek\/moss_and_mushrooms_pyramid\/#primaryimage\"},\"image\":{\"@id\":\"https:\/\/www.malasmora.si\/izdelek\/moss_and_mushrooms_pyramid\/#primaryimage\"},\"thumbnailUrl\":\"https:\/\/www.malasmora.si\/wp-content\/uploads\/2026\/02\/resin_pyramid_forest_mushroom-scaled.jpg\",\"datePublished\":\"2026-02-26T11:43:22+00:00\",\"dateModified\":\"2026-02-26T11:50:55+00:00\",\"description\":\"Green resin pyramid with mushrooms moss and shells, Zelena piramida z gobami mahom in \u0161koljkami, Zelena piramida s gljivama mahovinom i \u0161koljkama\",\"breadcrumb\":{\"@id\":\"https:\/\/www.malasmora.si\/izdelek\/moss_and_mushrooms_pyramid\/#breadcrumb\"},\"inLanguage\":\"hr\",\"potentialAction\":[{\"@type\":\"ReadAction\",\"target\":[\"https:\/\/www.malasmora.si\/izdelek\/moss_and_mushrooms_pyramid\/\"]}]},{\"@type\":\"ImageObject\",\"inLanguage\":\"hr\",\"@id\":\"https:\/\/www.malasmora.si\/izdelek\/moss_and_mushrooms_pyramid\/#primaryimage\",\"url\":\"https:\/\/www.malasmora.si\/wp-content\/uploads\/2026\/02\/resin_pyramid_forest_mushroom-scaled.jpg\",\"contentUrl\":\"https:\/\/www.malasmora.si\/wp-content\/uploads\/2026\/02\/resin_pyramid_forest_mushroom-scaled.jpg\",\"width\":1920,\"height\":2560,\"caption\":\"resin_pyramid_forest_mushroom\"},{\"@type\":\"BreadcrumbList\",\"@id\":\"https:\/\/www.malasmora.si\/izdelek\/moss_and_mushrooms_pyramid\/#breadcrumb\",\"itemListElement\":[{\"@type\":\"ListItem\",\"position\":1,\"name\":\"Home\",\"item\":\"https:\/\/www.malasmora.si\/\"},{\"@type\":\"ListItem\",\"position\":2,\"name\":\"Shop\",\"item\":\"https:\/\/www.malasmora.si\/shop\/\"},{\"@type\":\"ListItem\",\"position\":3,\"name\":\"Mini piramida z gobami in mahom\"}]},{\"@type\":\"WebSite\",\"@id\":\"https:\/\/www.malasmora.si\/#website\",\"url\":\"https:\/\/www.malasmora.si\/\",\"name\":\"Mala s mora\",\"description\":\"Ro\u010dno izdelan nakit iz epoksi smole\",\"publisher\":{\"@id\":\"https:\/\/www.malasmora.si\/#organization\"},\"potentialAction\":[{\"@type\":\"SearchAction\",\"target\":{\"@type\":\"EntryPoint\",\"urlTemplate\":\"https:\/\/www.malasmora.si\/?s={search_term_string}\"},\"query-input\":{\"@type\":\"PropertyValueSpecification\",\"valueRequired\":true,\"valueName\":\"search_term_string\"}}],\"inLanguage\":\"hr\"},{\"@type\":\"Organization\",\"@id\":\"https:\/\/www.malasmora.si\/#organization\",\"name\":\"Mala s mora\",\"url\":\"https:\/\/www.malasmora.si\/\",\"logo\":{\"@type\":\"ImageObject\",\"inLanguage\":\"hr\",\"@id\":\"https:\/\/www.malasmora.si\/#\/schema\/logo\/image\/\",\"url\":\"https:\/\/www.malasmora.si\/wp-content\/uploads\/2025\/07\/logo_novi_03.png\",\"contentUrl\":\"https:\/\/www.malasmora.si\/wp-content\/uploads\/2025\/07\/logo_novi_03.png\",\"width\":1536,\"height\":1024,\"caption\":\"Mala s mora\"},\"image\":{\"@id\":\"https:\/\/www.malasmora.si\/#\/schema\/logo\/image\/\"},\"sameAs\":[\"https:\/\/www.facebook.com\/MalaSMoraArt\/\"]}]}<\/script>\n<!-- \/ Yoast SEO plugin. -->","yoast_head_json":{"title":"Mini piramida z gobami in mahom - Mala s mora","description":"Green resin pyramid with mushrooms moss and shells, Zelena piramida z gobami mahom in \u0161koljkami, Zelena piramida s gljivama mahovinom i \u0161koljkama","robots":{"index":"index","follow":"follow","max-snippet":"max-snippet:-1","max-image-preview":"max-image-preview:large","max-video-preview":"max-video-preview:-1"},"canonical":"https:\/\/www.malasmora.si\/hr\/proizvod\/moss_and_mushrooms_pyramid\/","og_locale":"hr_HR","og_type":"article","og_title":"Mini piramida z gobami in mahom - Mala s mora","og_description":"Green resin pyramid with mushrooms moss and shells, Zelena piramida z gobami mahom in \u0161koljkami, Zelena piramida s gljivama mahovinom i \u0161koljkama","og_url":"https:\/\/www.malasmora.si\/hr\/proizvod\/moss_and_mushrooms_pyramid\/","og_site_name":"Mala s mora","article_publisher":"https:\/\/www.facebook.com\/MalaSMoraArt\/","article_modified_time":"2026-02-26T11:50:55+00:00","og_image":[{"width":1920,"height":2560,"url":"https:\/\/www.malasmora.si\/wp-content\/uploads\/2026\/02\/resin_pyramid_forest_mushroom-scaled.jpg","type":"image\/jpeg"}],"twitter_card":"summary_large_image","twitter_misc":{"Procijenjeno vrijeme \u010ditanja":"2 minute"},"schema":{"@context":"https:\/\/schema.org","@graph":[{"@type":"WebPage","@id":"https:\/\/www.malasmora.si\/izdelek\/moss_and_mushrooms_pyramid\/","url":"https:\/\/www.malasmora.si\/izdelek\/moss_and_mushrooms_pyramid\/","name":"Mini piramida z gobami in mahom - Mala s mora","isPartOf":{"@id":"https:\/\/www.malasmora.si\/#website"},"primaryImageOfPage":{"@id":"https:\/\/www.malasmora.si\/izdelek\/moss_and_mushrooms_pyramid\/#primaryimage"},"image":{"@id":"https:\/\/www.malasmora.si\/izdelek\/moss_and_mushrooms_pyramid\/#primaryimage"},"thumbnailUrl":"https:\/\/www.malasmora.si\/wp-content\/uploads\/2026\/02\/resin_pyramid_forest_mushroom-scaled.jpg","datePublished":"2026-02-26T11:43:22+00:00","dateModified":"2026-02-26T11:50:55+00:00","description":"Green resin pyramid with mushrooms moss and shells, Zelena piramida z gobami mahom in \u0161koljkami, Zelena piramida s gljivama mahovinom i \u0161koljkama","breadcrumb":{"@id":"https:\/\/www.malasmora.si\/izdelek\/moss_and_mushrooms_pyramid\/#breadcrumb"},"inLanguage":"hr","potentialAction":[{"@type":"ReadAction","target":["https:\/\/www.malasmora.si\/izdelek\/moss_and_mushrooms_pyramid\/"]}]},{"@type":"ImageObject","inLanguage":"hr","@id":"https:\/\/www.malasmora.si\/izdelek\/moss_and_mushrooms_pyramid\/#primaryimage","url":"https:\/\/www.malasmora.si\/wp-content\/uploads\/2026\/02\/resin_pyramid_forest_mushroom-scaled.jpg","contentUrl":"https:\/\/www.malasmora.si\/wp-content\/uploads\/2026\/02\/resin_pyramid_forest_mushroom-scaled.jpg","width":1920,"height":2560,"caption":"resin_pyramid_forest_mushroom"},{"@type":"BreadcrumbList","@id":"https:\/\/www.malasmora.si\/izdelek\/moss_and_mushrooms_pyramid\/#breadcrumb","itemListElement":[{"@type":"ListItem","position":1,"name":"Home","item":"https:\/\/www.malasmora.si\/"},{"@type":"ListItem","position":2,"name":"Shop","item":"https:\/\/www.malasmora.si\/shop\/"},{"@type":"ListItem","position":3,"name":"Mini piramida z gobami in mahom"}]},{"@type":"WebSite","@id":"https:\/\/www.malasmora.si\/#website","url":"https:\/\/www.malasmora.si\/","name":"Mala s mora","description":"Ro\u010dno izdelan nakit iz epoksi smole","publisher":{"@id":"https:\/\/www.malasmora.si\/#organization"},"potentialAction":[{"@type":"SearchAction","target":{"@type":"EntryPoint","urlTemplate":"https:\/\/www.malasmora.si\/?s={search_term_string}"},"query-input":{"@type":"PropertyValueSpecification","valueRequired":true,"valueName":"search_term_string"}}],"inLanguage":"hr"},{"@type":"Organization","@id":"https:\/\/www.malasmora.si\/#organization","name":"Mala s mora","url":"https:\/\/www.malasmora.si\/","logo":{"@type":"ImageObject","inLanguage":"hr","@id":"https:\/\/www.malasmora.si\/#\/schema\/logo\/image\/","url":"https:\/\/www.malasmora.si\/wp-content\/uploads\/2025\/07\/logo_novi_03.png","contentUrl":"https:\/\/www.malasmora.si\/wp-content\/uploads\/2025\/07\/logo_novi_03.png","width":1536,"height":1024,"caption":"Mala s mora"},"image":{"@id":"https:\/\/www.malasmora.si\/#\/schema\/logo\/image\/"},"sameAs":["https:\/\/www.facebook.com\/MalaSMoraArt\/"]}]}},"_links":{"self":[{"href":"https:\/\/www.malasmora.si\/hr\/wp-json\/wp\/v2\/product\/4173","targetHints":{"allow":["GET"]}}],"collection":[{"href":"https:\/\/www.malasmora.si\/hr\/wp-json\/wp\/v2\/product"}],"about":[{"href":"https:\/\/www.malasmora.si\/hr\/wp-json\/wp\/v2\/types\/product"}],"replies":[{"embeddable":true,"href":"https:\/\/www.malasmora.si\/hr\/wp-json\/wp\/v2\/comments?post=4173"}],"wp:featuredmedia":[{"embeddable":true,"href":"https:\/\/www.malasmora.si\/hr\/wp-json\/wp\/v2\/media\/4174"}],"wp:attachment":[{"href":"https:\/\/www.malasmora.si\/hr\/wp-json\/wp\/v2\/media?parent=4173"}],"wp:term":[{"taxonomy":"product_brand","embeddable":true,"href":"https:\/\/www.malasmora.si\/hr\/wp-json\/wp\/v2\/product_brand?post=4173"},{"taxonomy":"product_cat","embeddable":true,"href":"https:\/\/www.malasmora.si\/hr\/wp-json\/wp\/v2\/product_cat?post=4173"},{"taxonomy":"product_tag","embeddable":true,"href":"https:\/\/www.malasmora.si\/hr\/wp-json\/wp\/v2\/product_tag?post=4173"}],"curies":[{"name":"wp","href":"https:\/\/api.w.org\/{rel}","templated":true}]}}